{"id":7182,"date":"2020-11-11T23:25:38","date_gmt":"2020-11-11T23:25:38","guid":{"rendered":"http:\/\/papelarte.com.uy\/\/producto\/pintura-para-tela-acrilex-37ml-mate\/"},"modified":"2024-07-31T15:42:31","modified_gmt":"2024-07-31T18:42:31","slug":"pop-up-inicio","status":"publish","type":"product","link":"https:\/\/papelarte.com.uy\/minorista\/producto\/pop-up-inicio\/","title":{"rendered":"Pintura para tela acrilex 37ml"},"content":{"rendered":"<p>&#8211;Pintura de tela acrilex 37ml mate<\/p>\n<ul>\n<li>Indicada para telas de algod\u00f3n no engomadas<\/li>\n<li>Excelente cobertura y resistencia a lavados<\/li>\n<li>Fijaci\u00f3n en fr\u00edo<\/li>\n<li>Lista para uso<\/li>\n<li>Modo de uso: La superficie a pintar debe estar seca y limpia. Aplicar con pincel, esponja o sello de goma. Esperar un m\u00ednimo de 72 horas para poder lavar la tela una vez termine el trabajo. Puede diluir la pintura en diluyente de pintura para tela. Esto le permitir\u00e1 retrasar el secado, mezclar colores y lograr efectos de sombreado. Se mantendr\u00e1 el poder de fijaci\u00f3n y la resistencia al lavado.<\/li>\n<\/ul>\n<p>&nbsp;<\/p>\n","protected":false},"excerpt":{"rendered":"<p>&#8211;Pintura de tela acrilex 37ml mate Indicada para telas de algod\u00f3n no engomadas Excelente cobertura y resistencia a lavados Fijaci\u00f3n en fr\u00edo Lista para uso Modo de uso: La superficie a pintar debe estar seca y limpia. Aplicar con pincel, esponja o sello de goma. Esperar un m\u00ednimo de 72 horas para poder lavar la [&hellip;]<\/p>\n","protected":false},"featured_media":13388,"comment_status":"closed","ping_status":"closed","template":"","meta":{"_joinchat":[]},"product_brand":[],"product_cat":[3403,4786,4787,2622,3002,2867,4788,4785],"product_tag":[4797,4794,4795,4796],"class_list":{"0":"post-7182","1":"product","2":"type-product","3":"status-publish","4":"has-post-thumbnail","6":"product_cat-acrilex","7":"product_cat-escolares","8":"product_cat-liceos","9":"product_cat-papeleria","10":"product_cat-pintura-para-tela","11":"product_cat-pinturas-manualidades","12":"product_cat-unioversitarios","13":"product_cat-vuelta-a-clases","14":"product_tag-escolares","15":"product_tag-liceales","16":"product_tag-universitarios","17":"product_tag-vuelta-a-clases","19":"first","20":"instock","21":"shipping-taxable","22":"purchasable","23":"product-type-variable"},"bundled_by":[],"bundle_stock_status":"instock","bundle_stock_quantity":null,"bundle_virtual":false,"bundle_layout":"","bundle_add_to_cart_form_location":"","bundle_editable_in_cart":false,"bundle_sold_individually_context":"","bundle_item_grouping":"","bundle_min_size":"","bundle_max_size":"","bundle_price":[],"bundled_items":[],"bundle_sell_ids":[],"yoast_head":"<!-- This site is optimized with the Yoast SEO plugin v26.5 - https:\/\/yoast.com\/wordpress\/plugins\/seo\/ -->\n<title>Pintura para tela acrilex 37ml - Papelarte<\/title>\n<meta name=\"description\" content=\"Pintura para tela acrilex 37ml mate Indicada para telas de algod\u00f3n no engomadas Excelente cobertura y resistencia a lavados\" \/>\n<meta name=\"robots\" content=\"index, follow, max-snippet:-1, max-image-preview:large, max-video-preview:-1\" \/>\n<link rel=\"canonical\" href=\"https:\/\/papelarte.com.uy\/minorista\/minorista\/producto\/pop-up-inicio\/\" \/>\n<meta property=\"og:locale\" content=\"es_ES\" \/>\n<meta property=\"og:type\" content=\"article\" \/>\n<meta property=\"og:title\" content=\"Pintura para tela acrilex 37ml - Papelarte\" \/>\n<meta property=\"og:description\" content=\"Pintura para tela acrilex 37ml mate Indicada para telas de algod\u00f3n no engomadas Excelente cobertura y resistencia a lavados\" \/>\n<meta property=\"og:url\" content=\"https:\/\/papelarte.com.uy\/minorista\/minorista\/producto\/pop-up-inicio\/\" \/>\n<meta property=\"og:site_name\" content=\"Papelarte\" \/>\n<meta property=\"article:modified_time\" content=\"2024-07-31T18:42:31+00:00\" \/>\n<meta property=\"og:image\" content=\"https:\/\/papelarte.com.uy\/minorista\/minorista\/wp-content\/uploads\/2020\/11\/36162.webp\" \/>\n\t<meta property=\"og:image:width\" content=\"700\" \/>\n\t<meta property=\"og:image:height\" content=\"700\" \/>\n\t<meta property=\"og:image:type\" content=\"image\/webp\" \/>\n<meta name=\"twitter:card\" content=\"summary_large_image\" \/>\n<meta name=\"twitter:label1\" content=\"Tiempo de lectura\" \/>\n\t<meta name=\"twitter:data1\" content=\"1 minuto\" \/>\n<script type=\"application\/ld+json\" class=\"yoast-schema-graph\">{\"@context\":\"https:\/\/schema.org\",\"@graph\":[{\"@type\":\"WebPage\",\"@id\":\"https:\/\/papelarte.com.uy\/minorista\/minorista\/producto\/pop-up-inicio\/\",\"url\":\"https:\/\/papelarte.com.uy\/minorista\/minorista\/producto\/pop-up-inicio\/\",\"name\":\"Pintura para tela acrilex 37ml - Papelarte\",\"isPartOf\":{\"@id\":\"https:\/\/papelarte.com.uy\/minorista\/minorista\/#website\"},\"primaryImageOfPage\":{\"@id\":\"https:\/\/papelarte.com.uy\/minorista\/minorista\/producto\/pop-up-inicio\/#primaryimage\"},\"image\":{\"@id\":\"https:\/\/papelarte.com.uy\/minorista\/minorista\/producto\/pop-up-inicio\/#primaryimage\"},\"thumbnailUrl\":\"https:\/\/papelarte.com.uy\/minorista\/wp-content\/uploads\/2020\/11\/36162.webp\",\"datePublished\":\"2020-11-11T23:25:38+00:00\",\"dateModified\":\"2024-07-31T18:42:31+00:00\",\"description\":\"Pintura para tela acrilex 37ml mate Indicada para telas de algod\u00f3n no engomadas Excelente cobertura y resistencia a lavados\",\"breadcrumb\":{\"@id\":\"https:\/\/papelarte.com.uy\/minorista\/minorista\/producto\/pop-up-inicio\/#breadcrumb\"},\"inLanguage\":\"es\",\"potentialAction\":[{\"@type\":\"ReadAction\",\"target\":[\"https:\/\/papelarte.com.uy\/minorista\/minorista\/producto\/pop-up-inicio\/\"]}]},{\"@type\":\"ImageObject\",\"inLanguage\":\"es\",\"@id\":\"https:\/\/papelarte.com.uy\/minorista\/minorista\/producto\/pop-up-inicio\/#primaryimage\",\"url\":\"https:\/\/papelarte.com.uy\/minorista\/wp-content\/uploads\/2020\/11\/36162.webp\",\"contentUrl\":\"https:\/\/papelarte.com.uy\/minorista\/wp-content\/uploads\/2020\/11\/36162.webp\",\"width\":700,\"height\":700,\"caption\":\"pintura de tela\"},{\"@type\":\"BreadcrumbList\",\"@id\":\"https:\/\/papelarte.com.uy\/minorista\/minorista\/producto\/pop-up-inicio\/#breadcrumb\",\"itemListElement\":[{\"@type\":\"ListItem\",\"position\":1,\"name\":\"Portada\",\"item\":\"https:\/\/papelarte.com.uy\/minorista\/minorista\/\"},{\"@type\":\"ListItem\",\"position\":2,\"name\":\"Productos\",\"item\":\"https:\/\/papelarte.com.uy\/minorista\/minorista\/tienda\/\"},{\"@type\":\"ListItem\",\"position\":3,\"name\":\"Pintura para tela acrilex 37ml\"}]},{\"@type\":\"WebSite\",\"@id\":\"https:\/\/papelarte.com.uy\/minorista\/minorista\/#website\",\"url\":\"https:\/\/papelarte.com.uy\/minorista\/minorista\/\",\"name\":\"Papelarte\",\"description\":\"Papeler\u00eda Uruguay\",\"publisher\":{\"@id\":\"https:\/\/papelarte.com.uy\/minorista\/minorista\/#organization\"},\"potentialAction\":[{\"@type\":\"SearchAction\",\"target\":{\"@type\":\"EntryPoint\",\"urlTemplate\":\"https:\/\/papelarte.com.uy\/minorista\/minorista\/?s={search_term_string}\"},\"query-input\":{\"@type\":\"PropertyValueSpecification\",\"valueRequired\":true,\"valueName\":\"search_term_string\"}}],\"inLanguage\":\"es\"},{\"@type\":\"Organization\",\"@id\":\"https:\/\/papelarte.com.uy\/minorista\/minorista\/#organization\",\"name\":\"Papelarte\",\"url\":\"https:\/\/papelarte.com.uy\/minorista\/minorista\/\",\"logo\":{\"@type\":\"ImageObject\",\"inLanguage\":\"es\",\"@id\":\"https:\/\/papelarte.com.uy\/minorista\/minorista\/#\/schema\/logo\/image\/\",\"url\":\"https:\/\/papelarte.com.uy\/minorista\/wp-content\/uploads\/2023\/03\/logo-papelarte.png\",\"contentUrl\":\"https:\/\/papelarte.com.uy\/minorista\/wp-content\/uploads\/2023\/03\/logo-papelarte.png\",\"width\":568,\"height\":230,\"caption\":\"Papelarte\"},\"image\":{\"@id\":\"https:\/\/papelarte.com.uy\/minorista\/minorista\/#\/schema\/logo\/image\/\"}}]}<\/script>\n<!-- \/ Yoast SEO plugin. -->","yoast_head_json":{"title":"Pintura para tela acrilex 37ml - Papelarte","description":"Pintura para tela acrilex 37ml mate Indicada para telas de algod\u00f3n no engomadas Excelente cobertura y resistencia a lavados","robots":{"index":"index","follow":"follow","max-snippet":"max-snippet:-1","max-image-preview":"max-image-preview:large","max-video-preview":"max-video-preview:-1"},"canonical":"https:\/\/papelarte.com.uy\/minorista\/minorista\/producto\/pop-up-inicio\/","og_locale":"es_ES","og_type":"article","og_title":"Pintura para tela acrilex 37ml - Papelarte","og_description":"Pintura para tela acrilex 37ml mate Indicada para telas de algod\u00f3n no engomadas Excelente cobertura y resistencia a lavados","og_url":"https:\/\/papelarte.com.uy\/minorista\/minorista\/producto\/pop-up-inicio\/","og_site_name":"Papelarte","article_modified_time":"2024-07-31T18:42:31+00:00","og_image":[{"width":700,"height":700,"url":"https:\/\/papelarte.com.uy\/minorista\/minorista\/wp-content\/uploads\/2020\/11\/36162.webp","type":"image\/webp"}],"twitter_card":"summary_large_image","twitter_misc":{"Tiempo de lectura":"1 minuto"},"schema":{"@context":"https:\/\/schema.org","@graph":[{"@type":"WebPage","@id":"https:\/\/papelarte.com.uy\/minorista\/minorista\/producto\/pop-up-inicio\/","url":"https:\/\/papelarte.com.uy\/minorista\/minorista\/producto\/pop-up-inicio\/","name":"Pintura para tela acrilex 37ml - Papelarte","isPartOf":{"@id":"https:\/\/papelarte.com.uy\/minorista\/minorista\/#website"},"primaryImageOfPage":{"@id":"https:\/\/papelarte.com.uy\/minorista\/minorista\/producto\/pop-up-inicio\/#primaryimage"},"image":{"@id":"https:\/\/papelarte.com.uy\/minorista\/minorista\/producto\/pop-up-inicio\/#primaryimage"},"thumbnailUrl":"https:\/\/papelarte.com.uy\/minorista\/wp-content\/uploads\/2020\/11\/36162.webp","datePublished":"2020-11-11T23:25:38+00:00","dateModified":"2024-07-31T18:42:31+00:00","description":"Pintura para tela acrilex 37ml mate Indicada para telas de algod\u00f3n no engomadas Excelente cobertura y resistencia a lavados","breadcrumb":{"@id":"https:\/\/papelarte.com.uy\/minorista\/minorista\/producto\/pop-up-inicio\/#breadcrumb"},"inLanguage":"es","potentialAction":[{"@type":"ReadAction","target":["https:\/\/papelarte.com.uy\/minorista\/minorista\/producto\/pop-up-inicio\/"]}]},{"@type":"ImageObject","inLanguage":"es","@id":"https:\/\/papelarte.com.uy\/minorista\/minorista\/producto\/pop-up-inicio\/#primaryimage","url":"https:\/\/papelarte.com.uy\/minorista\/wp-content\/uploads\/2020\/11\/36162.webp","contentUrl":"https:\/\/papelarte.com.uy\/minorista\/wp-content\/uploads\/2020\/11\/36162.webp","width":700,"height":700,"caption":"pintura de tela"},{"@type":"BreadcrumbList","@id":"https:\/\/papelarte.com.uy\/minorista\/minorista\/producto\/pop-up-inicio\/#breadcrumb","itemListElement":[{"@type":"ListItem","position":1,"name":"Portada","item":"https:\/\/papelarte.com.uy\/minorista\/minorista\/"},{"@type":"ListItem","position":2,"name":"Productos","item":"https:\/\/papelarte.com.uy\/minorista\/minorista\/tienda\/"},{"@type":"ListItem","position":3,"name":"Pintura para tela acrilex 37ml"}]},{"@type":"WebSite","@id":"https:\/\/papelarte.com.uy\/minorista\/minorista\/#website","url":"https:\/\/papelarte.com.uy\/minorista\/minorista\/","name":"Papelarte","description":"Papeler\u00eda Uruguay","publisher":{"@id":"https:\/\/papelarte.com.uy\/minorista\/minorista\/#organization"},"potentialAction":[{"@type":"SearchAction","target":{"@type":"EntryPoint","urlTemplate":"https:\/\/papelarte.com.uy\/minorista\/minorista\/?s={search_term_string}"},"query-input":{"@type":"PropertyValueSpecification","valueRequired":true,"valueName":"search_term_string"}}],"inLanguage":"es"},{"@type":"Organization","@id":"https:\/\/papelarte.com.uy\/minorista\/minorista\/#organization","name":"Papelarte","url":"https:\/\/papelarte.com.uy\/minorista\/minorista\/","logo":{"@type":"ImageObject","inLanguage":"es","@id":"https:\/\/papelarte.com.uy\/minorista\/minorista\/#\/schema\/logo\/image\/","url":"https:\/\/papelarte.com.uy\/minorista\/wp-content\/uploads\/2023\/03\/logo-papelarte.png","contentUrl":"https:\/\/papelarte.com.uy\/minorista\/wp-content\/uploads\/2023\/03\/logo-papelarte.png","width":568,"height":230,"caption":"Papelarte"},"image":{"@id":"https:\/\/papelarte.com.uy\/minorista\/minorista\/#\/schema\/logo\/image\/"}}]}},"_links":{"self":[{"href":"https:\/\/papelarte.com.uy\/minorista\/wp-json\/wp\/v2\/product\/7182","targetHints":{"allow":["GET"]}}],"collection":[{"href":"https:\/\/papelarte.com.uy\/minorista\/wp-json\/wp\/v2\/product"}],"about":[{"href":"https:\/\/papelarte.com.uy\/minorista\/wp-json\/wp\/v2\/types\/product"}],"replies":[{"embeddable":true,"href":"https:\/\/papelarte.com.uy\/minorista\/wp-json\/wp\/v2\/comments?post=7182"}],"wp:featuredmedia":[{"embeddable":true,"href":"https:\/\/papelarte.com.uy\/minorista\/wp-json\/wp\/v2\/media\/13388"}],"wp:attachment":[{"href":"https:\/\/papelarte.com.uy\/minorista\/wp-json\/wp\/v2\/media?parent=7182"}],"wp:term":[{"taxonomy":"product_brand","embeddable":true,"href":"https:\/\/papelarte.com.uy\/minorista\/wp-json\/wp\/v2\/product_brand?post=7182"},{"taxonomy":"product_cat","embeddable":true,"href":"https:\/\/papelarte.com.uy\/minorista\/wp-json\/wp\/v2\/product_cat?post=7182"},{"taxonomy":"product_tag","embeddable":true,"href":"https:\/\/papelarte.com.uy\/minorista\/wp-json\/wp\/v2\/product_tag?post=7182"}],"curies":[{"name":"wp","href":"https:\/\/api.w.org\/{rel}","templated":true}]}}