{"id":6077,"date":"2023-02-10T23:10:51","date_gmt":"2023-02-10T23:10:51","guid":{"rendered":"http:\/\/papelarte.com.uy\/\/?post_type=product&#038;p=6077"},"modified":"2024-07-31T15:45:10","modified_gmt":"2024-07-31T18:45:10","slug":"sobre-plastico-a5-apaisado","status":"publish","type":"product","link":"https:\/\/papelarte.com.uy\/minorista\/producto\/sobre-plastico-a5-apaisado\/","title":{"rendered":"Sobre plastico a5 apaisado"},"content":{"rendered":"<p>Sobre plastico a5 apaisado<\/p>\n<div class=\" collapse-view collapse-view--overflow\" data-bound-component=\"oroui\/js\/app\/components\/viewport-component\">\n<div class=\"collapse-view__container cms-typography\" data-collapse-container=\"\">\n<div id=\"isolation-scope-dbq804oxoeqauadps8ye134788\">\n<div>\n<p>Sobre horizontal verde transl\u00facido tama\u00f1o A5.<\/p>\n<\/div>\n<div>\n<ul>\n<li>Cierre con broche que permite una mayor protecci\u00f3n de la humedad.<\/li>\n<\/ul>\n<\/div>\n<div class=\"row\">\n<div id=\"itu4\" class=\"cell\"><img decoding=\"async\" src=\"http:\/\/papelarte.com.uy\/\/wp-content\/uploads\/2023\/05\/6246102eeeca4998643675.png\" alt=\"icono-eco-friendly\" \/><\/div>\n<div id=\"i28s\" class=\"cell\">\n<div id=\"iuv6j\">Producto fabricado en polipropileno. Este es un material totalmente reciclable, su incineraci\u00f3n no tiene ning\u00fan efecto contaminante, y su tecnolog\u00eda de producci\u00f3n es la de menor impacto ambiental.<\/div>\n<\/div>\n<\/div>\n<\/div>\n<\/div>\n<\/div>\n<div class=\" product-view__general\">\n<div class=\" product-view-specification-container\">\n<div class=\"product-view__attributes-container\">\n<div class=\"product-attribute modelo attribute_text\"><span class=\"attribute-label\">Modelo<\/span><span class=\"attribute-value\">apaisado<\/span><\/div>\n<\/div>\n<\/div>\n<\/div>\n","protected":false},"excerpt":{"rendered":"<p>Sobre plastico a5 apaisado Sobre horizontal verde transl\u00facido tama\u00f1o A5. Cierre con broche que permite una mayor protecci\u00f3n de la humedad. Producto fabricado en polipropileno. Este es un material totalmente reciclable, su incineraci\u00f3n no tiene ning\u00fan efecto contaminante, y su tecnolog\u00eda de producci\u00f3n es la de menor impacto ambiental. Modeloapaisado<\/p>\n","protected":false},"featured_media":9354,"comment_status":"closed","ping_status":"closed","template":"","meta":{"_joinchat":[]},"product_brand":[],"product_cat":[2869,4786,4787,2622,2876,4788,4785],"product_tag":[4797,4794,4795,4796],"class_list":{"0":"post-6077","1":"product","2":"type-product","3":"status-publish","4":"has-post-thumbnail","6":"product_cat-archivo-y-clasificacion","7":"product_cat-escolares","8":"product_cat-liceos","9":"product_cat-papeleria","10":"product_cat-sobres-plasticos","11":"product_cat-unioversitarios","12":"product_cat-vuelta-a-clases","13":"product_tag-escolares","14":"product_tag-liceales","15":"product_tag-universitarios","16":"product_tag-vuelta-a-clases","18":"first","19":"instock","20":"shipping-taxable","21":"purchasable","22":"product-type-simple"},"bundled_by":[],"bundle_stock_status":"instock","bundle_stock_quantity":null,"bundle_virtual":false,"bundle_layout":"","bundle_add_to_cart_form_location":"","bundle_editable_in_cart":false,"bundle_sold_individually_context":"","bundle_item_grouping":"","bundle_min_size":"","bundle_max_size":"","bundle_price":[],"bundled_items":[],"bundle_sell_ids":[],"yoast_head":"<!-- This site is optimized with the Yoast SEO plugin v26.5 - https:\/\/yoast.com\/wordpress\/plugins\/seo\/ -->\n<title>Sobre plastico a5 apaisado - Papelarte<\/title>\n<meta name=\"description\" content=\"Sobre plastico a5 apaisado\" \/>\n<meta name=\"robots\" content=\"index, follow, max-snippet:-1, max-image-preview:large, max-video-preview:-1\" \/>\n<link rel=\"canonical\" href=\"https:\/\/papelarte.com.uy\/minorista\/minorista\/producto\/sobre-plastico-a5-apaisado\/\" \/>\n<meta property=\"og:locale\" content=\"es_ES\" \/>\n<meta property=\"og:type\" content=\"article\" \/>\n<meta property=\"og:title\" content=\"Sobre plastico a5 apaisado - Papelarte\" \/>\n<meta property=\"og:description\" content=\"Sobre plastico a5 apaisado\" \/>\n<meta property=\"og:url\" content=\"https:\/\/papelarte.com.uy\/minorista\/minorista\/producto\/sobre-plastico-a5-apaisado\/\" \/>\n<meta property=\"og:site_name\" content=\"Papelarte\" \/>\n<meta property=\"article:modified_time\" content=\"2024-07-31T18:45:10+00:00\" \/>\n<meta property=\"og:image\" content=\"https:\/\/papelarte.com.uy\/minorista\/minorista\/wp-content\/uploads\/2023\/02\/6117bab59f7d5984301565.png\" \/>\n\t<meta property=\"og:image:width\" content=\"600\" \/>\n\t<meta property=\"og:image:height\" content=\"600\" \/>\n\t<meta property=\"og:image:type\" content=\"image\/png\" \/>\n<meta name=\"twitter:card\" content=\"summary_large_image\" \/>\n<meta name=\"twitter:label1\" content=\"Tiempo de lectura\" \/>\n\t<meta name=\"twitter:data1\" content=\"1 minuto\" \/>\n<script type=\"application\/ld+json\" class=\"yoast-schema-graph\">{\"@context\":\"https:\/\/schema.org\",\"@graph\":[{\"@type\":\"WebPage\",\"@id\":\"https:\/\/papelarte.com.uy\/minorista\/minorista\/producto\/sobre-plastico-a5-apaisado\/\",\"url\":\"https:\/\/papelarte.com.uy\/minorista\/minorista\/producto\/sobre-plastico-a5-apaisado\/\",\"name\":\"Sobre plastico a5 apaisado - Papelarte\",\"isPartOf\":{\"@id\":\"https:\/\/papelarte.com.uy\/minorista\/minorista\/#website\"},\"primaryImageOfPage\":{\"@id\":\"https:\/\/papelarte.com.uy\/minorista\/minorista\/producto\/sobre-plastico-a5-apaisado\/#primaryimage\"},\"image\":{\"@id\":\"https:\/\/papelarte.com.uy\/minorista\/minorista\/producto\/sobre-plastico-a5-apaisado\/#primaryimage\"},\"thumbnailUrl\":\"https:\/\/papelarte.com.uy\/minorista\/wp-content\/uploads\/2023\/02\/6117bab59f7d5984301565.png\",\"datePublished\":\"2023-02-10T23:10:51+00:00\",\"dateModified\":\"2024-07-31T18:45:10+00:00\",\"description\":\"Sobre plastico a5 apaisado\",\"breadcrumb\":{\"@id\":\"https:\/\/papelarte.com.uy\/minorista\/minorista\/producto\/sobre-plastico-a5-apaisado\/#breadcrumb\"},\"inLanguage\":\"es\",\"potentialAction\":[{\"@type\":\"ReadAction\",\"target\":[\"https:\/\/papelarte.com.uy\/minorista\/minorista\/producto\/sobre-plastico-a5-apaisado\/\"]}]},{\"@type\":\"ImageObject\",\"inLanguage\":\"es\",\"@id\":\"https:\/\/papelarte.com.uy\/minorista\/minorista\/producto\/sobre-plastico-a5-apaisado\/#primaryimage\",\"url\":\"https:\/\/papelarte.com.uy\/minorista\/wp-content\/uploads\/2023\/02\/6117bab59f7d5984301565.png\",\"contentUrl\":\"https:\/\/papelarte.com.uy\/minorista\/wp-content\/uploads\/2023\/02\/6117bab59f7d5984301565.png\",\"width\":600,\"height\":600},{\"@type\":\"BreadcrumbList\",\"@id\":\"https:\/\/papelarte.com.uy\/minorista\/minorista\/producto\/sobre-plastico-a5-apaisado\/#breadcrumb\",\"itemListElement\":[{\"@type\":\"ListItem\",\"position\":1,\"name\":\"Portada\",\"item\":\"https:\/\/papelarte.com.uy\/minorista\/minorista\/\"},{\"@type\":\"ListItem\",\"position\":2,\"name\":\"Productos\",\"item\":\"https:\/\/papelarte.com.uy\/minorista\/minorista\/tienda\/\"},{\"@type\":\"ListItem\",\"position\":3,\"name\":\"Sobre plastico a5 apaisado\"}]},{\"@type\":\"WebSite\",\"@id\":\"https:\/\/papelarte.com.uy\/minorista\/minorista\/#website\",\"url\":\"https:\/\/papelarte.com.uy\/minorista\/minorista\/\",\"name\":\"Papelarte\",\"description\":\"Papeler\u00eda Uruguay\",\"publisher\":{\"@id\":\"https:\/\/papelarte.com.uy\/minorista\/minorista\/#organization\"},\"potentialAction\":[{\"@type\":\"SearchAction\",\"target\":{\"@type\":\"EntryPoint\",\"urlTemplate\":\"https:\/\/papelarte.com.uy\/minorista\/minorista\/?s={search_term_string}\"},\"query-input\":{\"@type\":\"PropertyValueSpecification\",\"valueRequired\":true,\"valueName\":\"search_term_string\"}}],\"inLanguage\":\"es\"},{\"@type\":\"Organization\",\"@id\":\"https:\/\/papelarte.com.uy\/minorista\/minorista\/#organization\",\"name\":\"Papelarte\",\"url\":\"https:\/\/papelarte.com.uy\/minorista\/minorista\/\",\"logo\":{\"@type\":\"ImageObject\",\"inLanguage\":\"es\",\"@id\":\"https:\/\/papelarte.com.uy\/minorista\/minorista\/#\/schema\/logo\/image\/\",\"url\":\"https:\/\/papelarte.com.uy\/minorista\/wp-content\/uploads\/2023\/03\/logo-papelarte.png\",\"contentUrl\":\"https:\/\/papelarte.com.uy\/minorista\/wp-content\/uploads\/2023\/03\/logo-papelarte.png\",\"width\":568,\"height\":230,\"caption\":\"Papelarte\"},\"image\":{\"@id\":\"https:\/\/papelarte.com.uy\/minorista\/minorista\/#\/schema\/logo\/image\/\"}}]}<\/script>\n<!-- \/ Yoast SEO plugin. -->","yoast_head_json":{"title":"Sobre plastico a5 apaisado - Papelarte","description":"Sobre plastico a5 apaisado","robots":{"index":"index","follow":"follow","max-snippet":"max-snippet:-1","max-image-preview":"max-image-preview:large","max-video-preview":"max-video-preview:-1"},"canonical":"https:\/\/papelarte.com.uy\/minorista\/minorista\/producto\/sobre-plastico-a5-apaisado\/","og_locale":"es_ES","og_type":"article","og_title":"Sobre plastico a5 apaisado - Papelarte","og_description":"Sobre plastico a5 apaisado","og_url":"https:\/\/papelarte.com.uy\/minorista\/minorista\/producto\/sobre-plastico-a5-apaisado\/","og_site_name":"Papelarte","article_modified_time":"2024-07-31T18:45:10+00:00","og_image":[{"width":600,"height":600,"url":"https:\/\/papelarte.com.uy\/minorista\/minorista\/wp-content\/uploads\/2023\/02\/6117bab59f7d5984301565.png","type":"image\/png"}],"twitter_card":"summary_large_image","twitter_misc":{"Tiempo de lectura":"1 minuto"},"schema":{"@context":"https:\/\/schema.org","@graph":[{"@type":"WebPage","@id":"https:\/\/papelarte.com.uy\/minorista\/minorista\/producto\/sobre-plastico-a5-apaisado\/","url":"https:\/\/papelarte.com.uy\/minorista\/minorista\/producto\/sobre-plastico-a5-apaisado\/","name":"Sobre plastico a5 apaisado - Papelarte","isPartOf":{"@id":"https:\/\/papelarte.com.uy\/minorista\/minorista\/#website"},"primaryImageOfPage":{"@id":"https:\/\/papelarte.com.uy\/minorista\/minorista\/producto\/sobre-plastico-a5-apaisado\/#primaryimage"},"image":{"@id":"https:\/\/papelarte.com.uy\/minorista\/minorista\/producto\/sobre-plastico-a5-apaisado\/#primaryimage"},"thumbnailUrl":"https:\/\/papelarte.com.uy\/minorista\/wp-content\/uploads\/2023\/02\/6117bab59f7d5984301565.png","datePublished":"2023-02-10T23:10:51+00:00","dateModified":"2024-07-31T18:45:10+00:00","description":"Sobre plastico a5 apaisado","breadcrumb":{"@id":"https:\/\/papelarte.com.uy\/minorista\/minorista\/producto\/sobre-plastico-a5-apaisado\/#breadcrumb"},"inLanguage":"es","potentialAction":[{"@type":"ReadAction","target":["https:\/\/papelarte.com.uy\/minorista\/minorista\/producto\/sobre-plastico-a5-apaisado\/"]}]},{"@type":"ImageObject","inLanguage":"es","@id":"https:\/\/papelarte.com.uy\/minorista\/minorista\/producto\/sobre-plastico-a5-apaisado\/#primaryimage","url":"https:\/\/papelarte.com.uy\/minorista\/wp-content\/uploads\/2023\/02\/6117bab59f7d5984301565.png","contentUrl":"https:\/\/papelarte.com.uy\/minorista\/wp-content\/uploads\/2023\/02\/6117bab59f7d5984301565.png","width":600,"height":600},{"@type":"BreadcrumbList","@id":"https:\/\/papelarte.com.uy\/minorista\/minorista\/producto\/sobre-plastico-a5-apaisado\/#breadcrumb","itemListElement":[{"@type":"ListItem","position":1,"name":"Portada","item":"https:\/\/papelarte.com.uy\/minorista\/minorista\/"},{"@type":"ListItem","position":2,"name":"Productos","item":"https:\/\/papelarte.com.uy\/minorista\/minorista\/tienda\/"},{"@type":"ListItem","position":3,"name":"Sobre plastico a5 apaisado"}]},{"@type":"WebSite","@id":"https:\/\/papelarte.com.uy\/minorista\/minorista\/#website","url":"https:\/\/papelarte.com.uy\/minorista\/minorista\/","name":"Papelarte","description":"Papeler\u00eda Uruguay","publisher":{"@id":"https:\/\/papelarte.com.uy\/minorista\/minorista\/#organization"},"potentialAction":[{"@type":"SearchAction","target":{"@type":"EntryPoint","urlTemplate":"https:\/\/papelarte.com.uy\/minorista\/minorista\/?s={search_term_string}"},"query-input":{"@type":"PropertyValueSpecification","valueRequired":true,"valueName":"search_term_string"}}],"inLanguage":"es"},{"@type":"Organization","@id":"https:\/\/papelarte.com.uy\/minorista\/minorista\/#organization","name":"Papelarte","url":"https:\/\/papelarte.com.uy\/minorista\/minorista\/","logo":{"@type":"ImageObject","inLanguage":"es","@id":"https:\/\/papelarte.com.uy\/minorista\/minorista\/#\/schema\/logo\/image\/","url":"https:\/\/papelarte.com.uy\/minorista\/wp-content\/uploads\/2023\/03\/logo-papelarte.png","contentUrl":"https:\/\/papelarte.com.uy\/minorista\/wp-content\/uploads\/2023\/03\/logo-papelarte.png","width":568,"height":230,"caption":"Papelarte"},"image":{"@id":"https:\/\/papelarte.com.uy\/minorista\/minorista\/#\/schema\/logo\/image\/"}}]}},"_links":{"self":[{"href":"https:\/\/papelarte.com.uy\/minorista\/wp-json\/wp\/v2\/product\/6077","targetHints":{"allow":["GET"]}}],"collection":[{"href":"https:\/\/papelarte.com.uy\/minorista\/wp-json\/wp\/v2\/product"}],"about":[{"href":"https:\/\/papelarte.com.uy\/minorista\/wp-json\/wp\/v2\/types\/product"}],"replies":[{"embeddable":true,"href":"https:\/\/papelarte.com.uy\/minorista\/wp-json\/wp\/v2\/comments?post=6077"}],"wp:featuredmedia":[{"embeddable":true,"href":"https:\/\/papelarte.com.uy\/minorista\/wp-json\/wp\/v2\/media\/9354"}],"wp:attachment":[{"href":"https:\/\/papelarte.com.uy\/minorista\/wp-json\/wp\/v2\/media?parent=6077"}],"wp:term":[{"taxonomy":"product_brand","embeddable":true,"href":"https:\/\/papelarte.com.uy\/minorista\/wp-json\/wp\/v2\/product_brand?post=6077"},{"taxonomy":"product_cat","embeddable":true,"href":"https:\/\/papelarte.com.uy\/minorista\/wp-json\/wp\/v2\/product_cat?post=6077"},{"taxonomy":"product_tag","embeddable":true,"href":"https:\/\/papelarte.com.uy\/minorista\/wp-json\/wp\/v2\/product_tag?post=6077"}],"curies":[{"name":"wp","href":"https:\/\/api.w.org\/{rel}","templated":true}]}}