{"id":22285,"date":"2024-12-04T14:41:01","date_gmt":"2024-12-04T17:41:01","guid":{"rendered":"https:\/\/papelarte.com.uy\/minorista\/minorista\/?post_type=product&#038;p=22285"},"modified":"2024-12-04T14:41:02","modified_gmt":"2024-12-04T17:41:02","slug":"boligrafo-diseno-unicorn-pompom-tweeny-ibi-craft","status":"publish","type":"product","link":"https:\/\/papelarte.com.uy\/minorista\/producto\/boligrafo-diseno-unicorn-pompom-tweeny-ibi-craft\/","title":{"rendered":"Boligrafo dise\u00f1o &#8220;unicorn pompom&#8221; tweeny ibi craft"},"content":{"rendered":"<p>Boligrafo dise\u00f1o &#8220;unicorn pompom&#8221; tweeny ibi craft<br \/>\nBol\u00edgrafo de tinta gel azul IBI CRAFT &#8220;TWEENY&#8221;, trazo 0.7mm, Material suave al tacto en divertido dise\u00f1o<br \/>\nPRECIO POR UNIDAD<\/p>\n","protected":false},"excerpt":{"rendered":"<p>Boligrafo dise\u00f1o &#8220;unicorn pompom&#8221; tweeny ibi craft Bol\u00edgrafo de tinta gel azul IBI CRAFT &#8220;TWEENY&#8221;, trazo 0.7mm, Material suave al tacto en divertido dise\u00f1o PRECIO POR UNIDAD<\/p>\n","protected":false},"featured_media":22286,"comment_status":"open","ping_status":"closed","template":"","meta":{"_joinchat":[]},"product_brand":[],"product_cat":[2874,2860,3356],"product_tag":[4763,4797,4542,4794,4664,4692,4795,4796],"class_list":{"0":"post-22285","1":"product","2":"type-product","3":"status-publish","4":"has-post-thumbnail","6":"product_cat-boligrafo","7":"product_cat-escritura","8":"product_cat-ibi-craft","9":"product_tag-boligrafo","10":"product_tag-escolares","11":"product_tag-ibi-craft","12":"product_tag-liceales","13":"product_tag-oficina","14":"product_tag-papeleria","15":"product_tag-universitarios","16":"product_tag-vuelta-a-clases","18":"first","19":"instock","20":"shipping-taxable","21":"purchasable","22":"product-type-simple"},"bundled_by":[],"bundle_stock_status":"instock","bundle_stock_quantity":null,"bundle_virtual":false,"bundle_layout":"","bundle_add_to_cart_form_location":"","bundle_editable_in_cart":false,"bundle_sold_individually_context":"","bundle_item_grouping":"","bundle_min_size":"","bundle_max_size":"","bundle_price":[],"bundled_items":[],"bundle_sell_ids":[],"yoast_head":"<!-- This site is optimized with the Yoast SEO plugin v26.5 - https:\/\/yoast.com\/wordpress\/plugins\/seo\/ -->\n<title>Boligrafo dise\u00f1o &quot;unicorn pompom&quot; tweeny ibi craft - Papelarte<\/title>\n<meta name=\"description\" content=\"Boligrafo dise\u00f1o &quot;unicorn pompom&quot; tweeny ibi craft\" \/>\n<meta name=\"robots\" content=\"index, follow, max-snippet:-1, max-image-preview:large, max-video-preview:-1\" \/>\n<link rel=\"canonical\" href=\"https:\/\/papelarte.com.uy\/minorista\/minorista\/producto\/boligrafo-diseno-unicorn-pompom-tweeny-ibi-craft\/\" \/>\n<meta property=\"og:locale\" content=\"es_ES\" \/>\n<meta property=\"og:type\" content=\"article\" \/>\n<meta property=\"og:title\" content=\"Boligrafo dise\u00f1o &quot;unicorn pompom&quot; tweeny ibi craft - Papelarte\" \/>\n<meta property=\"og:description\" content=\"Boligrafo dise\u00f1o &quot;unicorn pompom&quot; tweeny ibi craft\" \/>\n<meta property=\"og:url\" content=\"https:\/\/papelarte.com.uy\/minorista\/minorista\/producto\/boligrafo-diseno-unicorn-pompom-tweeny-ibi-craft\/\" \/>\n<meta property=\"og:site_name\" content=\"Papelarte\" \/>\n<meta property=\"article:modified_time\" content=\"2024-12-04T17:41:02+00:00\" \/>\n<meta property=\"og:image\" content=\"https:\/\/papelarte.com.uy\/minorista\/minorista\/wp-content\/uploads\/2024\/12\/070250.png\" \/>\n\t<meta property=\"og:image:width\" content=\"500\" \/>\n\t<meta property=\"og:image:height\" content=\"500\" \/>\n\t<meta property=\"og:image:type\" content=\"image\/png\" \/>\n<meta name=\"twitter:card\" content=\"summary_large_image\" \/>\n<meta name=\"twitter:label1\" content=\"Tiempo de lectura\" \/>\n\t<meta name=\"twitter:data1\" content=\"1 minuto\" \/>\n<script type=\"application\/ld+json\" class=\"yoast-schema-graph\">{\"@context\":\"https:\/\/schema.org\",\"@graph\":[{\"@type\":\"WebPage\",\"@id\":\"https:\/\/papelarte.com.uy\/minorista\/minorista\/producto\/boligrafo-diseno-unicorn-pompom-tweeny-ibi-craft\/\",\"url\":\"https:\/\/papelarte.com.uy\/minorista\/minorista\/producto\/boligrafo-diseno-unicorn-pompom-tweeny-ibi-craft\/\",\"name\":\"Boligrafo dise\u00f1o \\\"unicorn pompom\\\" tweeny ibi craft - Papelarte\",\"isPartOf\":{\"@id\":\"https:\/\/papelarte.com.uy\/minorista\/minorista\/#website\"},\"primaryImageOfPage\":{\"@id\":\"https:\/\/papelarte.com.uy\/minorista\/minorista\/producto\/boligrafo-diseno-unicorn-pompom-tweeny-ibi-craft\/#primaryimage\"},\"image\":{\"@id\":\"https:\/\/papelarte.com.uy\/minorista\/minorista\/producto\/boligrafo-diseno-unicorn-pompom-tweeny-ibi-craft\/#primaryimage\"},\"thumbnailUrl\":\"https:\/\/papelarte.com.uy\/minorista\/wp-content\/uploads\/2024\/12\/070250.png\",\"datePublished\":\"2024-12-04T17:41:01+00:00\",\"dateModified\":\"2024-12-04T17:41:02+00:00\",\"description\":\"Boligrafo dise\u00f1o \\\"unicorn pompom\\\" tweeny ibi craft\",\"breadcrumb\":{\"@id\":\"https:\/\/papelarte.com.uy\/minorista\/minorista\/producto\/boligrafo-diseno-unicorn-pompom-tweeny-ibi-craft\/#breadcrumb\"},\"inLanguage\":\"es\",\"potentialAction\":[{\"@type\":\"ReadAction\",\"target\":[\"https:\/\/papelarte.com.uy\/minorista\/minorista\/producto\/boligrafo-diseno-unicorn-pompom-tweeny-ibi-craft\/\"]}]},{\"@type\":\"ImageObject\",\"inLanguage\":\"es\",\"@id\":\"https:\/\/papelarte.com.uy\/minorista\/minorista\/producto\/boligrafo-diseno-unicorn-pompom-tweeny-ibi-craft\/#primaryimage\",\"url\":\"https:\/\/papelarte.com.uy\/minorista\/wp-content\/uploads\/2024\/12\/070250.png\",\"contentUrl\":\"https:\/\/papelarte.com.uy\/minorista\/wp-content\/uploads\/2024\/12\/070250.png\",\"width\":500,\"height\":500,\"caption\":\"Boligrafo dise\u00f1o \\\"unicorn pompom\\\" tweeny ibi craft\"},{\"@type\":\"BreadcrumbList\",\"@id\":\"https:\/\/papelarte.com.uy\/minorista\/minorista\/producto\/boligrafo-diseno-unicorn-pompom-tweeny-ibi-craft\/#breadcrumb\",\"itemListElement\":[{\"@type\":\"ListItem\",\"position\":1,\"name\":\"Portada\",\"item\":\"https:\/\/papelarte.com.uy\/minorista\/minorista\/\"},{\"@type\":\"ListItem\",\"position\":2,\"name\":\"Productos\",\"item\":\"https:\/\/papelarte.com.uy\/minorista\/minorista\/tienda\/\"},{\"@type\":\"ListItem\",\"position\":3,\"name\":\"Boligrafo dise\u00f1o &#8220;unicorn pompom&#8221; tweeny ibi craft\"}]},{\"@type\":\"WebSite\",\"@id\":\"https:\/\/papelarte.com.uy\/minorista\/minorista\/#website\",\"url\":\"https:\/\/papelarte.com.uy\/minorista\/minorista\/\",\"name\":\"Papelarte\",\"description\":\"Papeler\u00eda Uruguay\",\"publisher\":{\"@id\":\"https:\/\/papelarte.com.uy\/minorista\/minorista\/#organization\"},\"potentialAction\":[{\"@type\":\"SearchAction\",\"target\":{\"@type\":\"EntryPoint\",\"urlTemplate\":\"https:\/\/papelarte.com.uy\/minorista\/minorista\/?s={search_term_string}\"},\"query-input\":{\"@type\":\"PropertyValueSpecification\",\"valueRequired\":true,\"valueName\":\"search_term_string\"}}],\"inLanguage\":\"es\"},{\"@type\":\"Organization\",\"@id\":\"https:\/\/papelarte.com.uy\/minorista\/minorista\/#organization\",\"name\":\"Papelarte\",\"url\":\"https:\/\/papelarte.com.uy\/minorista\/minorista\/\",\"logo\":{\"@type\":\"ImageObject\",\"inLanguage\":\"es\",\"@id\":\"https:\/\/papelarte.com.uy\/minorista\/minorista\/#\/schema\/logo\/image\/\",\"url\":\"https:\/\/papelarte.com.uy\/minorista\/wp-content\/uploads\/2023\/03\/logo-papelarte.png\",\"contentUrl\":\"https:\/\/papelarte.com.uy\/minorista\/wp-content\/uploads\/2023\/03\/logo-papelarte.png\",\"width\":568,\"height\":230,\"caption\":\"Papelarte\"},\"image\":{\"@id\":\"https:\/\/papelarte.com.uy\/minorista\/minorista\/#\/schema\/logo\/image\/\"}}]}<\/script>\n<!-- \/ Yoast SEO plugin. -->","yoast_head_json":{"title":"Boligrafo dise\u00f1o \"unicorn pompom\" tweeny ibi craft - Papelarte","description":"Boligrafo dise\u00f1o \"unicorn pompom\" tweeny ibi craft","robots":{"index":"index","follow":"follow","max-snippet":"max-snippet:-1","max-image-preview":"max-image-preview:large","max-video-preview":"max-video-preview:-1"},"canonical":"https:\/\/papelarte.com.uy\/minorista\/minorista\/producto\/boligrafo-diseno-unicorn-pompom-tweeny-ibi-craft\/","og_locale":"es_ES","og_type":"article","og_title":"Boligrafo dise\u00f1o \"unicorn pompom\" tweeny ibi craft - Papelarte","og_description":"Boligrafo dise\u00f1o \"unicorn pompom\" tweeny ibi craft","og_url":"https:\/\/papelarte.com.uy\/minorista\/minorista\/producto\/boligrafo-diseno-unicorn-pompom-tweeny-ibi-craft\/","og_site_name":"Papelarte","article_modified_time":"2024-12-04T17:41:02+00:00","og_image":[{"width":500,"height":500,"url":"https:\/\/papelarte.com.uy\/minorista\/minorista\/wp-content\/uploads\/2024\/12\/070250.png","type":"image\/png"}],"twitter_card":"summary_large_image","twitter_misc":{"Tiempo de lectura":"1 minuto"},"schema":{"@context":"https:\/\/schema.org","@graph":[{"@type":"WebPage","@id":"https:\/\/papelarte.com.uy\/minorista\/minorista\/producto\/boligrafo-diseno-unicorn-pompom-tweeny-ibi-craft\/","url":"https:\/\/papelarte.com.uy\/minorista\/minorista\/producto\/boligrafo-diseno-unicorn-pompom-tweeny-ibi-craft\/","name":"Boligrafo dise\u00f1o \"unicorn pompom\" tweeny ibi craft - Papelarte","isPartOf":{"@id":"https:\/\/papelarte.com.uy\/minorista\/minorista\/#website"},"primaryImageOfPage":{"@id":"https:\/\/papelarte.com.uy\/minorista\/minorista\/producto\/boligrafo-diseno-unicorn-pompom-tweeny-ibi-craft\/#primaryimage"},"image":{"@id":"https:\/\/papelarte.com.uy\/minorista\/minorista\/producto\/boligrafo-diseno-unicorn-pompom-tweeny-ibi-craft\/#primaryimage"},"thumbnailUrl":"https:\/\/papelarte.com.uy\/minorista\/wp-content\/uploads\/2024\/12\/070250.png","datePublished":"2024-12-04T17:41:01+00:00","dateModified":"2024-12-04T17:41:02+00:00","description":"Boligrafo dise\u00f1o \"unicorn pompom\" tweeny ibi craft","breadcrumb":{"@id":"https:\/\/papelarte.com.uy\/minorista\/minorista\/producto\/boligrafo-diseno-unicorn-pompom-tweeny-ibi-craft\/#breadcrumb"},"inLanguage":"es","potentialAction":[{"@type":"ReadAction","target":["https:\/\/papelarte.com.uy\/minorista\/minorista\/producto\/boligrafo-diseno-unicorn-pompom-tweeny-ibi-craft\/"]}]},{"@type":"ImageObject","inLanguage":"es","@id":"https:\/\/papelarte.com.uy\/minorista\/minorista\/producto\/boligrafo-diseno-unicorn-pompom-tweeny-ibi-craft\/#primaryimage","url":"https:\/\/papelarte.com.uy\/minorista\/wp-content\/uploads\/2024\/12\/070250.png","contentUrl":"https:\/\/papelarte.com.uy\/minorista\/wp-content\/uploads\/2024\/12\/070250.png","width":500,"height":500,"caption":"Boligrafo dise\u00f1o \"unicorn pompom\" tweeny ibi craft"},{"@type":"BreadcrumbList","@id":"https:\/\/papelarte.com.uy\/minorista\/minorista\/producto\/boligrafo-diseno-unicorn-pompom-tweeny-ibi-craft\/#breadcrumb","itemListElement":[{"@type":"ListItem","position":1,"name":"Portada","item":"https:\/\/papelarte.com.uy\/minorista\/minorista\/"},{"@type":"ListItem","position":2,"name":"Productos","item":"https:\/\/papelarte.com.uy\/minorista\/minorista\/tienda\/"},{"@type":"ListItem","position":3,"name":"Boligrafo dise\u00f1o &#8220;unicorn pompom&#8221; tweeny ibi craft"}]},{"@type":"WebSite","@id":"https:\/\/papelarte.com.uy\/minorista\/minorista\/#website","url":"https:\/\/papelarte.com.uy\/minorista\/minorista\/","name":"Papelarte","description":"Papeler\u00eda Uruguay","publisher":{"@id":"https:\/\/papelarte.com.uy\/minorista\/minorista\/#organization"},"potentialAction":[{"@type":"SearchAction","target":{"@type":"EntryPoint","urlTemplate":"https:\/\/papelarte.com.uy\/minorista\/minorista\/?s={search_term_string}"},"query-input":{"@type":"PropertyValueSpecification","valueRequired":true,"valueName":"search_term_string"}}],"inLanguage":"es"},{"@type":"Organization","@id":"https:\/\/papelarte.com.uy\/minorista\/minorista\/#organization","name":"Papelarte","url":"https:\/\/papelarte.com.uy\/minorista\/minorista\/","logo":{"@type":"ImageObject","inLanguage":"es","@id":"https:\/\/papelarte.com.uy\/minorista\/minorista\/#\/schema\/logo\/image\/","url":"https:\/\/papelarte.com.uy\/minorista\/wp-content\/uploads\/2023\/03\/logo-papelarte.png","contentUrl":"https:\/\/papelarte.com.uy\/minorista\/wp-content\/uploads\/2023\/03\/logo-papelarte.png","width":568,"height":230,"caption":"Papelarte"},"image":{"@id":"https:\/\/papelarte.com.uy\/minorista\/minorista\/#\/schema\/logo\/image\/"}}]}},"_links":{"self":[{"href":"https:\/\/papelarte.com.uy\/minorista\/wp-json\/wp\/v2\/product\/22285","targetHints":{"allow":["GET"]}}],"collection":[{"href":"https:\/\/papelarte.com.uy\/minorista\/wp-json\/wp\/v2\/product"}],"about":[{"href":"https:\/\/papelarte.com.uy\/minorista\/wp-json\/wp\/v2\/types\/product"}],"replies":[{"embeddable":true,"href":"https:\/\/papelarte.com.uy\/minorista\/wp-json\/wp\/v2\/comments?post=22285"}],"wp:featuredmedia":[{"embeddable":true,"href":"https:\/\/papelarte.com.uy\/minorista\/wp-json\/wp\/v2\/media\/22286"}],"wp:attachment":[{"href":"https:\/\/papelarte.com.uy\/minorista\/wp-json\/wp\/v2\/media?parent=22285"}],"wp:term":[{"taxonomy":"product_brand","embeddable":true,"href":"https:\/\/papelarte.com.uy\/minorista\/wp-json\/wp\/v2\/product_brand?post=22285"},{"taxonomy":"product_cat","embeddable":true,"href":"https:\/\/papelarte.com.uy\/minorista\/wp-json\/wp\/v2\/product_cat?post=22285"},{"taxonomy":"product_tag","embeddable":true,"href":"https:\/\/papelarte.com.uy\/minorista\/wp-json\/wp\/v2\/product_tag?post=22285"}],"curies":[{"name":"wp","href":"https:\/\/api.w.org\/{rel}","templated":true}]}}