{"id":21807,"date":"2024-10-17T13:16:32","date_gmt":"2024-10-17T16:16:32","guid":{"rendered":"https:\/\/papelarte.com.uy\/minorista\/minorista\/?post_type=product&#038;p=21807"},"modified":"2024-10-18T08:17:36","modified_gmt":"2024-10-18T11:17:36","slug":"lampara-c-base-en-caja","status":"publish","type":"product","link":"https:\/\/papelarte.com.uy\/minorista\/producto\/lampara-c-base-en-caja\/","title":{"rendered":"Lampara c\/base en caja"},"content":{"rendered":"<p>Lampara c\/base en caja<br \/>\nL\u00e1mpara con base, en caja, varios colores<\/p>\n<p>L\u00e1mpara de escritorio agradable y funcional para satisfacer sus necesidades b\u00e1sicas de iluminaci\u00f3n. Esta l\u00e1mpara de escritorio cuenta con una pantalla de metal pintado, una base de pl\u00e1stico, un cuello de manguera flexible y un interruptor de encendido\/apagado ubicado en la base para su comodidad. Perfecto para la oficina, la habitaci\u00f3n de los ni\u00f1os o el dormitorio universitario. Varios colores disponibles, presentaci\u00f3n en caja.<\/p>\n<p>CARACTER\u00cdSTICAS<br \/>\n&#8211; L\u00e1mpara de escritorio<br \/>\n&#8211; Varios colores<br \/>\n&#8211; Material: Metal y pl\u00e1stico<br \/>\n&#8211; cuello flexible<br \/>\n&#8211; Apto rosca E27<br \/>\n&#8211; Interruptor de encendido y apagado<br \/>\n&#8211; Medida lampara: 34 cm<br \/>\n&#8211; Medida empaque: 20 x 16 x 14 cm<\/p>\n","protected":false},"excerpt":{"rendered":"<p>Lampara c\/base en caja L\u00e1mpara con base, en caja, varios colores L\u00e1mpara de escritorio agradable y funcional para satisfacer sus necesidades b\u00e1sicas de iluminaci\u00f3n. Esta l\u00e1mpara de escritorio cuenta con una pantalla de metal pintado, una base de pl\u00e1stico, un cuello de manguera flexible y un interruptor de encendido\/apagado ubicado en la base para su [&hellip;]<\/p>\n","protected":false},"featured_media":21810,"comment_status":"open","ping_status":"closed","template":"","meta":{"_joinchat":[]},"product_brand":[],"product_cat":[2851,5359],"product_tag":[4664],"class_list":{"0":"post-21807","1":"product","2":"type-product","3":"status-publish","4":"has-post-thumbnail","6":"product_cat-electronica","7":"product_cat-lamparas-electronica","8":"product_tag-oficina","10":"first","11":"instock","12":"shipping-taxable","13":"purchasable","14":"product-type-simple"},"bundled_by":[],"bundle_stock_status":"instock","bundle_stock_quantity":null,"bundle_virtual":false,"bundle_layout":"","bundle_add_to_cart_form_location":"","bundle_editable_in_cart":false,"bundle_sold_individually_context":"","bundle_item_grouping":"","bundle_min_size":"","bundle_max_size":"","bundle_price":[],"bundled_items":[],"bundle_sell_ids":[],"yoast_head":"<!-- This site is optimized with the Yoast SEO plugin v26.5 - https:\/\/yoast.com\/wordpress\/plugins\/seo\/ -->\n<title>Lampara c\/base en caja - Papelarte<\/title>\n<meta name=\"description\" content=\"Lampara c\/base en caja\" \/>\n<meta name=\"robots\" content=\"index, follow, max-snippet:-1, max-image-preview:large, max-video-preview:-1\" \/>\n<link rel=\"canonical\" href=\"https:\/\/papelarte.com.uy\/minorista\/minorista\/producto\/lampara-c-base-en-caja\/\" \/>\n<meta property=\"og:locale\" content=\"es_ES\" \/>\n<meta property=\"og:type\" content=\"article\" \/>\n<meta property=\"og:title\" content=\"Lampara c\/base en caja - Papelarte\" \/>\n<meta property=\"og:description\" content=\"Lampara c\/base en caja\" \/>\n<meta property=\"og:url\" content=\"https:\/\/papelarte.com.uy\/minorista\/minorista\/producto\/lampara-c-base-en-caja\/\" \/>\n<meta property=\"og:site_name\" content=\"Papelarte\" \/>\n<meta property=\"article:modified_time\" content=\"2024-10-18T11:17:36+00:00\" \/>\n<meta property=\"og:image\" content=\"https:\/\/papelarte.com.uy\/minorista\/minorista\/wp-content\/uploads\/2024\/10\/0137637_0639e5d2e896e32a26b3d40ba54ff3721a5a42319609d883849edfa5b549f1ec_600.jpeg\" \/>\n\t<meta property=\"og:image:width\" content=\"600\" \/>\n\t<meta property=\"og:image:height\" content=\"600\" \/>\n\t<meta property=\"og:image:type\" content=\"image\/jpeg\" \/>\n<meta name=\"twitter:card\" content=\"summary_large_image\" \/>\n<meta name=\"twitter:label1\" content=\"Tiempo de lectura\" \/>\n\t<meta name=\"twitter:data1\" content=\"1 minuto\" \/>\n<script type=\"application\/ld+json\" class=\"yoast-schema-graph\">{\"@context\":\"https:\/\/schema.org\",\"@graph\":[{\"@type\":\"WebPage\",\"@id\":\"https:\/\/papelarte.com.uy\/minorista\/minorista\/producto\/lampara-c-base-en-caja\/\",\"url\":\"https:\/\/papelarte.com.uy\/minorista\/minorista\/producto\/lampara-c-base-en-caja\/\",\"name\":\"Lampara c\/base en caja - Papelarte\",\"isPartOf\":{\"@id\":\"https:\/\/papelarte.com.uy\/minorista\/minorista\/#website\"},\"primaryImageOfPage\":{\"@id\":\"https:\/\/papelarte.com.uy\/minorista\/minorista\/producto\/lampara-c-base-en-caja\/#primaryimage\"},\"image\":{\"@id\":\"https:\/\/papelarte.com.uy\/minorista\/minorista\/producto\/lampara-c-base-en-caja\/#primaryimage\"},\"thumbnailUrl\":\"https:\/\/papelarte.com.uy\/minorista\/wp-content\/uploads\/2024\/10\/0137637_0639e5d2e896e32a26b3d40ba54ff3721a5a42319609d883849edfa5b549f1ec_600.jpeg\",\"datePublished\":\"2024-10-17T16:16:32+00:00\",\"dateModified\":\"2024-10-18T11:17:36+00:00\",\"description\":\"Lampara c\/base en caja\",\"breadcrumb\":{\"@id\":\"https:\/\/papelarte.com.uy\/minorista\/minorista\/producto\/lampara-c-base-en-caja\/#breadcrumb\"},\"inLanguage\":\"es\",\"potentialAction\":[{\"@type\":\"ReadAction\",\"target\":[\"https:\/\/papelarte.com.uy\/minorista\/minorista\/producto\/lampara-c-base-en-caja\/\"]}]},{\"@type\":\"ImageObject\",\"inLanguage\":\"es\",\"@id\":\"https:\/\/papelarte.com.uy\/minorista\/minorista\/producto\/lampara-c-base-en-caja\/#primaryimage\",\"url\":\"https:\/\/papelarte.com.uy\/minorista\/wp-content\/uploads\/2024\/10\/0137637_0639e5d2e896e32a26b3d40ba54ff3721a5a42319609d883849edfa5b549f1ec_600.jpeg\",\"contentUrl\":\"https:\/\/papelarte.com.uy\/minorista\/wp-content\/uploads\/2024\/10\/0137637_0639e5d2e896e32a26b3d40ba54ff3721a5a42319609d883849edfa5b549f1ec_600.jpeg\",\"width\":600,\"height\":600,\"caption\":\"Lampara c\/base en caja\"},{\"@type\":\"BreadcrumbList\",\"@id\":\"https:\/\/papelarte.com.uy\/minorista\/minorista\/producto\/lampara-c-base-en-caja\/#breadcrumb\",\"itemListElement\":[{\"@type\":\"ListItem\",\"position\":1,\"name\":\"Portada\",\"item\":\"https:\/\/papelarte.com.uy\/minorista\/minorista\/\"},{\"@type\":\"ListItem\",\"position\":2,\"name\":\"Productos\",\"item\":\"https:\/\/papelarte.com.uy\/minorista\/minorista\/tienda\/\"},{\"@type\":\"ListItem\",\"position\":3,\"name\":\"Lampara c\/base en caja\"}]},{\"@type\":\"WebSite\",\"@id\":\"https:\/\/papelarte.com.uy\/minorista\/minorista\/#website\",\"url\":\"https:\/\/papelarte.com.uy\/minorista\/minorista\/\",\"name\":\"Papelarte\",\"description\":\"Papeler\u00eda Uruguay\",\"publisher\":{\"@id\":\"https:\/\/papelarte.com.uy\/minorista\/minorista\/#organization\"},\"potentialAction\":[{\"@type\":\"SearchAction\",\"target\":{\"@type\":\"EntryPoint\",\"urlTemplate\":\"https:\/\/papelarte.com.uy\/minorista\/minorista\/?s={search_term_string}\"},\"query-input\":{\"@type\":\"PropertyValueSpecification\",\"valueRequired\":true,\"valueName\":\"search_term_string\"}}],\"inLanguage\":\"es\"},{\"@type\":\"Organization\",\"@id\":\"https:\/\/papelarte.com.uy\/minorista\/minorista\/#organization\",\"name\":\"Papelarte\",\"url\":\"https:\/\/papelarte.com.uy\/minorista\/minorista\/\",\"logo\":{\"@type\":\"ImageObject\",\"inLanguage\":\"es\",\"@id\":\"https:\/\/papelarte.com.uy\/minorista\/minorista\/#\/schema\/logo\/image\/\",\"url\":\"https:\/\/papelarte.com.uy\/minorista\/wp-content\/uploads\/2023\/03\/logo-papelarte.png\",\"contentUrl\":\"https:\/\/papelarte.com.uy\/minorista\/wp-content\/uploads\/2023\/03\/logo-papelarte.png\",\"width\":568,\"height\":230,\"caption\":\"Papelarte\"},\"image\":{\"@id\":\"https:\/\/papelarte.com.uy\/minorista\/minorista\/#\/schema\/logo\/image\/\"}}]}<\/script>\n<!-- \/ Yoast SEO plugin. -->","yoast_head_json":{"title":"Lampara c\/base en caja - Papelarte","description":"Lampara c\/base en caja","robots":{"index":"index","follow":"follow","max-snippet":"max-snippet:-1","max-image-preview":"max-image-preview:large","max-video-preview":"max-video-preview:-1"},"canonical":"https:\/\/papelarte.com.uy\/minorista\/minorista\/producto\/lampara-c-base-en-caja\/","og_locale":"es_ES","og_type":"article","og_title":"Lampara c\/base en caja - Papelarte","og_description":"Lampara c\/base en caja","og_url":"https:\/\/papelarte.com.uy\/minorista\/minorista\/producto\/lampara-c-base-en-caja\/","og_site_name":"Papelarte","article_modified_time":"2024-10-18T11:17:36+00:00","og_image":[{"width":600,"height":600,"url":"https:\/\/papelarte.com.uy\/minorista\/minorista\/wp-content\/uploads\/2024\/10\/0137637_0639e5d2e896e32a26b3d40ba54ff3721a5a42319609d883849edfa5b549f1ec_600.jpeg","type":"image\/jpeg"}],"twitter_card":"summary_large_image","twitter_misc":{"Tiempo de lectura":"1 minuto"},"schema":{"@context":"https:\/\/schema.org","@graph":[{"@type":"WebPage","@id":"https:\/\/papelarte.com.uy\/minorista\/minorista\/producto\/lampara-c-base-en-caja\/","url":"https:\/\/papelarte.com.uy\/minorista\/minorista\/producto\/lampara-c-base-en-caja\/","name":"Lampara c\/base en caja - Papelarte","isPartOf":{"@id":"https:\/\/papelarte.com.uy\/minorista\/minorista\/#website"},"primaryImageOfPage":{"@id":"https:\/\/papelarte.com.uy\/minorista\/minorista\/producto\/lampara-c-base-en-caja\/#primaryimage"},"image":{"@id":"https:\/\/papelarte.com.uy\/minorista\/minorista\/producto\/lampara-c-base-en-caja\/#primaryimage"},"thumbnailUrl":"https:\/\/papelarte.com.uy\/minorista\/wp-content\/uploads\/2024\/10\/0137637_0639e5d2e896e32a26b3d40ba54ff3721a5a42319609d883849edfa5b549f1ec_600.jpeg","datePublished":"2024-10-17T16:16:32+00:00","dateModified":"2024-10-18T11:17:36+00:00","description":"Lampara c\/base en caja","breadcrumb":{"@id":"https:\/\/papelarte.com.uy\/minorista\/minorista\/producto\/lampara-c-base-en-caja\/#breadcrumb"},"inLanguage":"es","potentialAction":[{"@type":"ReadAction","target":["https:\/\/papelarte.com.uy\/minorista\/minorista\/producto\/lampara-c-base-en-caja\/"]}]},{"@type":"ImageObject","inLanguage":"es","@id":"https:\/\/papelarte.com.uy\/minorista\/minorista\/producto\/lampara-c-base-en-caja\/#primaryimage","url":"https:\/\/papelarte.com.uy\/minorista\/wp-content\/uploads\/2024\/10\/0137637_0639e5d2e896e32a26b3d40ba54ff3721a5a42319609d883849edfa5b549f1ec_600.jpeg","contentUrl":"https:\/\/papelarte.com.uy\/minorista\/wp-content\/uploads\/2024\/10\/0137637_0639e5d2e896e32a26b3d40ba54ff3721a5a42319609d883849edfa5b549f1ec_600.jpeg","width":600,"height":600,"caption":"Lampara c\/base en caja"},{"@type":"BreadcrumbList","@id":"https:\/\/papelarte.com.uy\/minorista\/minorista\/producto\/lampara-c-base-en-caja\/#breadcrumb","itemListElement":[{"@type":"ListItem","position":1,"name":"Portada","item":"https:\/\/papelarte.com.uy\/minorista\/minorista\/"},{"@type":"ListItem","position":2,"name":"Productos","item":"https:\/\/papelarte.com.uy\/minorista\/minorista\/tienda\/"},{"@type":"ListItem","position":3,"name":"Lampara c\/base en caja"}]},{"@type":"WebSite","@id":"https:\/\/papelarte.com.uy\/minorista\/minorista\/#website","url":"https:\/\/papelarte.com.uy\/minorista\/minorista\/","name":"Papelarte","description":"Papeler\u00eda Uruguay","publisher":{"@id":"https:\/\/papelarte.com.uy\/minorista\/minorista\/#organization"},"potentialAction":[{"@type":"SearchAction","target":{"@type":"EntryPoint","urlTemplate":"https:\/\/papelarte.com.uy\/minorista\/minorista\/?s={search_term_string}"},"query-input":{"@type":"PropertyValueSpecification","valueRequired":true,"valueName":"search_term_string"}}],"inLanguage":"es"},{"@type":"Organization","@id":"https:\/\/papelarte.com.uy\/minorista\/minorista\/#organization","name":"Papelarte","url":"https:\/\/papelarte.com.uy\/minorista\/minorista\/","logo":{"@type":"ImageObject","inLanguage":"es","@id":"https:\/\/papelarte.com.uy\/minorista\/minorista\/#\/schema\/logo\/image\/","url":"https:\/\/papelarte.com.uy\/minorista\/wp-content\/uploads\/2023\/03\/logo-papelarte.png","contentUrl":"https:\/\/papelarte.com.uy\/minorista\/wp-content\/uploads\/2023\/03\/logo-papelarte.png","width":568,"height":230,"caption":"Papelarte"},"image":{"@id":"https:\/\/papelarte.com.uy\/minorista\/minorista\/#\/schema\/logo\/image\/"}}]}},"_links":{"self":[{"href":"https:\/\/papelarte.com.uy\/minorista\/wp-json\/wp\/v2\/product\/21807","targetHints":{"allow":["GET"]}}],"collection":[{"href":"https:\/\/papelarte.com.uy\/minorista\/wp-json\/wp\/v2\/product"}],"about":[{"href":"https:\/\/papelarte.com.uy\/minorista\/wp-json\/wp\/v2\/types\/product"}],"replies":[{"embeddable":true,"href":"https:\/\/papelarte.com.uy\/minorista\/wp-json\/wp\/v2\/comments?post=21807"}],"wp:featuredmedia":[{"embeddable":true,"href":"https:\/\/papelarte.com.uy\/minorista\/wp-json\/wp\/v2\/media\/21810"}],"wp:attachment":[{"href":"https:\/\/papelarte.com.uy\/minorista\/wp-json\/wp\/v2\/media?parent=21807"}],"wp:term":[{"taxonomy":"product_brand","embeddable":true,"href":"https:\/\/papelarte.com.uy\/minorista\/wp-json\/wp\/v2\/product_brand?post=21807"},{"taxonomy":"product_cat","embeddable":true,"href":"https:\/\/papelarte.com.uy\/minorista\/wp-json\/wp\/v2\/product_cat?post=21807"},{"taxonomy":"product_tag","embeddable":true,"href":"https:\/\/papelarte.com.uy\/minorista\/wp-json\/wp\/v2\/product_tag?post=21807"}],"curies":[{"name":"wp","href":"https:\/\/api.w.org\/{rel}","templated":true}]}}