{"id":21792,"date":"2024-10-17T12:51:39","date_gmt":"2024-10-17T15:51:39","guid":{"rendered":"https:\/\/papelarte.com.uy\/minorista\/minorista\/?post_type=product&#038;p=21792"},"modified":"2024-10-17T12:51:40","modified_gmt":"2024-10-17T15:51:40","slug":"engrampadora-c-grapas-24-6","status":"publish","type":"product","link":"https:\/\/papelarte.com.uy\/minorista\/producto\/engrampadora-c-grapas-24-6\/","title":{"rendered":"Engrampadora c\/grapas 24\/6"},"content":{"rendered":"<p>Engrampadora c\/grapas 24\/6<br \/>\nEngrampadora con grampas 24\/6. Maximiza tu trabajo con estilo. Con un dise\u00f1o ergon\u00f3mico es el accesorio esencial en cualquier oficina, aula o en tu hogar. Varios colores. Presentaci\u00f3n en blister. Medidas: 11.5cm<\/p>\n","protected":false},"excerpt":{"rendered":"<p>Engrampadora c\/grapas 24\/6 Engrampadora con grampas 24\/6. Maximiza tu trabajo con estilo. Con un dise\u00f1o ergon\u00f3mico es el accesorio esencial en cualquier oficina, aula o en tu hogar. Varios colores. Presentaci\u00f3n en blister. Medidas: 11.5cm<\/p>\n","protected":false},"featured_media":21797,"comment_status":"open","ping_status":"closed","template":"","meta":{"_joinchat":[]},"product_brand":[],"product_cat":[3250,2903],"product_tag":[4797,4664,4692],"class_list":{"0":"post-21792","1":"product","2":"type-product","3":"status-publish","4":"has-post-thumbnail","6":"product_cat-engrapadora","7":"product_cat-oficina","8":"product_tag-escolares","9":"product_tag-oficina","10":"product_tag-papeleria","12":"first","13":"instock","14":"shipping-taxable","15":"purchasable","16":"product-type-simple"},"bundled_by":[],"bundle_stock_status":"instock","bundle_stock_quantity":null,"bundle_virtual":false,"bundle_layout":"","bundle_add_to_cart_form_location":"","bundle_editable_in_cart":false,"bundle_sold_individually_context":"","bundle_item_grouping":"","bundle_min_size":"","bundle_max_size":"","bundle_price":[],"bundled_items":[],"bundle_sell_ids":[],"yoast_head":"<!-- This site is optimized with the Yoast SEO plugin v26.5 - https:\/\/yoast.com\/wordpress\/plugins\/seo\/ -->\n<title>Engrampadora c\/grapas 24\/6 - Papelarte<\/title>\n<meta name=\"description\" content=\"Engrampadora c\/grapas 24\/6\" \/>\n<meta name=\"robots\" content=\"index, follow, max-snippet:-1, max-image-preview:large, max-video-preview:-1\" \/>\n<link rel=\"canonical\" href=\"https:\/\/papelarte.com.uy\/minorista\/minorista\/producto\/engrampadora-c-grapas-24-6\/\" \/>\n<meta property=\"og:locale\" content=\"es_ES\" \/>\n<meta property=\"og:type\" content=\"article\" \/>\n<meta property=\"og:title\" content=\"Engrampadora c\/grapas 24\/6 - Papelarte\" \/>\n<meta property=\"og:description\" content=\"Engrampadora c\/grapas 24\/6\" \/>\n<meta property=\"og:url\" content=\"https:\/\/papelarte.com.uy\/minorista\/minorista\/producto\/engrampadora-c-grapas-24-6\/\" \/>\n<meta property=\"og:site_name\" content=\"Papelarte\" \/>\n<meta property=\"article:modified_time\" content=\"2024-10-17T15:51:40+00:00\" \/>\n<meta property=\"og:image\" content=\"https:\/\/papelarte.com.uy\/minorista\/minorista\/wp-content\/uploads\/2024\/10\/0139133_945b7324349d7ae2427980b1b02b9496cd7938b97ce3c1c58966b084a73291f7_600.jpeg\" \/>\n\t<meta property=\"og:image:width\" content=\"600\" \/>\n\t<meta property=\"og:image:height\" content=\"600\" \/>\n\t<meta property=\"og:image:type\" content=\"image\/jpeg\" \/>\n<meta name=\"twitter:card\" content=\"summary_large_image\" \/>\n<meta name=\"twitter:label1\" content=\"Tiempo de lectura\" \/>\n\t<meta name=\"twitter:data1\" content=\"1 minuto\" \/>\n<script type=\"application\/ld+json\" class=\"yoast-schema-graph\">{\"@context\":\"https:\/\/schema.org\",\"@graph\":[{\"@type\":\"WebPage\",\"@id\":\"https:\/\/papelarte.com.uy\/minorista\/minorista\/producto\/engrampadora-c-grapas-24-6\/\",\"url\":\"https:\/\/papelarte.com.uy\/minorista\/minorista\/producto\/engrampadora-c-grapas-24-6\/\",\"name\":\"Engrampadora c\/grapas 24\/6 - Papelarte\",\"isPartOf\":{\"@id\":\"https:\/\/papelarte.com.uy\/minorista\/minorista\/#website\"},\"primaryImageOfPage\":{\"@id\":\"https:\/\/papelarte.com.uy\/minorista\/minorista\/producto\/engrampadora-c-grapas-24-6\/#primaryimage\"},\"image\":{\"@id\":\"https:\/\/papelarte.com.uy\/minorista\/minorista\/producto\/engrampadora-c-grapas-24-6\/#primaryimage\"},\"thumbnailUrl\":\"https:\/\/papelarte.com.uy\/minorista\/wp-content\/uploads\/2024\/10\/0139133_945b7324349d7ae2427980b1b02b9496cd7938b97ce3c1c58966b084a73291f7_600.jpeg\",\"datePublished\":\"2024-10-17T15:51:39+00:00\",\"dateModified\":\"2024-10-17T15:51:40+00:00\",\"description\":\"Engrampadora c\/grapas 24\/6\",\"breadcrumb\":{\"@id\":\"https:\/\/papelarte.com.uy\/minorista\/minorista\/producto\/engrampadora-c-grapas-24-6\/#breadcrumb\"},\"inLanguage\":\"es\",\"potentialAction\":[{\"@type\":\"ReadAction\",\"target\":[\"https:\/\/papelarte.com.uy\/minorista\/minorista\/producto\/engrampadora-c-grapas-24-6\/\"]}]},{\"@type\":\"ImageObject\",\"inLanguage\":\"es\",\"@id\":\"https:\/\/papelarte.com.uy\/minorista\/minorista\/producto\/engrampadora-c-grapas-24-6\/#primaryimage\",\"url\":\"https:\/\/papelarte.com.uy\/minorista\/wp-content\/uploads\/2024\/10\/0139133_945b7324349d7ae2427980b1b02b9496cd7938b97ce3c1c58966b084a73291f7_600.jpeg\",\"contentUrl\":\"https:\/\/papelarte.com.uy\/minorista\/wp-content\/uploads\/2024\/10\/0139133_945b7324349d7ae2427980b1b02b9496cd7938b97ce3c1c58966b084a73291f7_600.jpeg\",\"width\":600,\"height\":600,\"caption\":\"Engrampadora c\/grapas 24\/6\"},{\"@type\":\"BreadcrumbList\",\"@id\":\"https:\/\/papelarte.com.uy\/minorista\/minorista\/producto\/engrampadora-c-grapas-24-6\/#breadcrumb\",\"itemListElement\":[{\"@type\":\"ListItem\",\"position\":1,\"name\":\"Portada\",\"item\":\"https:\/\/papelarte.com.uy\/minorista\/minorista\/\"},{\"@type\":\"ListItem\",\"position\":2,\"name\":\"Productos\",\"item\":\"https:\/\/papelarte.com.uy\/minorista\/minorista\/tienda\/\"},{\"@type\":\"ListItem\",\"position\":3,\"name\":\"Engrampadora c\/grapas 24\/6\"}]},{\"@type\":\"WebSite\",\"@id\":\"https:\/\/papelarte.com.uy\/minorista\/minorista\/#website\",\"url\":\"https:\/\/papelarte.com.uy\/minorista\/minorista\/\",\"name\":\"Papelarte\",\"description\":\"Papeler\u00eda Uruguay\",\"publisher\":{\"@id\":\"https:\/\/papelarte.com.uy\/minorista\/minorista\/#organization\"},\"potentialAction\":[{\"@type\":\"SearchAction\",\"target\":{\"@type\":\"EntryPoint\",\"urlTemplate\":\"https:\/\/papelarte.com.uy\/minorista\/minorista\/?s={search_term_string}\"},\"query-input\":{\"@type\":\"PropertyValueSpecification\",\"valueRequired\":true,\"valueName\":\"search_term_string\"}}],\"inLanguage\":\"es\"},{\"@type\":\"Organization\",\"@id\":\"https:\/\/papelarte.com.uy\/minorista\/minorista\/#organization\",\"name\":\"Papelarte\",\"url\":\"https:\/\/papelarte.com.uy\/minorista\/minorista\/\",\"logo\":{\"@type\":\"ImageObject\",\"inLanguage\":\"es\",\"@id\":\"https:\/\/papelarte.com.uy\/minorista\/minorista\/#\/schema\/logo\/image\/\",\"url\":\"https:\/\/papelarte.com.uy\/minorista\/wp-content\/uploads\/2023\/03\/logo-papelarte.png\",\"contentUrl\":\"https:\/\/papelarte.com.uy\/minorista\/wp-content\/uploads\/2023\/03\/logo-papelarte.png\",\"width\":568,\"height\":230,\"caption\":\"Papelarte\"},\"image\":{\"@id\":\"https:\/\/papelarte.com.uy\/minorista\/minorista\/#\/schema\/logo\/image\/\"}}]}<\/script>\n<!-- \/ Yoast SEO plugin. -->","yoast_head_json":{"title":"Engrampadora c\/grapas 24\/6 - Papelarte","description":"Engrampadora c\/grapas 24\/6","robots":{"index":"index","follow":"follow","max-snippet":"max-snippet:-1","max-image-preview":"max-image-preview:large","max-video-preview":"max-video-preview:-1"},"canonical":"https:\/\/papelarte.com.uy\/minorista\/minorista\/producto\/engrampadora-c-grapas-24-6\/","og_locale":"es_ES","og_type":"article","og_title":"Engrampadora c\/grapas 24\/6 - Papelarte","og_description":"Engrampadora c\/grapas 24\/6","og_url":"https:\/\/papelarte.com.uy\/minorista\/minorista\/producto\/engrampadora-c-grapas-24-6\/","og_site_name":"Papelarte","article_modified_time":"2024-10-17T15:51:40+00:00","og_image":[{"width":600,"height":600,"url":"https:\/\/papelarte.com.uy\/minorista\/minorista\/wp-content\/uploads\/2024\/10\/0139133_945b7324349d7ae2427980b1b02b9496cd7938b97ce3c1c58966b084a73291f7_600.jpeg","type":"image\/jpeg"}],"twitter_card":"summary_large_image","twitter_misc":{"Tiempo de lectura":"1 minuto"},"schema":{"@context":"https:\/\/schema.org","@graph":[{"@type":"WebPage","@id":"https:\/\/papelarte.com.uy\/minorista\/minorista\/producto\/engrampadora-c-grapas-24-6\/","url":"https:\/\/papelarte.com.uy\/minorista\/minorista\/producto\/engrampadora-c-grapas-24-6\/","name":"Engrampadora c\/grapas 24\/6 - Papelarte","isPartOf":{"@id":"https:\/\/papelarte.com.uy\/minorista\/minorista\/#website"},"primaryImageOfPage":{"@id":"https:\/\/papelarte.com.uy\/minorista\/minorista\/producto\/engrampadora-c-grapas-24-6\/#primaryimage"},"image":{"@id":"https:\/\/papelarte.com.uy\/minorista\/minorista\/producto\/engrampadora-c-grapas-24-6\/#primaryimage"},"thumbnailUrl":"https:\/\/papelarte.com.uy\/minorista\/wp-content\/uploads\/2024\/10\/0139133_945b7324349d7ae2427980b1b02b9496cd7938b97ce3c1c58966b084a73291f7_600.jpeg","datePublished":"2024-10-17T15:51:39+00:00","dateModified":"2024-10-17T15:51:40+00:00","description":"Engrampadora c\/grapas 24\/6","breadcrumb":{"@id":"https:\/\/papelarte.com.uy\/minorista\/minorista\/producto\/engrampadora-c-grapas-24-6\/#breadcrumb"},"inLanguage":"es","potentialAction":[{"@type":"ReadAction","target":["https:\/\/papelarte.com.uy\/minorista\/minorista\/producto\/engrampadora-c-grapas-24-6\/"]}]},{"@type":"ImageObject","inLanguage":"es","@id":"https:\/\/papelarte.com.uy\/minorista\/minorista\/producto\/engrampadora-c-grapas-24-6\/#primaryimage","url":"https:\/\/papelarte.com.uy\/minorista\/wp-content\/uploads\/2024\/10\/0139133_945b7324349d7ae2427980b1b02b9496cd7938b97ce3c1c58966b084a73291f7_600.jpeg","contentUrl":"https:\/\/papelarte.com.uy\/minorista\/wp-content\/uploads\/2024\/10\/0139133_945b7324349d7ae2427980b1b02b9496cd7938b97ce3c1c58966b084a73291f7_600.jpeg","width":600,"height":600,"caption":"Engrampadora c\/grapas 24\/6"},{"@type":"BreadcrumbList","@id":"https:\/\/papelarte.com.uy\/minorista\/minorista\/producto\/engrampadora-c-grapas-24-6\/#breadcrumb","itemListElement":[{"@type":"ListItem","position":1,"name":"Portada","item":"https:\/\/papelarte.com.uy\/minorista\/minorista\/"},{"@type":"ListItem","position":2,"name":"Productos","item":"https:\/\/papelarte.com.uy\/minorista\/minorista\/tienda\/"},{"@type":"ListItem","position":3,"name":"Engrampadora c\/grapas 24\/6"}]},{"@type":"WebSite","@id":"https:\/\/papelarte.com.uy\/minorista\/minorista\/#website","url":"https:\/\/papelarte.com.uy\/minorista\/minorista\/","name":"Papelarte","description":"Papeler\u00eda Uruguay","publisher":{"@id":"https:\/\/papelarte.com.uy\/minorista\/minorista\/#organization"},"potentialAction":[{"@type":"SearchAction","target":{"@type":"EntryPoint","urlTemplate":"https:\/\/papelarte.com.uy\/minorista\/minorista\/?s={search_term_string}"},"query-input":{"@type":"PropertyValueSpecification","valueRequired":true,"valueName":"search_term_string"}}],"inLanguage":"es"},{"@type":"Organization","@id":"https:\/\/papelarte.com.uy\/minorista\/minorista\/#organization","name":"Papelarte","url":"https:\/\/papelarte.com.uy\/minorista\/minorista\/","logo":{"@type":"ImageObject","inLanguage":"es","@id":"https:\/\/papelarte.com.uy\/minorista\/minorista\/#\/schema\/logo\/image\/","url":"https:\/\/papelarte.com.uy\/minorista\/wp-content\/uploads\/2023\/03\/logo-papelarte.png","contentUrl":"https:\/\/papelarte.com.uy\/minorista\/wp-content\/uploads\/2023\/03\/logo-papelarte.png","width":568,"height":230,"caption":"Papelarte"},"image":{"@id":"https:\/\/papelarte.com.uy\/minorista\/minorista\/#\/schema\/logo\/image\/"}}]}},"_links":{"self":[{"href":"https:\/\/papelarte.com.uy\/minorista\/wp-json\/wp\/v2\/product\/21792","targetHints":{"allow":["GET"]}}],"collection":[{"href":"https:\/\/papelarte.com.uy\/minorista\/wp-json\/wp\/v2\/product"}],"about":[{"href":"https:\/\/papelarte.com.uy\/minorista\/wp-json\/wp\/v2\/types\/product"}],"replies":[{"embeddable":true,"href":"https:\/\/papelarte.com.uy\/minorista\/wp-json\/wp\/v2\/comments?post=21792"}],"wp:featuredmedia":[{"embeddable":true,"href":"https:\/\/papelarte.com.uy\/minorista\/wp-json\/wp\/v2\/media\/21797"}],"wp:attachment":[{"href":"https:\/\/papelarte.com.uy\/minorista\/wp-json\/wp\/v2\/media?parent=21792"}],"wp:term":[{"taxonomy":"product_brand","embeddable":true,"href":"https:\/\/papelarte.com.uy\/minorista\/wp-json\/wp\/v2\/product_brand?post=21792"},{"taxonomy":"product_cat","embeddable":true,"href":"https:\/\/papelarte.com.uy\/minorista\/wp-json\/wp\/v2\/product_cat?post=21792"},{"taxonomy":"product_tag","embeddable":true,"href":"https:\/\/papelarte.com.uy\/minorista\/wp-json\/wp\/v2\/product_tag?post=21792"}],"curies":[{"name":"wp","href":"https:\/\/api.w.org\/{rel}","templated":true}]}}