{"id":19345,"date":"2024-04-15T10:04:46","date_gmt":"2024-04-15T13:04:46","guid":{"rendered":"https:\/\/papelarte.com.uy\/minorista\/minorista\/\/?post_type=product&#038;p=19345"},"modified":"2024-07-31T15:45:57","modified_gmt":"2024-07-31T18:45:57","slug":"termo-1l-con-media-asa-pico-cebador-y-base-antideslizante-berlina","status":"publish","type":"product","link":"https:\/\/papelarte.com.uy\/minorista\/producto\/termo-1l-con-media-asa-pico-cebador-y-base-antideslizante-berlina\/","title":{"rendered":"Termo 1L con media asa pico cebador y base antideslizante berlina"},"content":{"rendered":"<p>Termo 1L con media asa pico cebador y base antideslizante berlina <\/p>\n<p>Termo BERLINA 1L media asa en acero inoxidable con base antideslizante, tapa del mismo material, pico cebador y boca ancha para una mayor comodidad. Pr\u00e1ctico dise\u00f1o, liviano y f\u00e1cil de limpiar. Sirve para mantener l\u00edquidos calientes o fr\u00edos por per\u00edodos prolongados. Es el termo perfecto como compa\u00f1\u00eda de todas las horas. Presentaci\u00f3n en caja. Color plateado. Medidas: 8.5x29cm.<\/p>\n","protected":false},"excerpt":{"rendered":"<p>Termo 1L con media asa pico cebador y base antideslizante berlina Termo BERLINA 1L media asa en acero inoxidable con base antideslizante, tapa del mismo material, pico cebador y boca ancha para una mayor comodidad. Pr\u00e1ctico dise\u00f1o, liviano y f\u00e1cil de limpiar. Sirve para mantener l\u00edquidos calientes o fr\u00edos por per\u00edodos prolongados. Es el termo [&hellip;]<\/p>\n","protected":false},"featured_media":19350,"comment_status":"open","ping_status":"closed","template":"","meta":{"_joinchat":[]},"product_brand":[],"product_cat":[4599],"product_tag":[4566],"class_list":{"0":"post-19345","1":"product","2":"type-product","3":"status-publish","4":"has-post-thumbnail","6":"product_cat-berlina","7":"product_tag-berlina","9":"first","10":"instock","11":"shipping-taxable","12":"purchasable","13":"product-type-simple"},"bundled_by":[],"bundle_stock_status":"instock","bundle_stock_quantity":null,"bundle_virtual":false,"bundle_layout":"","bundle_add_to_cart_form_location":"","bundle_editable_in_cart":false,"bundle_sold_individually_context":"","bundle_item_grouping":"","bundle_min_size":"","bundle_max_size":"","bundle_price":[],"bundled_items":[],"bundle_sell_ids":[],"yoast_head":"<!-- This site is optimized with the Yoast SEO plugin v26.5 - https:\/\/yoast.com\/wordpress\/plugins\/seo\/ -->\n<title>Termo 1L con media asa pico cebador y base antideslizante berlina - Papelarte<\/title>\n<meta name=\"description\" content=\"Termo 1L con media asa pico cebador y base antideslizante berlina\" \/>\n<meta name=\"robots\" content=\"index, follow, max-snippet:-1, max-image-preview:large, max-video-preview:-1\" \/>\n<link rel=\"canonical\" href=\"https:\/\/papelarte.com.uy\/minorista\/minorista\/producto\/termo-1l-con-media-asa-pico-cebador-y-base-antideslizante-berlina\/\" \/>\n<meta property=\"og:locale\" content=\"es_ES\" \/>\n<meta property=\"og:type\" content=\"article\" \/>\n<meta property=\"og:title\" content=\"Termo 1L con media asa pico cebador y base antideslizante berlina - Papelarte\" \/>\n<meta property=\"og:description\" content=\"Termo 1L con media asa pico cebador y base antideslizante berlina\" \/>\n<meta property=\"og:url\" content=\"https:\/\/papelarte.com.uy\/minorista\/minorista\/producto\/termo-1l-con-media-asa-pico-cebador-y-base-antideslizante-berlina\/\" \/>\n<meta property=\"og:site_name\" content=\"Papelarte\" \/>\n<meta property=\"article:modified_time\" content=\"2024-07-31T18:45:57+00:00\" \/>\n<meta property=\"og:image\" content=\"https:\/\/papelarte.com.uy\/minorista\/minorista\/wp-content\/uploads\/2024\/04\/0105218_6e79241d6a69660b6ef6a0f8d8c46dffa1a6a4cbb9a6ae53a5f450547f44c2aa_600.jpeg\" \/>\n\t<meta property=\"og:image:width\" content=\"600\" \/>\n\t<meta property=\"og:image:height\" content=\"600\" \/>\n\t<meta property=\"og:image:type\" content=\"image\/jpeg\" \/>\n<meta name=\"twitter:card\" content=\"summary_large_image\" \/>\n<meta name=\"twitter:label1\" content=\"Tiempo de lectura\" \/>\n\t<meta name=\"twitter:data1\" content=\"1 minuto\" \/>\n<script type=\"application\/ld+json\" class=\"yoast-schema-graph\">{\"@context\":\"https:\/\/schema.org\",\"@graph\":[{\"@type\":\"WebPage\",\"@id\":\"https:\/\/papelarte.com.uy\/minorista\/minorista\/producto\/termo-1l-con-media-asa-pico-cebador-y-base-antideslizante-berlina\/\",\"url\":\"https:\/\/papelarte.com.uy\/minorista\/minorista\/producto\/termo-1l-con-media-asa-pico-cebador-y-base-antideslizante-berlina\/\",\"name\":\"Termo 1L con media asa pico cebador y base antideslizante berlina - Papelarte\",\"isPartOf\":{\"@id\":\"https:\/\/papelarte.com.uy\/minorista\/minorista\/#website\"},\"primaryImageOfPage\":{\"@id\":\"https:\/\/papelarte.com.uy\/minorista\/minorista\/producto\/termo-1l-con-media-asa-pico-cebador-y-base-antideslizante-berlina\/#primaryimage\"},\"image\":{\"@id\":\"https:\/\/papelarte.com.uy\/minorista\/minorista\/producto\/termo-1l-con-media-asa-pico-cebador-y-base-antideslizante-berlina\/#primaryimage\"},\"thumbnailUrl\":\"https:\/\/papelarte.com.uy\/minorista\/wp-content\/uploads\/2024\/04\/0105218_6e79241d6a69660b6ef6a0f8d8c46dffa1a6a4cbb9a6ae53a5f450547f44c2aa_600.jpeg\",\"datePublished\":\"2024-04-15T13:04:46+00:00\",\"dateModified\":\"2024-07-31T18:45:57+00:00\",\"description\":\"Termo 1L con media asa pico cebador y base antideslizante berlina\",\"breadcrumb\":{\"@id\":\"https:\/\/papelarte.com.uy\/minorista\/minorista\/producto\/termo-1l-con-media-asa-pico-cebador-y-base-antideslizante-berlina\/#breadcrumb\"},\"inLanguage\":\"es\",\"potentialAction\":[{\"@type\":\"ReadAction\",\"target\":[\"https:\/\/papelarte.com.uy\/minorista\/minorista\/producto\/termo-1l-con-media-asa-pico-cebador-y-base-antideslizante-berlina\/\"]}]},{\"@type\":\"ImageObject\",\"inLanguage\":\"es\",\"@id\":\"https:\/\/papelarte.com.uy\/minorista\/minorista\/producto\/termo-1l-con-media-asa-pico-cebador-y-base-antideslizante-berlina\/#primaryimage\",\"url\":\"https:\/\/papelarte.com.uy\/minorista\/wp-content\/uploads\/2024\/04\/0105218_6e79241d6a69660b6ef6a0f8d8c46dffa1a6a4cbb9a6ae53a5f450547f44c2aa_600.jpeg\",\"contentUrl\":\"https:\/\/papelarte.com.uy\/minorista\/wp-content\/uploads\/2024\/04\/0105218_6e79241d6a69660b6ef6a0f8d8c46dffa1a6a4cbb9a6ae53a5f450547f44c2aa_600.jpeg\",\"width\":600,\"height\":600,\"caption\":\"Termo 1L con media asa pico cebador y base antideslizante berlina\"},{\"@type\":\"BreadcrumbList\",\"@id\":\"https:\/\/papelarte.com.uy\/minorista\/minorista\/producto\/termo-1l-con-media-asa-pico-cebador-y-base-antideslizante-berlina\/#breadcrumb\",\"itemListElement\":[{\"@type\":\"ListItem\",\"position\":1,\"name\":\"Portada\",\"item\":\"https:\/\/papelarte.com.uy\/minorista\/minorista\/\"},{\"@type\":\"ListItem\",\"position\":2,\"name\":\"Productos\",\"item\":\"https:\/\/papelarte.com.uy\/minorista\/minorista\/tienda\/\"},{\"@type\":\"ListItem\",\"position\":3,\"name\":\"Termo 1L con media asa pico cebador y base antideslizante berlina\"}]},{\"@type\":\"WebSite\",\"@id\":\"https:\/\/papelarte.com.uy\/minorista\/minorista\/#website\",\"url\":\"https:\/\/papelarte.com.uy\/minorista\/minorista\/\",\"name\":\"Papelarte\",\"description\":\"Papeler\u00eda Uruguay\",\"publisher\":{\"@id\":\"https:\/\/papelarte.com.uy\/minorista\/minorista\/#organization\"},\"potentialAction\":[{\"@type\":\"SearchAction\",\"target\":{\"@type\":\"EntryPoint\",\"urlTemplate\":\"https:\/\/papelarte.com.uy\/minorista\/minorista\/?s={search_term_string}\"},\"query-input\":{\"@type\":\"PropertyValueSpecification\",\"valueRequired\":true,\"valueName\":\"search_term_string\"}}],\"inLanguage\":\"es\"},{\"@type\":\"Organization\",\"@id\":\"https:\/\/papelarte.com.uy\/minorista\/minorista\/#organization\",\"name\":\"Papelarte\",\"url\":\"https:\/\/papelarte.com.uy\/minorista\/minorista\/\",\"logo\":{\"@type\":\"ImageObject\",\"inLanguage\":\"es\",\"@id\":\"https:\/\/papelarte.com.uy\/minorista\/minorista\/#\/schema\/logo\/image\/\",\"url\":\"https:\/\/papelarte.com.uy\/minorista\/wp-content\/uploads\/2023\/03\/logo-papelarte.png\",\"contentUrl\":\"https:\/\/papelarte.com.uy\/minorista\/wp-content\/uploads\/2023\/03\/logo-papelarte.png\",\"width\":568,\"height\":230,\"caption\":\"Papelarte\"},\"image\":{\"@id\":\"https:\/\/papelarte.com.uy\/minorista\/minorista\/#\/schema\/logo\/image\/\"}}]}<\/script>\n<!-- \/ Yoast SEO plugin. -->","yoast_head_json":{"title":"Termo 1L con media asa pico cebador y base antideslizante berlina - Papelarte","description":"Termo 1L con media asa pico cebador y base antideslizante berlina","robots":{"index":"index","follow":"follow","max-snippet":"max-snippet:-1","max-image-preview":"max-image-preview:large","max-video-preview":"max-video-preview:-1"},"canonical":"https:\/\/papelarte.com.uy\/minorista\/minorista\/producto\/termo-1l-con-media-asa-pico-cebador-y-base-antideslizante-berlina\/","og_locale":"es_ES","og_type":"article","og_title":"Termo 1L con media asa pico cebador y base antideslizante berlina - Papelarte","og_description":"Termo 1L con media asa pico cebador y base antideslizante berlina","og_url":"https:\/\/papelarte.com.uy\/minorista\/minorista\/producto\/termo-1l-con-media-asa-pico-cebador-y-base-antideslizante-berlina\/","og_site_name":"Papelarte","article_modified_time":"2024-07-31T18:45:57+00:00","og_image":[{"width":600,"height":600,"url":"https:\/\/papelarte.com.uy\/minorista\/minorista\/wp-content\/uploads\/2024\/04\/0105218_6e79241d6a69660b6ef6a0f8d8c46dffa1a6a4cbb9a6ae53a5f450547f44c2aa_600.jpeg","type":"image\/jpeg"}],"twitter_card":"summary_large_image","twitter_misc":{"Tiempo de lectura":"1 minuto"},"schema":{"@context":"https:\/\/schema.org","@graph":[{"@type":"WebPage","@id":"https:\/\/papelarte.com.uy\/minorista\/minorista\/producto\/termo-1l-con-media-asa-pico-cebador-y-base-antideslizante-berlina\/","url":"https:\/\/papelarte.com.uy\/minorista\/minorista\/producto\/termo-1l-con-media-asa-pico-cebador-y-base-antideslizante-berlina\/","name":"Termo 1L con media asa pico cebador y base antideslizante berlina - Papelarte","isPartOf":{"@id":"https:\/\/papelarte.com.uy\/minorista\/minorista\/#website"},"primaryImageOfPage":{"@id":"https:\/\/papelarte.com.uy\/minorista\/minorista\/producto\/termo-1l-con-media-asa-pico-cebador-y-base-antideslizante-berlina\/#primaryimage"},"image":{"@id":"https:\/\/papelarte.com.uy\/minorista\/minorista\/producto\/termo-1l-con-media-asa-pico-cebador-y-base-antideslizante-berlina\/#primaryimage"},"thumbnailUrl":"https:\/\/papelarte.com.uy\/minorista\/wp-content\/uploads\/2024\/04\/0105218_6e79241d6a69660b6ef6a0f8d8c46dffa1a6a4cbb9a6ae53a5f450547f44c2aa_600.jpeg","datePublished":"2024-04-15T13:04:46+00:00","dateModified":"2024-07-31T18:45:57+00:00","description":"Termo 1L con media asa pico cebador y base antideslizante berlina","breadcrumb":{"@id":"https:\/\/papelarte.com.uy\/minorista\/minorista\/producto\/termo-1l-con-media-asa-pico-cebador-y-base-antideslizante-berlina\/#breadcrumb"},"inLanguage":"es","potentialAction":[{"@type":"ReadAction","target":["https:\/\/papelarte.com.uy\/minorista\/minorista\/producto\/termo-1l-con-media-asa-pico-cebador-y-base-antideslizante-berlina\/"]}]},{"@type":"ImageObject","inLanguage":"es","@id":"https:\/\/papelarte.com.uy\/minorista\/minorista\/producto\/termo-1l-con-media-asa-pico-cebador-y-base-antideslizante-berlina\/#primaryimage","url":"https:\/\/papelarte.com.uy\/minorista\/wp-content\/uploads\/2024\/04\/0105218_6e79241d6a69660b6ef6a0f8d8c46dffa1a6a4cbb9a6ae53a5f450547f44c2aa_600.jpeg","contentUrl":"https:\/\/papelarte.com.uy\/minorista\/wp-content\/uploads\/2024\/04\/0105218_6e79241d6a69660b6ef6a0f8d8c46dffa1a6a4cbb9a6ae53a5f450547f44c2aa_600.jpeg","width":600,"height":600,"caption":"Termo 1L con media asa pico cebador y base antideslizante berlina"},{"@type":"BreadcrumbList","@id":"https:\/\/papelarte.com.uy\/minorista\/minorista\/producto\/termo-1l-con-media-asa-pico-cebador-y-base-antideslizante-berlina\/#breadcrumb","itemListElement":[{"@type":"ListItem","position":1,"name":"Portada","item":"https:\/\/papelarte.com.uy\/minorista\/minorista\/"},{"@type":"ListItem","position":2,"name":"Productos","item":"https:\/\/papelarte.com.uy\/minorista\/minorista\/tienda\/"},{"@type":"ListItem","position":3,"name":"Termo 1L con media asa pico cebador y base antideslizante berlina"}]},{"@type":"WebSite","@id":"https:\/\/papelarte.com.uy\/minorista\/minorista\/#website","url":"https:\/\/papelarte.com.uy\/minorista\/minorista\/","name":"Papelarte","description":"Papeler\u00eda Uruguay","publisher":{"@id":"https:\/\/papelarte.com.uy\/minorista\/minorista\/#organization"},"potentialAction":[{"@type":"SearchAction","target":{"@type":"EntryPoint","urlTemplate":"https:\/\/papelarte.com.uy\/minorista\/minorista\/?s={search_term_string}"},"query-input":{"@type":"PropertyValueSpecification","valueRequired":true,"valueName":"search_term_string"}}],"inLanguage":"es"},{"@type":"Organization","@id":"https:\/\/papelarte.com.uy\/minorista\/minorista\/#organization","name":"Papelarte","url":"https:\/\/papelarte.com.uy\/minorista\/minorista\/","logo":{"@type":"ImageObject","inLanguage":"es","@id":"https:\/\/papelarte.com.uy\/minorista\/minorista\/#\/schema\/logo\/image\/","url":"https:\/\/papelarte.com.uy\/minorista\/wp-content\/uploads\/2023\/03\/logo-papelarte.png","contentUrl":"https:\/\/papelarte.com.uy\/minorista\/wp-content\/uploads\/2023\/03\/logo-papelarte.png","width":568,"height":230,"caption":"Papelarte"},"image":{"@id":"https:\/\/papelarte.com.uy\/minorista\/minorista\/#\/schema\/logo\/image\/"}}]}},"_links":{"self":[{"href":"https:\/\/papelarte.com.uy\/minorista\/wp-json\/wp\/v2\/product\/19345","targetHints":{"allow":["GET"]}}],"collection":[{"href":"https:\/\/papelarte.com.uy\/minorista\/wp-json\/wp\/v2\/product"}],"about":[{"href":"https:\/\/papelarte.com.uy\/minorista\/wp-json\/wp\/v2\/types\/product"}],"replies":[{"embeddable":true,"href":"https:\/\/papelarte.com.uy\/minorista\/wp-json\/wp\/v2\/comments?post=19345"}],"wp:featuredmedia":[{"embeddable":true,"href":"https:\/\/papelarte.com.uy\/minorista\/wp-json\/wp\/v2\/media\/19350"}],"wp:attachment":[{"href":"https:\/\/papelarte.com.uy\/minorista\/wp-json\/wp\/v2\/media?parent=19345"}],"wp:term":[{"taxonomy":"product_brand","embeddable":true,"href":"https:\/\/papelarte.com.uy\/minorista\/wp-json\/wp\/v2\/product_brand?post=19345"},{"taxonomy":"product_cat","embeddable":true,"href":"https:\/\/papelarte.com.uy\/minorista\/wp-json\/wp\/v2\/product_cat?post=19345"},{"taxonomy":"product_tag","embeddable":true,"href":"https:\/\/papelarte.com.uy\/minorista\/wp-json\/wp\/v2\/product_tag?post=19345"}],"curies":[{"name":"wp","href":"https:\/\/api.w.org\/{rel}","templated":true}]}}