{"id":17726,"date":"2023-11-20T09:26:24","date_gmt":"2023-11-20T12:26:24","guid":{"rendered":"https:\/\/papelarte.com.uy\/minorista\/minorista\/\/?post_type=product&#038;p=17726"},"modified":"2024-07-31T15:36:07","modified_gmt":"2024-07-31T18:36:07","slug":"marcador-para-vidrio-y-cualquier-superficie-no-porosa","status":"publish","type":"product","link":"https:\/\/papelarte.com.uy\/minorista\/producto\/marcador-para-vidrio-y-cualquier-superficie-no-porosa\/","title":{"rendered":"Marcador para vidrio y cualquier superficie no porosa"},"content":{"rendered":"<p>Marcador para vidrio y cualquier superficie no porosa<\/p>\n<p>Marcador fluorescente, ideal para escribir y decorar vidrios, ventanas, espejos, pizarras blancas y negras, tableros de LED, cer\u00e1mica, metal, pl\u00e1sticos, carteles y todas las superficies no porosas. Presentaci\u00f3n en tubo met\u00e1lico con punta duradera. Se borra con un pa\u00f1o. 8 colores fluo disponibles.<\/p>\n<p>Punta : 10 mm<br \/>\nColores : 8 colores<br \/>\nPresentaci\u00f3n : Unidad<\/p>\n","protected":false},"excerpt":{"rendered":"<p>Marcador para vidrio y cualquier superficie no porosa Marcador fluorescente, ideal para escribir y decorar vidrios, ventanas, espejos, pizarras blancas y negras, tableros de LED, cer\u00e1mica, metal, pl\u00e1sticos, carteles y todas las superficies no porosas. Presentaci\u00f3n en tubo met\u00e1lico con punta duradera. Se borra con un pa\u00f1o. 8 colores fluo disponibles. Punta : 10 mm [&hellip;]<\/p>\n","protected":false},"featured_media":17736,"comment_status":"open","ping_status":"closed","template":"","meta":{"_joinchat":[]},"product_brand":[],"product_cat":[2877,3383,2622],"product_tag":[4650,4574,4692],"class_list":{"0":"post-17726","1":"product","2":"type-product","3":"status-publish","4":"has-post-thumbnail","6":"product_cat-marcadores","7":"product_cat-omega","8":"product_cat-papeleria","9":"product_tag-marcador","10":"product_tag-omega","11":"product_tag-papeleria","13":"first","14":"instock","15":"shipping-taxable","16":"purchasable","17":"product-type-variable"},"bundled_by":[],"bundle_stock_status":"instock","bundle_stock_quantity":null,"bundle_virtual":false,"bundle_layout":"","bundle_add_to_cart_form_location":"","bundle_editable_in_cart":false,"bundle_sold_individually_context":"","bundle_item_grouping":"","bundle_min_size":"","bundle_max_size":"","bundle_price":[],"bundled_items":[],"bundle_sell_ids":[],"yoast_head":"<!-- This site is optimized with the Yoast SEO plugin v26.5 - https:\/\/yoast.com\/wordpress\/plugins\/seo\/ -->\n<title>Marcador para vidrio y cualquier superficie no porosa - Papelarte<\/title>\n<meta name=\"description\" content=\"Marcador para vidrio y cualquier superficie no porosa\" \/>\n<meta name=\"robots\" content=\"index, follow, max-snippet:-1, max-image-preview:large, max-video-preview:-1\" \/>\n<link rel=\"canonical\" href=\"https:\/\/papelarte.com.uy\/minorista\/minorista\/producto\/marcador-para-vidrio-y-cualquier-superficie-no-porosa\/\" \/>\n<meta property=\"og:locale\" content=\"es_ES\" \/>\n<meta property=\"og:type\" content=\"article\" \/>\n<meta property=\"og:title\" content=\"Marcador para vidrio y cualquier superficie no porosa - Papelarte\" \/>\n<meta property=\"og:description\" content=\"Marcador para vidrio y cualquier superficie no porosa\" \/>\n<meta property=\"og:url\" content=\"https:\/\/papelarte.com.uy\/minorista\/minorista\/producto\/marcador-para-vidrio-y-cualquier-superficie-no-porosa\/\" \/>\n<meta property=\"og:site_name\" content=\"Papelarte\" \/>\n<meta property=\"article:modified_time\" content=\"2024-07-31T18:36:07+00:00\" \/>\n<meta property=\"og:image\" content=\"https:\/\/papelarte.com.uy\/minorista\/minorista\/wp-content\/uploads\/2023\/11\/MARWIN10-1.jpg\" \/>\n\t<meta property=\"og:image:width\" content=\"547\" \/>\n\t<meta property=\"og:image:height\" content=\"532\" \/>\n\t<meta property=\"og:image:type\" content=\"image\/jpeg\" \/>\n<meta name=\"twitter:card\" content=\"summary_large_image\" \/>\n<meta name=\"twitter:label1\" content=\"Tiempo de lectura\" \/>\n\t<meta name=\"twitter:data1\" content=\"1 minuto\" \/>\n<script type=\"application\/ld+json\" class=\"yoast-schema-graph\">{\"@context\":\"https:\/\/schema.org\",\"@graph\":[{\"@type\":\"WebPage\",\"@id\":\"https:\/\/papelarte.com.uy\/minorista\/minorista\/producto\/marcador-para-vidrio-y-cualquier-superficie-no-porosa\/\",\"url\":\"https:\/\/papelarte.com.uy\/minorista\/minorista\/producto\/marcador-para-vidrio-y-cualquier-superficie-no-porosa\/\",\"name\":\"Marcador para vidrio y cualquier superficie no porosa - Papelarte\",\"isPartOf\":{\"@id\":\"https:\/\/papelarte.com.uy\/minorista\/minorista\/#website\"},\"primaryImageOfPage\":{\"@id\":\"https:\/\/papelarte.com.uy\/minorista\/minorista\/producto\/marcador-para-vidrio-y-cualquier-superficie-no-porosa\/#primaryimage\"},\"image\":{\"@id\":\"https:\/\/papelarte.com.uy\/minorista\/minorista\/producto\/marcador-para-vidrio-y-cualquier-superficie-no-porosa\/#primaryimage\"},\"thumbnailUrl\":\"https:\/\/papelarte.com.uy\/minorista\/wp-content\/uploads\/2023\/11\/MARWIN10-1.jpg\",\"datePublished\":\"2023-11-20T12:26:24+00:00\",\"dateModified\":\"2024-07-31T18:36:07+00:00\",\"description\":\"Marcador para vidrio y cualquier superficie no porosa\",\"breadcrumb\":{\"@id\":\"https:\/\/papelarte.com.uy\/minorista\/minorista\/producto\/marcador-para-vidrio-y-cualquier-superficie-no-porosa\/#breadcrumb\"},\"inLanguage\":\"es\",\"potentialAction\":[{\"@type\":\"ReadAction\",\"target\":[\"https:\/\/papelarte.com.uy\/minorista\/minorista\/producto\/marcador-para-vidrio-y-cualquier-superficie-no-porosa\/\"]}]},{\"@type\":\"ImageObject\",\"inLanguage\":\"es\",\"@id\":\"https:\/\/papelarte.com.uy\/minorista\/minorista\/producto\/marcador-para-vidrio-y-cualquier-superficie-no-porosa\/#primaryimage\",\"url\":\"https:\/\/papelarte.com.uy\/minorista\/wp-content\/uploads\/2023\/11\/MARWIN10-1.jpg\",\"contentUrl\":\"https:\/\/papelarte.com.uy\/minorista\/wp-content\/uploads\/2023\/11\/MARWIN10-1.jpg\",\"width\":547,\"height\":532,\"caption\":\"Marcador para vidrio y cualquier superficie no porosa\"},{\"@type\":\"BreadcrumbList\",\"@id\":\"https:\/\/papelarte.com.uy\/minorista\/minorista\/producto\/marcador-para-vidrio-y-cualquier-superficie-no-porosa\/#breadcrumb\",\"itemListElement\":[{\"@type\":\"ListItem\",\"position\":1,\"name\":\"Portada\",\"item\":\"https:\/\/papelarte.com.uy\/minorista\/minorista\/\"},{\"@type\":\"ListItem\",\"position\":2,\"name\":\"Productos\",\"item\":\"https:\/\/papelarte.com.uy\/minorista\/minorista\/tienda\/\"},{\"@type\":\"ListItem\",\"position\":3,\"name\":\"Marcador para vidrio y cualquier superficie no porosa\"}]},{\"@type\":\"WebSite\",\"@id\":\"https:\/\/papelarte.com.uy\/minorista\/minorista\/#website\",\"url\":\"https:\/\/papelarte.com.uy\/minorista\/minorista\/\",\"name\":\"Papelarte\",\"description\":\"Papeler\u00eda Uruguay\",\"publisher\":{\"@id\":\"https:\/\/papelarte.com.uy\/minorista\/minorista\/#organization\"},\"potentialAction\":[{\"@type\":\"SearchAction\",\"target\":{\"@type\":\"EntryPoint\",\"urlTemplate\":\"https:\/\/papelarte.com.uy\/minorista\/minorista\/?s={search_term_string}\"},\"query-input\":{\"@type\":\"PropertyValueSpecification\",\"valueRequired\":true,\"valueName\":\"search_term_string\"}}],\"inLanguage\":\"es\"},{\"@type\":\"Organization\",\"@id\":\"https:\/\/papelarte.com.uy\/minorista\/minorista\/#organization\",\"name\":\"Papelarte\",\"url\":\"https:\/\/papelarte.com.uy\/minorista\/minorista\/\",\"logo\":{\"@type\":\"ImageObject\",\"inLanguage\":\"es\",\"@id\":\"https:\/\/papelarte.com.uy\/minorista\/minorista\/#\/schema\/logo\/image\/\",\"url\":\"https:\/\/papelarte.com.uy\/minorista\/wp-content\/uploads\/2023\/03\/logo-papelarte.png\",\"contentUrl\":\"https:\/\/papelarte.com.uy\/minorista\/wp-content\/uploads\/2023\/03\/logo-papelarte.png\",\"width\":568,\"height\":230,\"caption\":\"Papelarte\"},\"image\":{\"@id\":\"https:\/\/papelarte.com.uy\/minorista\/minorista\/#\/schema\/logo\/image\/\"}}]}<\/script>\n<!-- \/ Yoast SEO plugin. -->","yoast_head_json":{"title":"Marcador para vidrio y cualquier superficie no porosa - Papelarte","description":"Marcador para vidrio y cualquier superficie no porosa","robots":{"index":"index","follow":"follow","max-snippet":"max-snippet:-1","max-image-preview":"max-image-preview:large","max-video-preview":"max-video-preview:-1"},"canonical":"https:\/\/papelarte.com.uy\/minorista\/minorista\/producto\/marcador-para-vidrio-y-cualquier-superficie-no-porosa\/","og_locale":"es_ES","og_type":"article","og_title":"Marcador para vidrio y cualquier superficie no porosa - Papelarte","og_description":"Marcador para vidrio y cualquier superficie no porosa","og_url":"https:\/\/papelarte.com.uy\/minorista\/minorista\/producto\/marcador-para-vidrio-y-cualquier-superficie-no-porosa\/","og_site_name":"Papelarte","article_modified_time":"2024-07-31T18:36:07+00:00","og_image":[{"width":547,"height":532,"url":"https:\/\/papelarte.com.uy\/minorista\/minorista\/wp-content\/uploads\/2023\/11\/MARWIN10-1.jpg","type":"image\/jpeg"}],"twitter_card":"summary_large_image","twitter_misc":{"Tiempo de lectura":"1 minuto"},"schema":{"@context":"https:\/\/schema.org","@graph":[{"@type":"WebPage","@id":"https:\/\/papelarte.com.uy\/minorista\/minorista\/producto\/marcador-para-vidrio-y-cualquier-superficie-no-porosa\/","url":"https:\/\/papelarte.com.uy\/minorista\/minorista\/producto\/marcador-para-vidrio-y-cualquier-superficie-no-porosa\/","name":"Marcador para vidrio y cualquier superficie no porosa - Papelarte","isPartOf":{"@id":"https:\/\/papelarte.com.uy\/minorista\/minorista\/#website"},"primaryImageOfPage":{"@id":"https:\/\/papelarte.com.uy\/minorista\/minorista\/producto\/marcador-para-vidrio-y-cualquier-superficie-no-porosa\/#primaryimage"},"image":{"@id":"https:\/\/papelarte.com.uy\/minorista\/minorista\/producto\/marcador-para-vidrio-y-cualquier-superficie-no-porosa\/#primaryimage"},"thumbnailUrl":"https:\/\/papelarte.com.uy\/minorista\/wp-content\/uploads\/2023\/11\/MARWIN10-1.jpg","datePublished":"2023-11-20T12:26:24+00:00","dateModified":"2024-07-31T18:36:07+00:00","description":"Marcador para vidrio y cualquier superficie no porosa","breadcrumb":{"@id":"https:\/\/papelarte.com.uy\/minorista\/minorista\/producto\/marcador-para-vidrio-y-cualquier-superficie-no-porosa\/#breadcrumb"},"inLanguage":"es","potentialAction":[{"@type":"ReadAction","target":["https:\/\/papelarte.com.uy\/minorista\/minorista\/producto\/marcador-para-vidrio-y-cualquier-superficie-no-porosa\/"]}]},{"@type":"ImageObject","inLanguage":"es","@id":"https:\/\/papelarte.com.uy\/minorista\/minorista\/producto\/marcador-para-vidrio-y-cualquier-superficie-no-porosa\/#primaryimage","url":"https:\/\/papelarte.com.uy\/minorista\/wp-content\/uploads\/2023\/11\/MARWIN10-1.jpg","contentUrl":"https:\/\/papelarte.com.uy\/minorista\/wp-content\/uploads\/2023\/11\/MARWIN10-1.jpg","width":547,"height":532,"caption":"Marcador para vidrio y cualquier superficie no porosa"},{"@type":"BreadcrumbList","@id":"https:\/\/papelarte.com.uy\/minorista\/minorista\/producto\/marcador-para-vidrio-y-cualquier-superficie-no-porosa\/#breadcrumb","itemListElement":[{"@type":"ListItem","position":1,"name":"Portada","item":"https:\/\/papelarte.com.uy\/minorista\/minorista\/"},{"@type":"ListItem","position":2,"name":"Productos","item":"https:\/\/papelarte.com.uy\/minorista\/minorista\/tienda\/"},{"@type":"ListItem","position":3,"name":"Marcador para vidrio y cualquier superficie no porosa"}]},{"@type":"WebSite","@id":"https:\/\/papelarte.com.uy\/minorista\/minorista\/#website","url":"https:\/\/papelarte.com.uy\/minorista\/minorista\/","name":"Papelarte","description":"Papeler\u00eda Uruguay","publisher":{"@id":"https:\/\/papelarte.com.uy\/minorista\/minorista\/#organization"},"potentialAction":[{"@type":"SearchAction","target":{"@type":"EntryPoint","urlTemplate":"https:\/\/papelarte.com.uy\/minorista\/minorista\/?s={search_term_string}"},"query-input":{"@type":"PropertyValueSpecification","valueRequired":true,"valueName":"search_term_string"}}],"inLanguage":"es"},{"@type":"Organization","@id":"https:\/\/papelarte.com.uy\/minorista\/minorista\/#organization","name":"Papelarte","url":"https:\/\/papelarte.com.uy\/minorista\/minorista\/","logo":{"@type":"ImageObject","inLanguage":"es","@id":"https:\/\/papelarte.com.uy\/minorista\/minorista\/#\/schema\/logo\/image\/","url":"https:\/\/papelarte.com.uy\/minorista\/wp-content\/uploads\/2023\/03\/logo-papelarte.png","contentUrl":"https:\/\/papelarte.com.uy\/minorista\/wp-content\/uploads\/2023\/03\/logo-papelarte.png","width":568,"height":230,"caption":"Papelarte"},"image":{"@id":"https:\/\/papelarte.com.uy\/minorista\/minorista\/#\/schema\/logo\/image\/"}}]}},"_links":{"self":[{"href":"https:\/\/papelarte.com.uy\/minorista\/wp-json\/wp\/v2\/product\/17726","targetHints":{"allow":["GET"]}}],"collection":[{"href":"https:\/\/papelarte.com.uy\/minorista\/wp-json\/wp\/v2\/product"}],"about":[{"href":"https:\/\/papelarte.com.uy\/minorista\/wp-json\/wp\/v2\/types\/product"}],"replies":[{"embeddable":true,"href":"https:\/\/papelarte.com.uy\/minorista\/wp-json\/wp\/v2\/comments?post=17726"}],"wp:featuredmedia":[{"embeddable":true,"href":"https:\/\/papelarte.com.uy\/minorista\/wp-json\/wp\/v2\/media\/17736"}],"wp:attachment":[{"href":"https:\/\/papelarte.com.uy\/minorista\/wp-json\/wp\/v2\/media?parent=17726"}],"wp:term":[{"taxonomy":"product_brand","embeddable":true,"href":"https:\/\/papelarte.com.uy\/minorista\/wp-json\/wp\/v2\/product_brand?post=17726"},{"taxonomy":"product_cat","embeddable":true,"href":"https:\/\/papelarte.com.uy\/minorista\/wp-json\/wp\/v2\/product_cat?post=17726"},{"taxonomy":"product_tag","embeddable":true,"href":"https:\/\/papelarte.com.uy\/minorista\/wp-json\/wp\/v2\/product_tag?post=17726"}],"curies":[{"name":"wp","href":"https:\/\/api.w.org\/{rel}","templated":true}]}}