{"id":17536,"date":"2023-11-16T13:29:05","date_gmt":"2023-11-16T16:29:05","guid":{"rendered":"https:\/\/papelarte.com.uy\/minorista\/minorista\/\/?post_type=product&#038;p=17536"},"modified":"2024-07-31T15:28:43","modified_gmt":"2024-07-31T18:28:43","slug":"cizalla-rotativa-ibi-craft-cabezal-360-de-12-patrones-de-corte","status":"publish","type":"product","link":"https:\/\/papelarte.com.uy\/minorista\/producto\/cizalla-rotativa-ibi-craft-cabezal-360-de-12-patrones-de-corte\/","title":{"rendered":"Cizalla rotativa ibi craft cabezal 360\u00b0 de 12 patrones de corte"},"content":{"rendered":"<p>Cizalla rotativa ibi craft cabezal 360\u00b0 de 12 patrones de corte <\/p>\n<p>Cizalla rotativa IBI CRAFT de longitud de corte A4 (M\u00e1x. 31 cms), con disco de cuchillas giratorio para selecci\u00f3n de cada uno de los 12 patrones de corte disponibles (corte, puntillado, ondulado y 9 dise\u00f1os m\u00e1s). Capacidad de corte de 5 hojas (70 grs). En pl\u00e1stico ABS resistente, liviano y portable.<\/p>\n<p>Corte : A4 (M\u00e1x. 31 cms)<br \/>\nPresentaci\u00f3n : Unidad<\/p>\n","protected":false},"excerpt":{"rendered":"<p>Cizalla rotativa ibi craft cabezal 360\u00b0 de 12 patrones de corte Cizalla rotativa IBI CRAFT de longitud de corte A4 (M\u00e1x. 31 cms), con disco de cuchillas giratorio para selecci\u00f3n de cada uno de los 12 patrones de corte disponibles (corte, puntillado, ondulado y 9 dise\u00f1os m\u00e1s). Capacidad de corte de 5 hojas (70 grs). [&hellip;]<\/p>\n","protected":false},"featured_media":17537,"comment_status":"open","ping_status":"closed","template":"","meta":{"_joinchat":[]},"product_brand":[],"product_cat":[3356],"product_tag":[4542],"class_list":{"0":"post-17536","1":"product","2":"type-product","3":"status-publish","4":"has-post-thumbnail","6":"product_cat-ibi-craft","7":"product_tag-ibi-craft","9":"first","10":"instock","11":"shipping-taxable","12":"purchasable","13":"product-type-simple"},"bundled_by":[],"bundle_stock_status":"instock","bundle_stock_quantity":null,"bundle_virtual":false,"bundle_layout":"","bundle_add_to_cart_form_location":"","bundle_editable_in_cart":false,"bundle_sold_individually_context":"","bundle_item_grouping":"","bundle_min_size":"","bundle_max_size":"","bundle_price":[],"bundled_items":[],"bundle_sell_ids":[],"yoast_head":"<!-- This site is optimized with the Yoast SEO plugin v26.5 - https:\/\/yoast.com\/wordpress\/plugins\/seo\/ -->\n<title>Cizalla rotativa ibi craft cabezal 360\u00b0 de 12 patrones de corte - Papelarte<\/title>\n<meta name=\"description\" content=\"Cizalla rotativa ibi craft cabezal 360\u00b0 de 12 patrones de corte\" \/>\n<meta name=\"robots\" content=\"index, follow, max-snippet:-1, max-image-preview:large, max-video-preview:-1\" \/>\n<link rel=\"canonical\" href=\"https:\/\/papelarte.com.uy\/minorista\/minorista\/producto\/cizalla-rotativa-ibi-craft-cabezal-360-de-12-patrones-de-corte\/\" \/>\n<meta property=\"og:locale\" content=\"es_ES\" \/>\n<meta property=\"og:type\" content=\"article\" \/>\n<meta property=\"og:title\" content=\"Cizalla rotativa ibi craft cabezal 360\u00b0 de 12 patrones de corte - Papelarte\" \/>\n<meta property=\"og:description\" content=\"Cizalla rotativa ibi craft cabezal 360\u00b0 de 12 patrones de corte\" \/>\n<meta property=\"og:url\" content=\"https:\/\/papelarte.com.uy\/minorista\/minorista\/producto\/cizalla-rotativa-ibi-craft-cabezal-360-de-12-patrones-de-corte\/\" \/>\n<meta property=\"og:site_name\" content=\"Papelarte\" \/>\n<meta property=\"article:modified_time\" content=\"2024-07-31T18:28:43+00:00\" \/>\n<meta property=\"og:image\" content=\"https:\/\/papelarte.com.uy\/minorista\/minorista\/wp-content\/uploads\/2023\/11\/400007.png\" \/>\n\t<meta property=\"og:image:width\" content=\"389\" \/>\n\t<meta property=\"og:image:height\" content=\"500\" \/>\n\t<meta property=\"og:image:type\" content=\"image\/png\" \/>\n<meta name=\"twitter:card\" content=\"summary_large_image\" \/>\n<meta name=\"twitter:label1\" content=\"Tiempo de lectura\" \/>\n\t<meta name=\"twitter:data1\" content=\"1 minuto\" \/>\n<script type=\"application\/ld+json\" class=\"yoast-schema-graph\">{\"@context\":\"https:\/\/schema.org\",\"@graph\":[{\"@type\":\"WebPage\",\"@id\":\"https:\/\/papelarte.com.uy\/minorista\/minorista\/producto\/cizalla-rotativa-ibi-craft-cabezal-360-de-12-patrones-de-corte\/\",\"url\":\"https:\/\/papelarte.com.uy\/minorista\/minorista\/producto\/cizalla-rotativa-ibi-craft-cabezal-360-de-12-patrones-de-corte\/\",\"name\":\"Cizalla rotativa ibi craft cabezal 360\u00b0 de 12 patrones de corte - Papelarte\",\"isPartOf\":{\"@id\":\"https:\/\/papelarte.com.uy\/minorista\/minorista\/#website\"},\"primaryImageOfPage\":{\"@id\":\"https:\/\/papelarte.com.uy\/minorista\/minorista\/producto\/cizalla-rotativa-ibi-craft-cabezal-360-de-12-patrones-de-corte\/#primaryimage\"},\"image\":{\"@id\":\"https:\/\/papelarte.com.uy\/minorista\/minorista\/producto\/cizalla-rotativa-ibi-craft-cabezal-360-de-12-patrones-de-corte\/#primaryimage\"},\"thumbnailUrl\":\"https:\/\/papelarte.com.uy\/minorista\/wp-content\/uploads\/2023\/11\/400007.png\",\"datePublished\":\"2023-11-16T16:29:05+00:00\",\"dateModified\":\"2024-07-31T18:28:43+00:00\",\"description\":\"Cizalla rotativa ibi craft cabezal 360\u00b0 de 12 patrones de corte\",\"breadcrumb\":{\"@id\":\"https:\/\/papelarte.com.uy\/minorista\/minorista\/producto\/cizalla-rotativa-ibi-craft-cabezal-360-de-12-patrones-de-corte\/#breadcrumb\"},\"inLanguage\":\"es\",\"potentialAction\":[{\"@type\":\"ReadAction\",\"target\":[\"https:\/\/papelarte.com.uy\/minorista\/minorista\/producto\/cizalla-rotativa-ibi-craft-cabezal-360-de-12-patrones-de-corte\/\"]}]},{\"@type\":\"ImageObject\",\"inLanguage\":\"es\",\"@id\":\"https:\/\/papelarte.com.uy\/minorista\/minorista\/producto\/cizalla-rotativa-ibi-craft-cabezal-360-de-12-patrones-de-corte\/#primaryimage\",\"url\":\"https:\/\/papelarte.com.uy\/minorista\/wp-content\/uploads\/2023\/11\/400007.png\",\"contentUrl\":\"https:\/\/papelarte.com.uy\/minorista\/wp-content\/uploads\/2023\/11\/400007.png\",\"width\":389,\"height\":500,\"caption\":\"Cizalla rotativa ibi craft cabezal 360\u00b0 de 12 patrones de corte\"},{\"@type\":\"BreadcrumbList\",\"@id\":\"https:\/\/papelarte.com.uy\/minorista\/minorista\/producto\/cizalla-rotativa-ibi-craft-cabezal-360-de-12-patrones-de-corte\/#breadcrumb\",\"itemListElement\":[{\"@type\":\"ListItem\",\"position\":1,\"name\":\"Portada\",\"item\":\"https:\/\/papelarte.com.uy\/minorista\/minorista\/\"},{\"@type\":\"ListItem\",\"position\":2,\"name\":\"Productos\",\"item\":\"https:\/\/papelarte.com.uy\/minorista\/minorista\/tienda\/\"},{\"@type\":\"ListItem\",\"position\":3,\"name\":\"Cizalla rotativa ibi craft cabezal 360\u00b0 de 12 patrones de corte\"}]},{\"@type\":\"WebSite\",\"@id\":\"https:\/\/papelarte.com.uy\/minorista\/minorista\/#website\",\"url\":\"https:\/\/papelarte.com.uy\/minorista\/minorista\/\",\"name\":\"Papelarte\",\"description\":\"Papeler\u00eda Uruguay\",\"publisher\":{\"@id\":\"https:\/\/papelarte.com.uy\/minorista\/minorista\/#organization\"},\"potentialAction\":[{\"@type\":\"SearchAction\",\"target\":{\"@type\":\"EntryPoint\",\"urlTemplate\":\"https:\/\/papelarte.com.uy\/minorista\/minorista\/?s={search_term_string}\"},\"query-input\":{\"@type\":\"PropertyValueSpecification\",\"valueRequired\":true,\"valueName\":\"search_term_string\"}}],\"inLanguage\":\"es\"},{\"@type\":\"Organization\",\"@id\":\"https:\/\/papelarte.com.uy\/minorista\/minorista\/#organization\",\"name\":\"Papelarte\",\"url\":\"https:\/\/papelarte.com.uy\/minorista\/minorista\/\",\"logo\":{\"@type\":\"ImageObject\",\"inLanguage\":\"es\",\"@id\":\"https:\/\/papelarte.com.uy\/minorista\/minorista\/#\/schema\/logo\/image\/\",\"url\":\"https:\/\/papelarte.com.uy\/minorista\/wp-content\/uploads\/2023\/03\/logo-papelarte.png\",\"contentUrl\":\"https:\/\/papelarte.com.uy\/minorista\/wp-content\/uploads\/2023\/03\/logo-papelarte.png\",\"width\":568,\"height\":230,\"caption\":\"Papelarte\"},\"image\":{\"@id\":\"https:\/\/papelarte.com.uy\/minorista\/minorista\/#\/schema\/logo\/image\/\"}}]}<\/script>\n<!-- \/ Yoast SEO plugin. -->","yoast_head_json":{"title":"Cizalla rotativa ibi craft cabezal 360\u00b0 de 12 patrones de corte - Papelarte","description":"Cizalla rotativa ibi craft cabezal 360\u00b0 de 12 patrones de corte","robots":{"index":"index","follow":"follow","max-snippet":"max-snippet:-1","max-image-preview":"max-image-preview:large","max-video-preview":"max-video-preview:-1"},"canonical":"https:\/\/papelarte.com.uy\/minorista\/minorista\/producto\/cizalla-rotativa-ibi-craft-cabezal-360-de-12-patrones-de-corte\/","og_locale":"es_ES","og_type":"article","og_title":"Cizalla rotativa ibi craft cabezal 360\u00b0 de 12 patrones de corte - Papelarte","og_description":"Cizalla rotativa ibi craft cabezal 360\u00b0 de 12 patrones de corte","og_url":"https:\/\/papelarte.com.uy\/minorista\/minorista\/producto\/cizalla-rotativa-ibi-craft-cabezal-360-de-12-patrones-de-corte\/","og_site_name":"Papelarte","article_modified_time":"2024-07-31T18:28:43+00:00","og_image":[{"width":389,"height":500,"url":"https:\/\/papelarte.com.uy\/minorista\/minorista\/wp-content\/uploads\/2023\/11\/400007.png","type":"image\/png"}],"twitter_card":"summary_large_image","twitter_misc":{"Tiempo de lectura":"1 minuto"},"schema":{"@context":"https:\/\/schema.org","@graph":[{"@type":"WebPage","@id":"https:\/\/papelarte.com.uy\/minorista\/minorista\/producto\/cizalla-rotativa-ibi-craft-cabezal-360-de-12-patrones-de-corte\/","url":"https:\/\/papelarte.com.uy\/minorista\/minorista\/producto\/cizalla-rotativa-ibi-craft-cabezal-360-de-12-patrones-de-corte\/","name":"Cizalla rotativa ibi craft cabezal 360\u00b0 de 12 patrones de corte - Papelarte","isPartOf":{"@id":"https:\/\/papelarte.com.uy\/minorista\/minorista\/#website"},"primaryImageOfPage":{"@id":"https:\/\/papelarte.com.uy\/minorista\/minorista\/producto\/cizalla-rotativa-ibi-craft-cabezal-360-de-12-patrones-de-corte\/#primaryimage"},"image":{"@id":"https:\/\/papelarte.com.uy\/minorista\/minorista\/producto\/cizalla-rotativa-ibi-craft-cabezal-360-de-12-patrones-de-corte\/#primaryimage"},"thumbnailUrl":"https:\/\/papelarte.com.uy\/minorista\/wp-content\/uploads\/2023\/11\/400007.png","datePublished":"2023-11-16T16:29:05+00:00","dateModified":"2024-07-31T18:28:43+00:00","description":"Cizalla rotativa ibi craft cabezal 360\u00b0 de 12 patrones de corte","breadcrumb":{"@id":"https:\/\/papelarte.com.uy\/minorista\/minorista\/producto\/cizalla-rotativa-ibi-craft-cabezal-360-de-12-patrones-de-corte\/#breadcrumb"},"inLanguage":"es","potentialAction":[{"@type":"ReadAction","target":["https:\/\/papelarte.com.uy\/minorista\/minorista\/producto\/cizalla-rotativa-ibi-craft-cabezal-360-de-12-patrones-de-corte\/"]}]},{"@type":"ImageObject","inLanguage":"es","@id":"https:\/\/papelarte.com.uy\/minorista\/minorista\/producto\/cizalla-rotativa-ibi-craft-cabezal-360-de-12-patrones-de-corte\/#primaryimage","url":"https:\/\/papelarte.com.uy\/minorista\/wp-content\/uploads\/2023\/11\/400007.png","contentUrl":"https:\/\/papelarte.com.uy\/minorista\/wp-content\/uploads\/2023\/11\/400007.png","width":389,"height":500,"caption":"Cizalla rotativa ibi craft cabezal 360\u00b0 de 12 patrones de corte"},{"@type":"BreadcrumbList","@id":"https:\/\/papelarte.com.uy\/minorista\/minorista\/producto\/cizalla-rotativa-ibi-craft-cabezal-360-de-12-patrones-de-corte\/#breadcrumb","itemListElement":[{"@type":"ListItem","position":1,"name":"Portada","item":"https:\/\/papelarte.com.uy\/minorista\/minorista\/"},{"@type":"ListItem","position":2,"name":"Productos","item":"https:\/\/papelarte.com.uy\/minorista\/minorista\/tienda\/"},{"@type":"ListItem","position":3,"name":"Cizalla rotativa ibi craft cabezal 360\u00b0 de 12 patrones de corte"}]},{"@type":"WebSite","@id":"https:\/\/papelarte.com.uy\/minorista\/minorista\/#website","url":"https:\/\/papelarte.com.uy\/minorista\/minorista\/","name":"Papelarte","description":"Papeler\u00eda Uruguay","publisher":{"@id":"https:\/\/papelarte.com.uy\/minorista\/minorista\/#organization"},"potentialAction":[{"@type":"SearchAction","target":{"@type":"EntryPoint","urlTemplate":"https:\/\/papelarte.com.uy\/minorista\/minorista\/?s={search_term_string}"},"query-input":{"@type":"PropertyValueSpecification","valueRequired":true,"valueName":"search_term_string"}}],"inLanguage":"es"},{"@type":"Organization","@id":"https:\/\/papelarte.com.uy\/minorista\/minorista\/#organization","name":"Papelarte","url":"https:\/\/papelarte.com.uy\/minorista\/minorista\/","logo":{"@type":"ImageObject","inLanguage":"es","@id":"https:\/\/papelarte.com.uy\/minorista\/minorista\/#\/schema\/logo\/image\/","url":"https:\/\/papelarte.com.uy\/minorista\/wp-content\/uploads\/2023\/03\/logo-papelarte.png","contentUrl":"https:\/\/papelarte.com.uy\/minorista\/wp-content\/uploads\/2023\/03\/logo-papelarte.png","width":568,"height":230,"caption":"Papelarte"},"image":{"@id":"https:\/\/papelarte.com.uy\/minorista\/minorista\/#\/schema\/logo\/image\/"}}]}},"_links":{"self":[{"href":"https:\/\/papelarte.com.uy\/minorista\/wp-json\/wp\/v2\/product\/17536","targetHints":{"allow":["GET"]}}],"collection":[{"href":"https:\/\/papelarte.com.uy\/minorista\/wp-json\/wp\/v2\/product"}],"about":[{"href":"https:\/\/papelarte.com.uy\/minorista\/wp-json\/wp\/v2\/types\/product"}],"replies":[{"embeddable":true,"href":"https:\/\/papelarte.com.uy\/minorista\/wp-json\/wp\/v2\/comments?post=17536"}],"wp:featuredmedia":[{"embeddable":true,"href":"https:\/\/papelarte.com.uy\/minorista\/wp-json\/wp\/v2\/media\/17537"}],"wp:attachment":[{"href":"https:\/\/papelarte.com.uy\/minorista\/wp-json\/wp\/v2\/media?parent=17536"}],"wp:term":[{"taxonomy":"product_brand","embeddable":true,"href":"https:\/\/papelarte.com.uy\/minorista\/wp-json\/wp\/v2\/product_brand?post=17536"},{"taxonomy":"product_cat","embeddable":true,"href":"https:\/\/papelarte.com.uy\/minorista\/wp-json\/wp\/v2\/product_cat?post=17536"},{"taxonomy":"product_tag","embeddable":true,"href":"https:\/\/papelarte.com.uy\/minorista\/wp-json\/wp\/v2\/product_tag?post=17536"}],"curies":[{"name":"wp","href":"https:\/\/api.w.org\/{rel}","templated":true}]}}