{"id":1649,"date":"2021-04-27T19:14:03","date_gmt":"2021-04-27T19:14:03","guid":{"rendered":"http:\/\/papelarte.com.uy\/\/?post_type=product&#038;p=1649"},"modified":"2024-07-27T13:12:38","modified_gmt":"2024-07-27T16:12:38","slug":"boligrafo-1-00mboligrafom-plus-office-caja-x50","status":"publish","type":"product","link":"https:\/\/papelarte.com.uy\/minorista\/producto\/boligrafo-1-00mboligrafom-plus-office-caja-x50\/","title":{"rendered":"Boligrafo 1.00mm plus office caja x50"},"content":{"rendered":"<p>Bol\u00edgrafo Plus Office Trio 1.0 mm Caja x 50 uds<\/p>\n<p>Bol\u00edgrafo de tinta viscosa, excelente trazo. Escribe de forma r\u00e1pida, fluida y sin borrones. Cuerpo cristal y capuch\u00f3n del color de la tinta.<\/p>\n<ul>\n<li class=\"p1\">Tinta fluida viscosa VFI<\/li>\n<li class=\"p2\">Punta de n\u00edquel.<\/li>\n<li class=\"p2\">Trazo de\u00a0 1.00 mm.<\/li>\n<li class=\"p2\">Presentaci\u00f3n: caja de 50 unidades.<\/li>\n<\/ul>\n","protected":false},"excerpt":{"rendered":"<p>Bol\u00edgrafo Plus Office Trio 1.0 mm Caja x 50 uds Bol\u00edgrafo de tinta viscosa, excelente trazo. Escribe de forma r\u00e1pida, fluida y sin borrones. Cuerpo cristal y capuch\u00f3n del color de la tinta. Tinta fluida viscosa VFI Punta de n\u00edquel. Trazo de\u00a0 1.00 mm. Presentaci\u00f3n: caja de 50 unidades.<\/p>\n","protected":false},"featured_media":8840,"comment_status":"closed","ping_status":"closed","template":"","meta":{"_joinchat":[]},"product_brand":[],"product_cat":[2874,2860,4787,2622,4788,4785],"product_tag":[4794,4795,4796],"class_list":{"0":"post-1649","1":"product","2":"type-product","3":"status-publish","4":"has-post-thumbnail","6":"product_cat-boligrafo","7":"product_cat-escritura","8":"product_cat-liceos","9":"product_cat-papeleria","10":"product_cat-unioversitarios","11":"product_cat-vuelta-a-clases","12":"product_tag-liceales","13":"product_tag-universitarios","14":"product_tag-vuelta-a-clases","16":"first","17":"instock","18":"shipping-taxable","19":"purchasable","20":"product-type-variable","21":"has-default-attributes"},"bundled_by":[],"bundle_stock_status":"instock","bundle_stock_quantity":null,"bundle_virtual":false,"bundle_layout":"","bundle_add_to_cart_form_location":"","bundle_editable_in_cart":false,"bundle_sold_individually_context":"","bundle_item_grouping":"","bundle_min_size":"","bundle_max_size":"","bundle_price":[],"bundled_items":[],"bundle_sell_ids":[],"yoast_head":"<!-- This site is optimized with the Yoast SEO plugin v26.5 - https:\/\/yoast.com\/wordpress\/plugins\/seo\/ -->\n<title>Boligrafo 1.00mm plus office caja x50<\/title>\n<meta name=\"description\" content=\"Boligrafo 1.00mm plus office caja x50 Tinta fluida viscosa VFI Punta de n\u00edquel.Trazo de 1.00 mm . MEJOR ESCRITURA GARANTIZADA\" \/>\n<meta name=\"robots\" content=\"index, follow, max-snippet:-1, max-image-preview:large, max-video-preview:-1\" \/>\n<link rel=\"canonical\" href=\"https:\/\/papelarte.com.uy\/minorista\/minorista\/producto\/boligrafo-1-00mboligrafom-plus-office-caja-x50\/\" \/>\n<meta property=\"og:locale\" content=\"es_ES\" \/>\n<meta property=\"og:type\" content=\"article\" \/>\n<meta property=\"og:title\" content=\"Bol\u00edgrafo Plus Office Trio 1.0 mm Caja x 50 uds\" \/>\n<meta property=\"og:description\" content=\"Bol\u00edgrafo Plus Office Trio 1.0 mm Caja x 50 udsBol\u00edgrafo de tinta viscosa, excelente trazo. Escribe de forma r\u00e1pida, fluida y sin borrones. Cuerpo cristal y capuch\u00f3n del color de la tinta.Tinta fluida viscosa VFIPunta de n\u00edquel.Trazo de\u00a0 1.00 mm.Presentaci\u00f3n: caja de 50 unidades.\" \/>\n<meta property=\"og:url\" content=\"https:\/\/papelarte.com.uy\/minorista\/minorista\/producto\/boligrafo-1-00mboligrafom-plus-office-caja-x50\/\" \/>\n<meta property=\"og:site_name\" content=\"Papelarte\" \/>\n<meta property=\"article:modified_time\" content=\"2024-07-27T16:12:38+00:00\" \/>\n<meta property=\"og:image\" content=\"http:\/\/papelarte.com.uy\/\/wp-content\/uploads\/2021\/04\/BOLIGRAFO-TRIO-X50-NEGRO-300x300-1.png\" \/>\n<meta name=\"twitter:card\" content=\"summary_large_image\" \/>\n<meta name=\"twitter:title\" content=\"Bol\u00edgrafo Plus Office Trio 1.0 mm\" \/>\n<meta name=\"twitter:description\" content=\"Bol\u00edgrafo Plus Office Trio 1.0 mm Caja x 50 udsBol\u00edgrafo de tinta viscosa, excelente trazo. Escribe de forma r\u00e1pida, fluida y sin borrones. Cuerpo cristal y capuch\u00f3n del color de la tinta.Tinta fluida viscosa VFIPunta de n\u00edquel.Trazo de\u00a0 1.00 mm.Presentaci\u00f3n: caja de 50 unidades.\" \/>\n<meta name=\"twitter:label1\" content=\"Tiempo de lectura\" \/>\n\t<meta name=\"twitter:data1\" content=\"1 minuto\" \/>\n<script type=\"application\/ld+json\" class=\"yoast-schema-graph\">{\"@context\":\"https:\/\/schema.org\",\"@graph\":[{\"@type\":\"WebPage\",\"@id\":\"https:\/\/papelarte.com.uy\/minorista\/minorista\/producto\/boligrafo-1-00mboligrafom-plus-office-caja-x50\/\",\"url\":\"https:\/\/papelarte.com.uy\/minorista\/minorista\/producto\/boligrafo-1-00mboligrafom-plus-office-caja-x50\/\",\"name\":\"Boligrafo 1.00mm plus office caja x50\",\"isPartOf\":{\"@id\":\"https:\/\/papelarte.com.uy\/minorista\/minorista\/#website\"},\"primaryImageOfPage\":{\"@id\":\"https:\/\/papelarte.com.uy\/minorista\/minorista\/producto\/boligrafo-1-00mboligrafom-plus-office-caja-x50\/#primaryimage\"},\"image\":{\"@id\":\"https:\/\/papelarte.com.uy\/minorista\/minorista\/producto\/boligrafo-1-00mboligrafom-plus-office-caja-x50\/#primaryimage\"},\"thumbnailUrl\":\"https:\/\/papelarte.com.uy\/minorista\/wp-content\/uploads\/2021\/04\/6041c22c6b1dd717194123.png\",\"datePublished\":\"2021-04-27T19:14:03+00:00\",\"dateModified\":\"2024-07-27T16:12:38+00:00\",\"description\":\"Boligrafo 1.00mm plus office caja x50 Tinta fluida viscosa VFI Punta de n\u00edquel.Trazo de 1.00 mm . MEJOR ESCRITURA GARANTIZADA\",\"breadcrumb\":{\"@id\":\"https:\/\/papelarte.com.uy\/minorista\/minorista\/producto\/boligrafo-1-00mboligrafom-plus-office-caja-x50\/#breadcrumb\"},\"inLanguage\":\"es\",\"potentialAction\":[{\"@type\":\"ReadAction\",\"target\":[\"https:\/\/papelarte.com.uy\/minorista\/minorista\/producto\/boligrafo-1-00mboligrafom-plus-office-caja-x50\/\"]}]},{\"@type\":\"ImageObject\",\"inLanguage\":\"es\",\"@id\":\"https:\/\/papelarte.com.uy\/minorista\/minorista\/producto\/boligrafo-1-00mboligrafom-plus-office-caja-x50\/#primaryimage\",\"url\":\"https:\/\/papelarte.com.uy\/minorista\/wp-content\/uploads\/2021\/04\/6041c22c6b1dd717194123.png\",\"contentUrl\":\"https:\/\/papelarte.com.uy\/minorista\/wp-content\/uploads\/2021\/04\/6041c22c6b1dd717194123.png\",\"width\":378,\"height\":378},{\"@type\":\"BreadcrumbList\",\"@id\":\"https:\/\/papelarte.com.uy\/minorista\/minorista\/producto\/boligrafo-1-00mboligrafom-plus-office-caja-x50\/#breadcrumb\",\"itemListElement\":[{\"@type\":\"ListItem\",\"position\":1,\"name\":\"Portada\",\"item\":\"https:\/\/papelarte.com.uy\/minorista\/minorista\/\"},{\"@type\":\"ListItem\",\"position\":2,\"name\":\"Productos\",\"item\":\"https:\/\/papelarte.com.uy\/minorista\/minorista\/tienda\/\"},{\"@type\":\"ListItem\",\"position\":3,\"name\":\"Boligrafo 1.00mm plus office caja x50\"}]},{\"@type\":\"WebSite\",\"@id\":\"https:\/\/papelarte.com.uy\/minorista\/minorista\/#website\",\"url\":\"https:\/\/papelarte.com.uy\/minorista\/minorista\/\",\"name\":\"Papelarte\",\"description\":\"Papeler\u00eda Uruguay\",\"publisher\":{\"@id\":\"https:\/\/papelarte.com.uy\/minorista\/minorista\/#organization\"},\"potentialAction\":[{\"@type\":\"SearchAction\",\"target\":{\"@type\":\"EntryPoint\",\"urlTemplate\":\"https:\/\/papelarte.com.uy\/minorista\/minorista\/?s={search_term_string}\"},\"query-input\":{\"@type\":\"PropertyValueSpecification\",\"valueRequired\":true,\"valueName\":\"search_term_string\"}}],\"inLanguage\":\"es\"},{\"@type\":\"Organization\",\"@id\":\"https:\/\/papelarte.com.uy\/minorista\/minorista\/#organization\",\"name\":\"Papelarte\",\"url\":\"https:\/\/papelarte.com.uy\/minorista\/minorista\/\",\"logo\":{\"@type\":\"ImageObject\",\"inLanguage\":\"es\",\"@id\":\"https:\/\/papelarte.com.uy\/minorista\/minorista\/#\/schema\/logo\/image\/\",\"url\":\"https:\/\/papelarte.com.uy\/minorista\/wp-content\/uploads\/2023\/03\/logo-papelarte.png\",\"contentUrl\":\"https:\/\/papelarte.com.uy\/minorista\/wp-content\/uploads\/2023\/03\/logo-papelarte.png\",\"width\":568,\"height\":230,\"caption\":\"Papelarte\"},\"image\":{\"@id\":\"https:\/\/papelarte.com.uy\/minorista\/minorista\/#\/schema\/logo\/image\/\"}}]}<\/script>\n<!-- \/ Yoast SEO plugin. -->","yoast_head_json":{"title":"Boligrafo 1.00mm plus office caja x50","description":"Boligrafo 1.00mm plus office caja x50 Tinta fluida viscosa VFI Punta de n\u00edquel.Trazo de 1.00 mm . MEJOR ESCRITURA GARANTIZADA","robots":{"index":"index","follow":"follow","max-snippet":"max-snippet:-1","max-image-preview":"max-image-preview:large","max-video-preview":"max-video-preview:-1"},"canonical":"https:\/\/papelarte.com.uy\/minorista\/minorista\/producto\/boligrafo-1-00mboligrafom-plus-office-caja-x50\/","og_locale":"es_ES","og_type":"article","og_title":"Bol\u00edgrafo Plus Office Trio 1.0 mm Caja x 50 uds","og_description":"Bol\u00edgrafo Plus Office Trio 1.0 mm Caja x 50 udsBol\u00edgrafo de tinta viscosa, excelente trazo. Escribe de forma r\u00e1pida, fluida y sin borrones. Cuerpo cristal y capuch\u00f3n del color de la tinta.Tinta fluida viscosa VFIPunta de n\u00edquel.Trazo de\u00a0 1.00 mm.Presentaci\u00f3n: caja de 50 unidades.","og_url":"https:\/\/papelarte.com.uy\/minorista\/minorista\/producto\/boligrafo-1-00mboligrafom-plus-office-caja-x50\/","og_site_name":"Papelarte","article_modified_time":"2024-07-27T16:12:38+00:00","og_image":[{"url":"http:\/\/papelarte.com.uy\/\/wp-content\/uploads\/2021\/04\/BOLIGRAFO-TRIO-X50-NEGRO-300x300-1.png","type":"","width":"","height":""}],"twitter_card":"summary_large_image","twitter_title":"Bol\u00edgrafo Plus Office Trio 1.0 mm","twitter_description":"Bol\u00edgrafo Plus Office Trio 1.0 mm Caja x 50 udsBol\u00edgrafo de tinta viscosa, excelente trazo. Escribe de forma r\u00e1pida, fluida y sin borrones. Cuerpo cristal y capuch\u00f3n del color de la tinta.Tinta fluida viscosa VFIPunta de n\u00edquel.Trazo de\u00a0 1.00 mm.Presentaci\u00f3n: caja de 50 unidades.","twitter_misc":{"Tiempo de lectura":"1 minuto"},"schema":{"@context":"https:\/\/schema.org","@graph":[{"@type":"WebPage","@id":"https:\/\/papelarte.com.uy\/minorista\/minorista\/producto\/boligrafo-1-00mboligrafom-plus-office-caja-x50\/","url":"https:\/\/papelarte.com.uy\/minorista\/minorista\/producto\/boligrafo-1-00mboligrafom-plus-office-caja-x50\/","name":"Boligrafo 1.00mm plus office caja x50","isPartOf":{"@id":"https:\/\/papelarte.com.uy\/minorista\/minorista\/#website"},"primaryImageOfPage":{"@id":"https:\/\/papelarte.com.uy\/minorista\/minorista\/producto\/boligrafo-1-00mboligrafom-plus-office-caja-x50\/#primaryimage"},"image":{"@id":"https:\/\/papelarte.com.uy\/minorista\/minorista\/producto\/boligrafo-1-00mboligrafom-plus-office-caja-x50\/#primaryimage"},"thumbnailUrl":"https:\/\/papelarte.com.uy\/minorista\/wp-content\/uploads\/2021\/04\/6041c22c6b1dd717194123.png","datePublished":"2021-04-27T19:14:03+00:00","dateModified":"2024-07-27T16:12:38+00:00","description":"Boligrafo 1.00mm plus office caja x50 Tinta fluida viscosa VFI Punta de n\u00edquel.Trazo de 1.00 mm . MEJOR ESCRITURA GARANTIZADA","breadcrumb":{"@id":"https:\/\/papelarte.com.uy\/minorista\/minorista\/producto\/boligrafo-1-00mboligrafom-plus-office-caja-x50\/#breadcrumb"},"inLanguage":"es","potentialAction":[{"@type":"ReadAction","target":["https:\/\/papelarte.com.uy\/minorista\/minorista\/producto\/boligrafo-1-00mboligrafom-plus-office-caja-x50\/"]}]},{"@type":"ImageObject","inLanguage":"es","@id":"https:\/\/papelarte.com.uy\/minorista\/minorista\/producto\/boligrafo-1-00mboligrafom-plus-office-caja-x50\/#primaryimage","url":"https:\/\/papelarte.com.uy\/minorista\/wp-content\/uploads\/2021\/04\/6041c22c6b1dd717194123.png","contentUrl":"https:\/\/papelarte.com.uy\/minorista\/wp-content\/uploads\/2021\/04\/6041c22c6b1dd717194123.png","width":378,"height":378},{"@type":"BreadcrumbList","@id":"https:\/\/papelarte.com.uy\/minorista\/minorista\/producto\/boligrafo-1-00mboligrafom-plus-office-caja-x50\/#breadcrumb","itemListElement":[{"@type":"ListItem","position":1,"name":"Portada","item":"https:\/\/papelarte.com.uy\/minorista\/minorista\/"},{"@type":"ListItem","position":2,"name":"Productos","item":"https:\/\/papelarte.com.uy\/minorista\/minorista\/tienda\/"},{"@type":"ListItem","position":3,"name":"Boligrafo 1.00mm plus office caja x50"}]},{"@type":"WebSite","@id":"https:\/\/papelarte.com.uy\/minorista\/minorista\/#website","url":"https:\/\/papelarte.com.uy\/minorista\/minorista\/","name":"Papelarte","description":"Papeler\u00eda Uruguay","publisher":{"@id":"https:\/\/papelarte.com.uy\/minorista\/minorista\/#organization"},"potentialAction":[{"@type":"SearchAction","target":{"@type":"EntryPoint","urlTemplate":"https:\/\/papelarte.com.uy\/minorista\/minorista\/?s={search_term_string}"},"query-input":{"@type":"PropertyValueSpecification","valueRequired":true,"valueName":"search_term_string"}}],"inLanguage":"es"},{"@type":"Organization","@id":"https:\/\/papelarte.com.uy\/minorista\/minorista\/#organization","name":"Papelarte","url":"https:\/\/papelarte.com.uy\/minorista\/minorista\/","logo":{"@type":"ImageObject","inLanguage":"es","@id":"https:\/\/papelarte.com.uy\/minorista\/minorista\/#\/schema\/logo\/image\/","url":"https:\/\/papelarte.com.uy\/minorista\/wp-content\/uploads\/2023\/03\/logo-papelarte.png","contentUrl":"https:\/\/papelarte.com.uy\/minorista\/wp-content\/uploads\/2023\/03\/logo-papelarte.png","width":568,"height":230,"caption":"Papelarte"},"image":{"@id":"https:\/\/papelarte.com.uy\/minorista\/minorista\/#\/schema\/logo\/image\/"}}]}},"_links":{"self":[{"href":"https:\/\/papelarte.com.uy\/minorista\/wp-json\/wp\/v2\/product\/1649","targetHints":{"allow":["GET"]}}],"collection":[{"href":"https:\/\/papelarte.com.uy\/minorista\/wp-json\/wp\/v2\/product"}],"about":[{"href":"https:\/\/papelarte.com.uy\/minorista\/wp-json\/wp\/v2\/types\/product"}],"replies":[{"embeddable":true,"href":"https:\/\/papelarte.com.uy\/minorista\/wp-json\/wp\/v2\/comments?post=1649"}],"wp:featuredmedia":[{"embeddable":true,"href":"https:\/\/papelarte.com.uy\/minorista\/wp-json\/wp\/v2\/media\/8840"}],"wp:attachment":[{"href":"https:\/\/papelarte.com.uy\/minorista\/wp-json\/wp\/v2\/media?parent=1649"}],"wp:term":[{"taxonomy":"product_brand","embeddable":true,"href":"https:\/\/papelarte.com.uy\/minorista\/wp-json\/wp\/v2\/product_brand?post=1649"},{"taxonomy":"product_cat","embeddable":true,"href":"https:\/\/papelarte.com.uy\/minorista\/wp-json\/wp\/v2\/product_cat?post=1649"},{"taxonomy":"product_tag","embeddable":true,"href":"https:\/\/papelarte.com.uy\/minorista\/wp-json\/wp\/v2\/product_tag?post=1649"}],"curies":[{"name":"wp","href":"https:\/\/api.w.org\/{rel}","templated":true}]}}