{"id":15197,"date":"2023-09-20T16:34:13","date_gmt":"2023-09-20T19:34:13","guid":{"rendered":"https:\/\/papelarte.com.uy\/minorista\/minorista\/\/?post_type=product&#038;p=15197"},"modified":"2024-07-31T15:37:31","modified_gmt":"2024-07-31T18:37:31","slug":"mini-impresora-termica-portatil-con-bluetooth-ibi-craft","status":"publish","type":"product","link":"https:\/\/papelarte.com.uy\/minorista\/producto\/mini-impresora-termica-portatil-con-bluetooth-ibi-craft\/","title":{"rendered":"Mini impresora t\u00e9rmica port\u00e1til con bluetooth ibi craft"},"content":{"rendered":"<p>Mini impresora t\u00e9rmica port\u00e1til con bluetooth ibi craft<\/p>\n<p>Sistema de impresi\u00f3n a 200DPI sobre rollos de papel termosensible de 57mm*4,5m, operaci\u00f3n intuitiva mediante aplicaci\u00f3n gratuita de dise\u00f1o para smartphone v\u00eda conexi\u00f3n bluetooth, bater\u00eda recagable mediante USB-C. Compatible con todo formato de im\u00e1genes, capacidad de impresi\u00f3n de tickets, remitos, comprobantes, etc, impresi\u00f3n de stickers, etiquetas y\/o c\u00f3digos (utilizando rollo t\u00e9rmico autoadhesivo). Dimensiones: 82*82*45mm, Peso: 222grs. Incluye rollo estandar.<\/p>\n<p>Impresi\u00f3n : 200DPI<br \/>\nDimensiones : 82*82*45mm<br \/>\nPeso : 222grs<br \/>\nPresentaci\u00f3n : Unidad<\/p>\n","protected":false},"excerpt":{"rendered":"<p>Mini impresora t\u00e9rmica port\u00e1til con bluetooth ibi craft Sistema de impresi\u00f3n a 200DPI sobre rollos de papel termosensible de 57mm*4,5m, operaci\u00f3n intuitiva mediante aplicaci\u00f3n gratuita de dise\u00f1o para smartphone v\u00eda conexi\u00f3n bluetooth, bater\u00eda recagable mediante USB-C. Compatible con todo formato de im\u00e1genes, capacidad de impresi\u00f3n de tickets, remitos, comprobantes, etc, impresi\u00f3n de stickers, etiquetas y\/o [&hellip;]<\/p>\n","protected":false},"featured_media":15199,"comment_status":"open","ping_status":"closed","template":"","meta":{"_joinchat":[]},"product_brand":[],"product_cat":[3356],"product_tag":[4542],"class_list":{"0":"post-15197","1":"product","2":"type-product","3":"status-publish","4":"has-post-thumbnail","6":"product_cat-ibi-craft","7":"product_tag-ibi-craft","9":"first","10":"instock","11":"shipping-taxable","12":"purchasable","13":"product-type-simple"},"bundled_by":[],"bundle_stock_status":"instock","bundle_stock_quantity":null,"bundle_virtual":false,"bundle_layout":"","bundle_add_to_cart_form_location":"","bundle_editable_in_cart":false,"bundle_sold_individually_context":"","bundle_item_grouping":"","bundle_min_size":"","bundle_max_size":"","bundle_price":[],"bundled_items":[],"bundle_sell_ids":[],"yoast_head":"<!-- This site is optimized with the Yoast SEO plugin v26.5 - https:\/\/yoast.com\/wordpress\/plugins\/seo\/ -->\n<title>Mini impresora t\u00e9rmica port\u00e1til con bluetooth ibi craft - Papelarte<\/title>\n<meta name=\"description\" content=\"Mini impresora t\u00e9rmica port\u00e1til con bluetooth ibi craft\" \/>\n<meta name=\"robots\" content=\"index, follow, max-snippet:-1, max-image-preview:large, max-video-preview:-1\" \/>\n<link rel=\"canonical\" href=\"https:\/\/papelarte.com.uy\/minorista\/minorista\/producto\/mini-impresora-termica-portatil-con-bluetooth-ibi-craft\/\" \/>\n<meta property=\"og:locale\" content=\"es_ES\" \/>\n<meta property=\"og:type\" content=\"article\" \/>\n<meta property=\"og:title\" content=\"Mini impresora t\u00e9rmica port\u00e1til con bluetooth ibi craft - Papelarte\" \/>\n<meta property=\"og:description\" content=\"Mini impresora t\u00e9rmica port\u00e1til con bluetooth ibi craft\" \/>\n<meta property=\"og:url\" content=\"https:\/\/papelarte.com.uy\/minorista\/minorista\/producto\/mini-impresora-termica-portatil-con-bluetooth-ibi-craft\/\" \/>\n<meta property=\"og:site_name\" content=\"Papelarte\" \/>\n<meta property=\"article:modified_time\" content=\"2024-07-31T18:37:31+00:00\" \/>\n<meta property=\"og:image\" content=\"https:\/\/papelarte.com.uy\/minorista\/minorista\/wp-content\/uploads\/2023\/09\/impresora-termica-portatil1-653d1b3a85a381f52a16637799762481-640-0.jpg\" \/>\n\t<meta property=\"og:image:width\" content=\"640\" \/>\n\t<meta property=\"og:image:height\" content=\"640\" \/>\n\t<meta property=\"og:image:type\" content=\"image\/jpeg\" \/>\n<meta name=\"twitter:card\" content=\"summary_large_image\" \/>\n<meta name=\"twitter:label1\" content=\"Tiempo de lectura\" \/>\n\t<meta name=\"twitter:data1\" content=\"1 minuto\" \/>\n<script type=\"application\/ld+json\" class=\"yoast-schema-graph\">{\"@context\":\"https:\/\/schema.org\",\"@graph\":[{\"@type\":\"WebPage\",\"@id\":\"https:\/\/papelarte.com.uy\/minorista\/minorista\/producto\/mini-impresora-termica-portatil-con-bluetooth-ibi-craft\/\",\"url\":\"https:\/\/papelarte.com.uy\/minorista\/minorista\/producto\/mini-impresora-termica-portatil-con-bluetooth-ibi-craft\/\",\"name\":\"Mini impresora t\u00e9rmica port\u00e1til con bluetooth ibi craft - Papelarte\",\"isPartOf\":{\"@id\":\"https:\/\/papelarte.com.uy\/minorista\/minorista\/#website\"},\"primaryImageOfPage\":{\"@id\":\"https:\/\/papelarte.com.uy\/minorista\/minorista\/producto\/mini-impresora-termica-portatil-con-bluetooth-ibi-craft\/#primaryimage\"},\"image\":{\"@id\":\"https:\/\/papelarte.com.uy\/minorista\/minorista\/producto\/mini-impresora-termica-portatil-con-bluetooth-ibi-craft\/#primaryimage\"},\"thumbnailUrl\":\"https:\/\/papelarte.com.uy\/minorista\/wp-content\/uploads\/2023\/09\/impresora-termica-portatil1-653d1b3a85a381f52a16637799762481-640-0.jpg\",\"datePublished\":\"2023-09-20T19:34:13+00:00\",\"dateModified\":\"2024-07-31T18:37:31+00:00\",\"description\":\"Mini impresora t\u00e9rmica port\u00e1til con bluetooth ibi craft\",\"breadcrumb\":{\"@id\":\"https:\/\/papelarte.com.uy\/minorista\/minorista\/producto\/mini-impresora-termica-portatil-con-bluetooth-ibi-craft\/#breadcrumb\"},\"inLanguage\":\"es\",\"potentialAction\":[{\"@type\":\"ReadAction\",\"target\":[\"https:\/\/papelarte.com.uy\/minorista\/minorista\/producto\/mini-impresora-termica-portatil-con-bluetooth-ibi-craft\/\"]}]},{\"@type\":\"ImageObject\",\"inLanguage\":\"es\",\"@id\":\"https:\/\/papelarte.com.uy\/minorista\/minorista\/producto\/mini-impresora-termica-portatil-con-bluetooth-ibi-craft\/#primaryimage\",\"url\":\"https:\/\/papelarte.com.uy\/minorista\/wp-content\/uploads\/2023\/09\/impresora-termica-portatil1-653d1b3a85a381f52a16637799762481-640-0.jpg\",\"contentUrl\":\"https:\/\/papelarte.com.uy\/minorista\/wp-content\/uploads\/2023\/09\/impresora-termica-portatil1-653d1b3a85a381f52a16637799762481-640-0.jpg\",\"width\":640,\"height\":640,\"caption\":\"Mini impresora t\u00e9rmica port\u00e1til con bluetooth ibi craft\"},{\"@type\":\"BreadcrumbList\",\"@id\":\"https:\/\/papelarte.com.uy\/minorista\/minorista\/producto\/mini-impresora-termica-portatil-con-bluetooth-ibi-craft\/#breadcrumb\",\"itemListElement\":[{\"@type\":\"ListItem\",\"position\":1,\"name\":\"Portada\",\"item\":\"https:\/\/papelarte.com.uy\/minorista\/minorista\/\"},{\"@type\":\"ListItem\",\"position\":2,\"name\":\"Productos\",\"item\":\"https:\/\/papelarte.com.uy\/minorista\/minorista\/tienda\/\"},{\"@type\":\"ListItem\",\"position\":3,\"name\":\"Mini impresora t\u00e9rmica port\u00e1til con bluetooth ibi craft\"}]},{\"@type\":\"WebSite\",\"@id\":\"https:\/\/papelarte.com.uy\/minorista\/minorista\/#website\",\"url\":\"https:\/\/papelarte.com.uy\/minorista\/minorista\/\",\"name\":\"Papelarte\",\"description\":\"Papeler\u00eda Uruguay\",\"publisher\":{\"@id\":\"https:\/\/papelarte.com.uy\/minorista\/minorista\/#organization\"},\"potentialAction\":[{\"@type\":\"SearchAction\",\"target\":{\"@type\":\"EntryPoint\",\"urlTemplate\":\"https:\/\/papelarte.com.uy\/minorista\/minorista\/?s={search_term_string}\"},\"query-input\":{\"@type\":\"PropertyValueSpecification\",\"valueRequired\":true,\"valueName\":\"search_term_string\"}}],\"inLanguage\":\"es\"},{\"@type\":\"Organization\",\"@id\":\"https:\/\/papelarte.com.uy\/minorista\/minorista\/#organization\",\"name\":\"Papelarte\",\"url\":\"https:\/\/papelarte.com.uy\/minorista\/minorista\/\",\"logo\":{\"@type\":\"ImageObject\",\"inLanguage\":\"es\",\"@id\":\"https:\/\/papelarte.com.uy\/minorista\/minorista\/#\/schema\/logo\/image\/\",\"url\":\"https:\/\/papelarte.com.uy\/minorista\/wp-content\/uploads\/2023\/03\/logo-papelarte.png\",\"contentUrl\":\"https:\/\/papelarte.com.uy\/minorista\/wp-content\/uploads\/2023\/03\/logo-papelarte.png\",\"width\":568,\"height\":230,\"caption\":\"Papelarte\"},\"image\":{\"@id\":\"https:\/\/papelarte.com.uy\/minorista\/minorista\/#\/schema\/logo\/image\/\"}}]}<\/script>\n<!-- \/ Yoast SEO plugin. -->","yoast_head_json":{"title":"Mini impresora t\u00e9rmica port\u00e1til con bluetooth ibi craft - Papelarte","description":"Mini impresora t\u00e9rmica port\u00e1til con bluetooth ibi craft","robots":{"index":"index","follow":"follow","max-snippet":"max-snippet:-1","max-image-preview":"max-image-preview:large","max-video-preview":"max-video-preview:-1"},"canonical":"https:\/\/papelarte.com.uy\/minorista\/minorista\/producto\/mini-impresora-termica-portatil-con-bluetooth-ibi-craft\/","og_locale":"es_ES","og_type":"article","og_title":"Mini impresora t\u00e9rmica port\u00e1til con bluetooth ibi craft - Papelarte","og_description":"Mini impresora t\u00e9rmica port\u00e1til con bluetooth ibi craft","og_url":"https:\/\/papelarte.com.uy\/minorista\/minorista\/producto\/mini-impresora-termica-portatil-con-bluetooth-ibi-craft\/","og_site_name":"Papelarte","article_modified_time":"2024-07-31T18:37:31+00:00","og_image":[{"width":640,"height":640,"url":"https:\/\/papelarte.com.uy\/minorista\/minorista\/wp-content\/uploads\/2023\/09\/impresora-termica-portatil1-653d1b3a85a381f52a16637799762481-640-0.jpg","type":"image\/jpeg"}],"twitter_card":"summary_large_image","twitter_misc":{"Tiempo de lectura":"1 minuto"},"schema":{"@context":"https:\/\/schema.org","@graph":[{"@type":"WebPage","@id":"https:\/\/papelarte.com.uy\/minorista\/minorista\/producto\/mini-impresora-termica-portatil-con-bluetooth-ibi-craft\/","url":"https:\/\/papelarte.com.uy\/minorista\/minorista\/producto\/mini-impresora-termica-portatil-con-bluetooth-ibi-craft\/","name":"Mini impresora t\u00e9rmica port\u00e1til con bluetooth ibi craft - Papelarte","isPartOf":{"@id":"https:\/\/papelarte.com.uy\/minorista\/minorista\/#website"},"primaryImageOfPage":{"@id":"https:\/\/papelarte.com.uy\/minorista\/minorista\/producto\/mini-impresora-termica-portatil-con-bluetooth-ibi-craft\/#primaryimage"},"image":{"@id":"https:\/\/papelarte.com.uy\/minorista\/minorista\/producto\/mini-impresora-termica-portatil-con-bluetooth-ibi-craft\/#primaryimage"},"thumbnailUrl":"https:\/\/papelarte.com.uy\/minorista\/wp-content\/uploads\/2023\/09\/impresora-termica-portatil1-653d1b3a85a381f52a16637799762481-640-0.jpg","datePublished":"2023-09-20T19:34:13+00:00","dateModified":"2024-07-31T18:37:31+00:00","description":"Mini impresora t\u00e9rmica port\u00e1til con bluetooth ibi craft","breadcrumb":{"@id":"https:\/\/papelarte.com.uy\/minorista\/minorista\/producto\/mini-impresora-termica-portatil-con-bluetooth-ibi-craft\/#breadcrumb"},"inLanguage":"es","potentialAction":[{"@type":"ReadAction","target":["https:\/\/papelarte.com.uy\/minorista\/minorista\/producto\/mini-impresora-termica-portatil-con-bluetooth-ibi-craft\/"]}]},{"@type":"ImageObject","inLanguage":"es","@id":"https:\/\/papelarte.com.uy\/minorista\/minorista\/producto\/mini-impresora-termica-portatil-con-bluetooth-ibi-craft\/#primaryimage","url":"https:\/\/papelarte.com.uy\/minorista\/wp-content\/uploads\/2023\/09\/impresora-termica-portatil1-653d1b3a85a381f52a16637799762481-640-0.jpg","contentUrl":"https:\/\/papelarte.com.uy\/minorista\/wp-content\/uploads\/2023\/09\/impresora-termica-portatil1-653d1b3a85a381f52a16637799762481-640-0.jpg","width":640,"height":640,"caption":"Mini impresora t\u00e9rmica port\u00e1til con bluetooth ibi craft"},{"@type":"BreadcrumbList","@id":"https:\/\/papelarte.com.uy\/minorista\/minorista\/producto\/mini-impresora-termica-portatil-con-bluetooth-ibi-craft\/#breadcrumb","itemListElement":[{"@type":"ListItem","position":1,"name":"Portada","item":"https:\/\/papelarte.com.uy\/minorista\/minorista\/"},{"@type":"ListItem","position":2,"name":"Productos","item":"https:\/\/papelarte.com.uy\/minorista\/minorista\/tienda\/"},{"@type":"ListItem","position":3,"name":"Mini impresora t\u00e9rmica port\u00e1til con bluetooth ibi craft"}]},{"@type":"WebSite","@id":"https:\/\/papelarte.com.uy\/minorista\/minorista\/#website","url":"https:\/\/papelarte.com.uy\/minorista\/minorista\/","name":"Papelarte","description":"Papeler\u00eda Uruguay","publisher":{"@id":"https:\/\/papelarte.com.uy\/minorista\/minorista\/#organization"},"potentialAction":[{"@type":"SearchAction","target":{"@type":"EntryPoint","urlTemplate":"https:\/\/papelarte.com.uy\/minorista\/minorista\/?s={search_term_string}"},"query-input":{"@type":"PropertyValueSpecification","valueRequired":true,"valueName":"search_term_string"}}],"inLanguage":"es"},{"@type":"Organization","@id":"https:\/\/papelarte.com.uy\/minorista\/minorista\/#organization","name":"Papelarte","url":"https:\/\/papelarte.com.uy\/minorista\/minorista\/","logo":{"@type":"ImageObject","inLanguage":"es","@id":"https:\/\/papelarte.com.uy\/minorista\/minorista\/#\/schema\/logo\/image\/","url":"https:\/\/papelarte.com.uy\/minorista\/wp-content\/uploads\/2023\/03\/logo-papelarte.png","contentUrl":"https:\/\/papelarte.com.uy\/minorista\/wp-content\/uploads\/2023\/03\/logo-papelarte.png","width":568,"height":230,"caption":"Papelarte"},"image":{"@id":"https:\/\/papelarte.com.uy\/minorista\/minorista\/#\/schema\/logo\/image\/"}}]}},"_links":{"self":[{"href":"https:\/\/papelarte.com.uy\/minorista\/wp-json\/wp\/v2\/product\/15197","targetHints":{"allow":["GET"]}}],"collection":[{"href":"https:\/\/papelarte.com.uy\/minorista\/wp-json\/wp\/v2\/product"}],"about":[{"href":"https:\/\/papelarte.com.uy\/minorista\/wp-json\/wp\/v2\/types\/product"}],"replies":[{"embeddable":true,"href":"https:\/\/papelarte.com.uy\/minorista\/wp-json\/wp\/v2\/comments?post=15197"}],"wp:featuredmedia":[{"embeddable":true,"href":"https:\/\/papelarte.com.uy\/minorista\/wp-json\/wp\/v2\/media\/15199"}],"wp:attachment":[{"href":"https:\/\/papelarte.com.uy\/minorista\/wp-json\/wp\/v2\/media?parent=15197"}],"wp:term":[{"taxonomy":"product_brand","embeddable":true,"href":"https:\/\/papelarte.com.uy\/minorista\/wp-json\/wp\/v2\/product_brand?post=15197"},{"taxonomy":"product_cat","embeddable":true,"href":"https:\/\/papelarte.com.uy\/minorista\/wp-json\/wp\/v2\/product_cat?post=15197"},{"taxonomy":"product_tag","embeddable":true,"href":"https:\/\/papelarte.com.uy\/minorista\/wp-json\/wp\/v2\/product_tag?post=15197"}],"curies":[{"name":"wp","href":"https:\/\/api.w.org\/{rel}","templated":true}]}}