{"id":15155,"date":"2023-09-19T12:00:41","date_gmt":"2023-09-19T15:00:41","guid":{"rendered":"https:\/\/papelarte.com.uy\/minorista\/minorista\/\/?post_type=product&#038;p=15155"},"modified":"2024-12-18T09:22:14","modified_gmt":"2024-12-18T12:22:14","slug":"sellador-universal-100ml-a-d","status":"publish","type":"product","link":"https:\/\/papelarte.com.uy\/minorista\/producto\/sellador-universal-100ml-a-d\/","title":{"rendered":"Sellador universal 100ml a.d"},"content":{"rendered":"<p>Sellador universal 100ml a.d<\/p>\n<p>Producto elaborado a base de la combinaci\u00f3n de emulsiones acr\u00edlicas.<br \/>\nSecado r\u00e1pido.<br \/>\nSoluble en agua.<br \/>\nSe utiliza como sellador de soportes porosos como madera, biscocho cer\u00e1mico, fibro f\u00e1cil, yeso.<br \/>\nAplicar a pincel.<br \/>\nUtilizar puro o diluido con agua destilada o m\u00e9dium acr\u00edlico.<br \/>\nSoluble en agua.<br \/>\nNo toxico.<br \/>\nPodemos transformar el papel en simil tela.<\/p>\n","protected":false},"excerpt":{"rendered":"<p>Sellador universal 100ml a.d Producto elaborado a base de la combinaci\u00f3n de emulsiones acr\u00edlicas. Secado r\u00e1pido. Soluble en agua. Se utiliza como sellador de soportes porosos como madera, biscocho cer\u00e1mico, fibro f\u00e1cil, yeso. Aplicar a pincel. Utilizar puro o diluido con agua destilada o m\u00e9dium acr\u00edlico. Soluble en agua. No toxico. Podemos transformar el papel [&hellip;]<\/p>\n","protected":false},"featured_media":15156,"comment_status":"open","ping_status":"closed","template":"","meta":{"_joinchat":[]},"product_brand":[],"product_cat":[3388],"product_tag":[4605],"class_list":{"0":"post-15155","1":"product","2":"type-product","3":"status-publish","4":"has-post-thumbnail","6":"product_cat-a-d","7":"product_tag-arte","9":"first","10":"instock","11":"shipping-taxable","12":"purchasable","13":"product-type-simple"},"bundled_by":[],"bundle_stock_status":"instock","bundle_stock_quantity":null,"bundle_virtual":false,"bundle_layout":"","bundle_add_to_cart_form_location":"","bundle_editable_in_cart":false,"bundle_sold_individually_context":"","bundle_item_grouping":"","bundle_min_size":"","bundle_max_size":"","bundle_price":[],"bundled_items":[],"bundle_sell_ids":[],"yoast_head":"<!-- This site is optimized with the Yoast SEO plugin v26.5 - https:\/\/yoast.com\/wordpress\/plugins\/seo\/ -->\n<title>Sellador universal 100ml a.d - Papelarte<\/title>\n<meta name=\"description\" content=\"Sellador universal 100ml a.d\" \/>\n<meta name=\"robots\" content=\"index, follow, max-snippet:-1, max-image-preview:large, max-video-preview:-1\" \/>\n<link rel=\"canonical\" href=\"https:\/\/papelarte.com.uy\/minorista\/minorista\/producto\/sellador-universal-100ml-a-d\/\" \/>\n<meta property=\"og:locale\" content=\"es_ES\" \/>\n<meta property=\"og:type\" content=\"article\" \/>\n<meta property=\"og:title\" content=\"Sellador universal 100ml a.d - Papelarte\" \/>\n<meta property=\"og:description\" content=\"Sellador universal 100ml a.d\" \/>\n<meta property=\"og:url\" content=\"https:\/\/papelarte.com.uy\/minorista\/minorista\/producto\/sellador-universal-100ml-a-d\/\" \/>\n<meta property=\"og:site_name\" content=\"Papelarte\" \/>\n<meta property=\"article:modified_time\" content=\"2024-12-18T12:22:14+00:00\" \/>\n<meta property=\"og:image\" content=\"https:\/\/papelarte.com.uy\/minorista\/minorista\/wp-content\/uploads\/2023\/09\/WhatsApp-Image-2023-09-19-at-11.59.41.jpeg\" \/>\n\t<meta property=\"og:image:width\" content=\"1800\" \/>\n\t<meta property=\"og:image:height\" content=\"1629\" \/>\n\t<meta property=\"og:image:type\" content=\"image\/jpeg\" \/>\n<meta name=\"twitter:card\" content=\"summary_large_image\" \/>\n<script type=\"application\/ld+json\" class=\"yoast-schema-graph\">{\"@context\":\"https:\/\/schema.org\",\"@graph\":[{\"@type\":\"WebPage\",\"@id\":\"https:\/\/papelarte.com.uy\/minorista\/minorista\/producto\/sellador-universal-100ml-a-d\/\",\"url\":\"https:\/\/papelarte.com.uy\/minorista\/minorista\/producto\/sellador-universal-100ml-a-d\/\",\"name\":\"Sellador universal 100ml a.d - Papelarte\",\"isPartOf\":{\"@id\":\"https:\/\/papelarte.com.uy\/minorista\/minorista\/#website\"},\"primaryImageOfPage\":{\"@id\":\"https:\/\/papelarte.com.uy\/minorista\/minorista\/producto\/sellador-universal-100ml-a-d\/#primaryimage\"},\"image\":{\"@id\":\"https:\/\/papelarte.com.uy\/minorista\/minorista\/producto\/sellador-universal-100ml-a-d\/#primaryimage\"},\"thumbnailUrl\":\"https:\/\/papelarte.com.uy\/minorista\/wp-content\/uploads\/2023\/09\/WhatsApp-Image-2023-09-19-at-11.59.41.jpeg\",\"datePublished\":\"2023-09-19T15:00:41+00:00\",\"dateModified\":\"2024-12-18T12:22:14+00:00\",\"description\":\"Sellador universal 100ml a.d\",\"breadcrumb\":{\"@id\":\"https:\/\/papelarte.com.uy\/minorista\/minorista\/producto\/sellador-universal-100ml-a-d\/#breadcrumb\"},\"inLanguage\":\"es\",\"potentialAction\":[{\"@type\":\"ReadAction\",\"target\":[\"https:\/\/papelarte.com.uy\/minorista\/minorista\/producto\/sellador-universal-100ml-a-d\/\"]}]},{\"@type\":\"ImageObject\",\"inLanguage\":\"es\",\"@id\":\"https:\/\/papelarte.com.uy\/minorista\/minorista\/producto\/sellador-universal-100ml-a-d\/#primaryimage\",\"url\":\"https:\/\/papelarte.com.uy\/minorista\/wp-content\/uploads\/2023\/09\/WhatsApp-Image-2023-09-19-at-11.59.41.jpeg\",\"contentUrl\":\"https:\/\/papelarte.com.uy\/minorista\/wp-content\/uploads\/2023\/09\/WhatsApp-Image-2023-09-19-at-11.59.41.jpeg\",\"width\":1800,\"height\":1629,\"caption\":\"Sellador universal 100ml a.d\"},{\"@type\":\"BreadcrumbList\",\"@id\":\"https:\/\/papelarte.com.uy\/minorista\/minorista\/producto\/sellador-universal-100ml-a-d\/#breadcrumb\",\"itemListElement\":[{\"@type\":\"ListItem\",\"position\":1,\"name\":\"Portada\",\"item\":\"https:\/\/papelarte.com.uy\/minorista\/minorista\/\"},{\"@type\":\"ListItem\",\"position\":2,\"name\":\"Productos\",\"item\":\"https:\/\/papelarte.com.uy\/minorista\/minorista\/tienda\/\"},{\"@type\":\"ListItem\",\"position\":3,\"name\":\"Sellador universal 100ml a.d\"}]},{\"@type\":\"WebSite\",\"@id\":\"https:\/\/papelarte.com.uy\/minorista\/minorista\/#website\",\"url\":\"https:\/\/papelarte.com.uy\/minorista\/minorista\/\",\"name\":\"Papelarte\",\"description\":\"Papeler\u00eda Uruguay\",\"publisher\":{\"@id\":\"https:\/\/papelarte.com.uy\/minorista\/minorista\/#organization\"},\"potentialAction\":[{\"@type\":\"SearchAction\",\"target\":{\"@type\":\"EntryPoint\",\"urlTemplate\":\"https:\/\/papelarte.com.uy\/minorista\/minorista\/?s={search_term_string}\"},\"query-input\":{\"@type\":\"PropertyValueSpecification\",\"valueRequired\":true,\"valueName\":\"search_term_string\"}}],\"inLanguage\":\"es\"},{\"@type\":\"Organization\",\"@id\":\"https:\/\/papelarte.com.uy\/minorista\/minorista\/#organization\",\"name\":\"Papelarte\",\"url\":\"https:\/\/papelarte.com.uy\/minorista\/minorista\/\",\"logo\":{\"@type\":\"ImageObject\",\"inLanguage\":\"es\",\"@id\":\"https:\/\/papelarte.com.uy\/minorista\/minorista\/#\/schema\/logo\/image\/\",\"url\":\"https:\/\/papelarte.com.uy\/minorista\/wp-content\/uploads\/2023\/03\/logo-papelarte.png\",\"contentUrl\":\"https:\/\/papelarte.com.uy\/minorista\/wp-content\/uploads\/2023\/03\/logo-papelarte.png\",\"width\":568,\"height\":230,\"caption\":\"Papelarte\"},\"image\":{\"@id\":\"https:\/\/papelarte.com.uy\/minorista\/minorista\/#\/schema\/logo\/image\/\"}}]}<\/script>\n<!-- \/ Yoast SEO plugin. -->","yoast_head_json":{"title":"Sellador universal 100ml a.d - Papelarte","description":"Sellador universal 100ml a.d","robots":{"index":"index","follow":"follow","max-snippet":"max-snippet:-1","max-image-preview":"max-image-preview:large","max-video-preview":"max-video-preview:-1"},"canonical":"https:\/\/papelarte.com.uy\/minorista\/minorista\/producto\/sellador-universal-100ml-a-d\/","og_locale":"es_ES","og_type":"article","og_title":"Sellador universal 100ml a.d - Papelarte","og_description":"Sellador universal 100ml a.d","og_url":"https:\/\/papelarte.com.uy\/minorista\/minorista\/producto\/sellador-universal-100ml-a-d\/","og_site_name":"Papelarte","article_modified_time":"2024-12-18T12:22:14+00:00","og_image":[{"width":1800,"height":1629,"url":"https:\/\/papelarte.com.uy\/minorista\/minorista\/wp-content\/uploads\/2023\/09\/WhatsApp-Image-2023-09-19-at-11.59.41.jpeg","type":"image\/jpeg"}],"twitter_card":"summary_large_image","schema":{"@context":"https:\/\/schema.org","@graph":[{"@type":"WebPage","@id":"https:\/\/papelarte.com.uy\/minorista\/minorista\/producto\/sellador-universal-100ml-a-d\/","url":"https:\/\/papelarte.com.uy\/minorista\/minorista\/producto\/sellador-universal-100ml-a-d\/","name":"Sellador universal 100ml a.d - Papelarte","isPartOf":{"@id":"https:\/\/papelarte.com.uy\/minorista\/minorista\/#website"},"primaryImageOfPage":{"@id":"https:\/\/papelarte.com.uy\/minorista\/minorista\/producto\/sellador-universal-100ml-a-d\/#primaryimage"},"image":{"@id":"https:\/\/papelarte.com.uy\/minorista\/minorista\/producto\/sellador-universal-100ml-a-d\/#primaryimage"},"thumbnailUrl":"https:\/\/papelarte.com.uy\/minorista\/wp-content\/uploads\/2023\/09\/WhatsApp-Image-2023-09-19-at-11.59.41.jpeg","datePublished":"2023-09-19T15:00:41+00:00","dateModified":"2024-12-18T12:22:14+00:00","description":"Sellador universal 100ml a.d","breadcrumb":{"@id":"https:\/\/papelarte.com.uy\/minorista\/minorista\/producto\/sellador-universal-100ml-a-d\/#breadcrumb"},"inLanguage":"es","potentialAction":[{"@type":"ReadAction","target":["https:\/\/papelarte.com.uy\/minorista\/minorista\/producto\/sellador-universal-100ml-a-d\/"]}]},{"@type":"ImageObject","inLanguage":"es","@id":"https:\/\/papelarte.com.uy\/minorista\/minorista\/producto\/sellador-universal-100ml-a-d\/#primaryimage","url":"https:\/\/papelarte.com.uy\/minorista\/wp-content\/uploads\/2023\/09\/WhatsApp-Image-2023-09-19-at-11.59.41.jpeg","contentUrl":"https:\/\/papelarte.com.uy\/minorista\/wp-content\/uploads\/2023\/09\/WhatsApp-Image-2023-09-19-at-11.59.41.jpeg","width":1800,"height":1629,"caption":"Sellador universal 100ml a.d"},{"@type":"BreadcrumbList","@id":"https:\/\/papelarte.com.uy\/minorista\/minorista\/producto\/sellador-universal-100ml-a-d\/#breadcrumb","itemListElement":[{"@type":"ListItem","position":1,"name":"Portada","item":"https:\/\/papelarte.com.uy\/minorista\/minorista\/"},{"@type":"ListItem","position":2,"name":"Productos","item":"https:\/\/papelarte.com.uy\/minorista\/minorista\/tienda\/"},{"@type":"ListItem","position":3,"name":"Sellador universal 100ml a.d"}]},{"@type":"WebSite","@id":"https:\/\/papelarte.com.uy\/minorista\/minorista\/#website","url":"https:\/\/papelarte.com.uy\/minorista\/minorista\/","name":"Papelarte","description":"Papeler\u00eda Uruguay","publisher":{"@id":"https:\/\/papelarte.com.uy\/minorista\/minorista\/#organization"},"potentialAction":[{"@type":"SearchAction","target":{"@type":"EntryPoint","urlTemplate":"https:\/\/papelarte.com.uy\/minorista\/minorista\/?s={search_term_string}"},"query-input":{"@type":"PropertyValueSpecification","valueRequired":true,"valueName":"search_term_string"}}],"inLanguage":"es"},{"@type":"Organization","@id":"https:\/\/papelarte.com.uy\/minorista\/minorista\/#organization","name":"Papelarte","url":"https:\/\/papelarte.com.uy\/minorista\/minorista\/","logo":{"@type":"ImageObject","inLanguage":"es","@id":"https:\/\/papelarte.com.uy\/minorista\/minorista\/#\/schema\/logo\/image\/","url":"https:\/\/papelarte.com.uy\/minorista\/wp-content\/uploads\/2023\/03\/logo-papelarte.png","contentUrl":"https:\/\/papelarte.com.uy\/minorista\/wp-content\/uploads\/2023\/03\/logo-papelarte.png","width":568,"height":230,"caption":"Papelarte"},"image":{"@id":"https:\/\/papelarte.com.uy\/minorista\/minorista\/#\/schema\/logo\/image\/"}}]}},"_links":{"self":[{"href":"https:\/\/papelarte.com.uy\/minorista\/wp-json\/wp\/v2\/product\/15155","targetHints":{"allow":["GET"]}}],"collection":[{"href":"https:\/\/papelarte.com.uy\/minorista\/wp-json\/wp\/v2\/product"}],"about":[{"href":"https:\/\/papelarte.com.uy\/minorista\/wp-json\/wp\/v2\/types\/product"}],"replies":[{"embeddable":true,"href":"https:\/\/papelarte.com.uy\/minorista\/wp-json\/wp\/v2\/comments?post=15155"}],"wp:featuredmedia":[{"embeddable":true,"href":"https:\/\/papelarte.com.uy\/minorista\/wp-json\/wp\/v2\/media\/15156"}],"wp:attachment":[{"href":"https:\/\/papelarte.com.uy\/minorista\/wp-json\/wp\/v2\/media?parent=15155"}],"wp:term":[{"taxonomy":"product_brand","embeddable":true,"href":"https:\/\/papelarte.com.uy\/minorista\/wp-json\/wp\/v2\/product_brand?post=15155"},{"taxonomy":"product_cat","embeddable":true,"href":"https:\/\/papelarte.com.uy\/minorista\/wp-json\/wp\/v2\/product_cat?post=15155"},{"taxonomy":"product_tag","embeddable":true,"href":"https:\/\/papelarte.com.uy\/minorista\/wp-json\/wp\/v2\/product_tag?post=15155"}],"curies":[{"name":"wp","href":"https:\/\/api.w.org\/{rel}","templated":true}]}}