{"id":14468,"date":"2023-09-01T16:23:43","date_gmt":"2023-09-01T19:23:43","guid":{"rendered":"https:\/\/papelarte.com.uy\/minorista\/minorista\/\/?post_type=product&#038;p=14468"},"modified":"2025-11-09T19:32:13","modified_gmt":"2025-11-09T22:32:13","slug":"pegamento-universal-uhu-35ml","status":"publish","type":"product","link":"https:\/\/papelarte.com.uy\/minorista\/producto\/pegamento-universal-uhu-35ml\/","title":{"rendered":"Pegamento universal uhu 35ml"},"content":{"rendered":"<p>Pegamento universal uhu 35ml<\/p>\n<p>UHU PEGAMENTO UNIVERSAL es un pegamento l\u00edquido de resina sint\u00e9tica para pegados r\u00e1pidos y transparentes en el hogar, en la oficina, en maqueter\u00eda, manualidades, etc. UHU PEGAMENTO UNIVERSAL pega con rapidez y de forma duradera numerosos materiales. El pegado se puede regular a corto plazo. No arruga el papel. Universal &#8211; pega madera, materiales de carpinter\u00eda, pl\u00e1sticos (ABS, PVC blando y duro, plexigl\u00e1s\u00ae, poliestireno, Resopal\u00ae), metal, vidrio, porcelana, cer\u00e1mica, cuero, goma, fieltro, corcho, tela, cartulina, papel,&#8230;No apropiado para styropor\u00ae, PE ni PP.<br \/>\nPresentaci\u00f3n:Unidad<\/p>\n","protected":false},"excerpt":{"rendered":"<p>Pegamento universal uhu 35ml UHU PEGAMENTO UNIVERSAL es un pegamento l\u00edquido de resina sint\u00e9tica para pegados r\u00e1pidos y transparentes en el hogar, en la oficina, en maqueter\u00eda, manualidades, etc. UHU PEGAMENTO UNIVERSAL pega con rapidez y de forma duradera numerosos materiales. El pegado se puede regular a corto plazo. No arruga el papel. Universal &#8211; [&hellip;]<\/p>\n","protected":false},"featured_media":14473,"comment_status":"open","ping_status":"closed","template":"","meta":{"_joinchat":[]},"product_brand":[],"product_cat":[2870,4786,4787,2622,2922,3389,4788,4785],"product_tag":[4797,4794,4571,4795,4796],"class_list":{"0":"post-14468","1":"product","2":"type-product","3":"status-publish","4":"has-post-thumbnail","6":"product_cat-adhesivos-y-cintas","7":"product_cat-escolares","8":"product_cat-liceos","9":"product_cat-papeleria","10":"product_cat-pegamentos","11":"product_cat-uhu","12":"product_cat-unioversitarios","13":"product_cat-vuelta-a-clases","14":"product_tag-escolares","15":"product_tag-liceales","16":"product_tag-uhu","17":"product_tag-universitarios","18":"product_tag-vuelta-a-clases","20":"first","21":"instock","22":"shipping-taxable","23":"purchasable","24":"product-type-simple"},"bundled_by":[],"bundle_stock_status":"instock","bundle_stock_quantity":null,"bundle_virtual":false,"bundle_layout":"","bundle_add_to_cart_form_location":"","bundle_editable_in_cart":false,"bundle_sold_individually_context":"","bundle_item_grouping":"","bundle_min_size":"","bundle_max_size":"","bundle_price":[],"bundled_items":[],"bundle_sell_ids":[],"yoast_head":"<!-- This site is optimized with the Yoast SEO plugin v26.5 - https:\/\/yoast.com\/wordpress\/plugins\/seo\/ -->\n<title>Pegamento universal uhu 35ml - Papelarte<\/title>\n<meta name=\"description\" content=\"Pegamento universal uhu 35ml\" \/>\n<meta name=\"robots\" content=\"index, follow, max-snippet:-1, max-image-preview:large, max-video-preview:-1\" \/>\n<link rel=\"canonical\" href=\"https:\/\/papelarte.com.uy\/minorista\/minorista\/producto\/pegamento-universal-uhu-35ml\/\" \/>\n<meta property=\"og:locale\" content=\"es_ES\" \/>\n<meta property=\"og:type\" content=\"article\" \/>\n<meta property=\"og:title\" content=\"Pegamento universal uhu 35ml - Papelarte\" \/>\n<meta property=\"og:description\" content=\"Pegamento universal uhu 35ml\" \/>\n<meta property=\"og:url\" content=\"https:\/\/papelarte.com.uy\/minorista\/minorista\/producto\/pegamento-universal-uhu-35ml\/\" \/>\n<meta property=\"og:site_name\" content=\"Papelarte\" \/>\n<meta property=\"article:modified_time\" content=\"2025-11-09T22:32:13+00:00\" \/>\n<meta property=\"og:image\" content=\"https:\/\/papelarte.com.uy\/minorista\/minorista\/wp-content\/uploads\/2023\/09\/peg40344-pegamento-uhu-universal-35mlMZ73TG-th.jpg\" \/>\n\t<meta property=\"og:image:width\" content=\"250\" \/>\n\t<meta property=\"og:image:height\" content=\"250\" \/>\n\t<meta property=\"og:image:type\" content=\"image\/jpeg\" \/>\n<meta name=\"twitter:card\" content=\"summary_large_image\" \/>\n<meta name=\"twitter:label1\" content=\"Tiempo de lectura\" \/>\n\t<meta name=\"twitter:data1\" content=\"1 minuto\" \/>\n<script type=\"application\/ld+json\" class=\"yoast-schema-graph\">{\"@context\":\"https:\/\/schema.org\",\"@graph\":[{\"@type\":\"WebPage\",\"@id\":\"https:\/\/papelarte.com.uy\/minorista\/minorista\/producto\/pegamento-universal-uhu-35ml\/\",\"url\":\"https:\/\/papelarte.com.uy\/minorista\/minorista\/producto\/pegamento-universal-uhu-35ml\/\",\"name\":\"Pegamento universal uhu 35ml - Papelarte\",\"isPartOf\":{\"@id\":\"https:\/\/papelarte.com.uy\/minorista\/minorista\/#website\"},\"primaryImageOfPage\":{\"@id\":\"https:\/\/papelarte.com.uy\/minorista\/minorista\/producto\/pegamento-universal-uhu-35ml\/#primaryimage\"},\"image\":{\"@id\":\"https:\/\/papelarte.com.uy\/minorista\/minorista\/producto\/pegamento-universal-uhu-35ml\/#primaryimage\"},\"thumbnailUrl\":\"https:\/\/papelarte.com.uy\/minorista\/wp-content\/uploads\/2023\/09\/peg40344-pegamento-uhu-universal-35mlMZ73TG-th.jpg\",\"datePublished\":\"2023-09-01T19:23:43+00:00\",\"dateModified\":\"2025-11-09T22:32:13+00:00\",\"description\":\"Pegamento universal uhu 35ml\",\"breadcrumb\":{\"@id\":\"https:\/\/papelarte.com.uy\/minorista\/minorista\/producto\/pegamento-universal-uhu-35ml\/#breadcrumb\"},\"inLanguage\":\"es\",\"potentialAction\":[{\"@type\":\"ReadAction\",\"target\":[\"https:\/\/papelarte.com.uy\/minorista\/minorista\/producto\/pegamento-universal-uhu-35ml\/\"]}]},{\"@type\":\"ImageObject\",\"inLanguage\":\"es\",\"@id\":\"https:\/\/papelarte.com.uy\/minorista\/minorista\/producto\/pegamento-universal-uhu-35ml\/#primaryimage\",\"url\":\"https:\/\/papelarte.com.uy\/minorista\/wp-content\/uploads\/2023\/09\/peg40344-pegamento-uhu-universal-35mlMZ73TG-th.jpg\",\"contentUrl\":\"https:\/\/papelarte.com.uy\/minorista\/wp-content\/uploads\/2023\/09\/peg40344-pegamento-uhu-universal-35mlMZ73TG-th.jpg\",\"width\":250,\"height\":250,\"caption\":\"Pegamento universal uhu 35ml\"},{\"@type\":\"BreadcrumbList\",\"@id\":\"https:\/\/papelarte.com.uy\/minorista\/minorista\/producto\/pegamento-universal-uhu-35ml\/#breadcrumb\",\"itemListElement\":[{\"@type\":\"ListItem\",\"position\":1,\"name\":\"Portada\",\"item\":\"https:\/\/papelarte.com.uy\/minorista\/minorista\/\"},{\"@type\":\"ListItem\",\"position\":2,\"name\":\"Productos\",\"item\":\"https:\/\/papelarte.com.uy\/minorista\/minorista\/tienda\/\"},{\"@type\":\"ListItem\",\"position\":3,\"name\":\"Pegamento universal uhu 35ml\"}]},{\"@type\":\"WebSite\",\"@id\":\"https:\/\/papelarte.com.uy\/minorista\/minorista\/#website\",\"url\":\"https:\/\/papelarte.com.uy\/minorista\/minorista\/\",\"name\":\"Papelarte\",\"description\":\"Papeler\u00eda Uruguay\",\"publisher\":{\"@id\":\"https:\/\/papelarte.com.uy\/minorista\/minorista\/#organization\"},\"potentialAction\":[{\"@type\":\"SearchAction\",\"target\":{\"@type\":\"EntryPoint\",\"urlTemplate\":\"https:\/\/papelarte.com.uy\/minorista\/minorista\/?s={search_term_string}\"},\"query-input\":{\"@type\":\"PropertyValueSpecification\",\"valueRequired\":true,\"valueName\":\"search_term_string\"}}],\"inLanguage\":\"es\"},{\"@type\":\"Organization\",\"@id\":\"https:\/\/papelarte.com.uy\/minorista\/minorista\/#organization\",\"name\":\"Papelarte\",\"url\":\"https:\/\/papelarte.com.uy\/minorista\/minorista\/\",\"logo\":{\"@type\":\"ImageObject\",\"inLanguage\":\"es\",\"@id\":\"https:\/\/papelarte.com.uy\/minorista\/minorista\/#\/schema\/logo\/image\/\",\"url\":\"https:\/\/papelarte.com.uy\/minorista\/wp-content\/uploads\/2023\/03\/logo-papelarte.png\",\"contentUrl\":\"https:\/\/papelarte.com.uy\/minorista\/wp-content\/uploads\/2023\/03\/logo-papelarte.png\",\"width\":568,\"height\":230,\"caption\":\"Papelarte\"},\"image\":{\"@id\":\"https:\/\/papelarte.com.uy\/minorista\/minorista\/#\/schema\/logo\/image\/\"}}]}<\/script>\n<!-- \/ Yoast SEO plugin. -->","yoast_head_json":{"title":"Pegamento universal uhu 35ml - Papelarte","description":"Pegamento universal uhu 35ml","robots":{"index":"index","follow":"follow","max-snippet":"max-snippet:-1","max-image-preview":"max-image-preview:large","max-video-preview":"max-video-preview:-1"},"canonical":"https:\/\/papelarte.com.uy\/minorista\/minorista\/producto\/pegamento-universal-uhu-35ml\/","og_locale":"es_ES","og_type":"article","og_title":"Pegamento universal uhu 35ml - Papelarte","og_description":"Pegamento universal uhu 35ml","og_url":"https:\/\/papelarte.com.uy\/minorista\/minorista\/producto\/pegamento-universal-uhu-35ml\/","og_site_name":"Papelarte","article_modified_time":"2025-11-09T22:32:13+00:00","og_image":[{"width":250,"height":250,"url":"https:\/\/papelarte.com.uy\/minorista\/minorista\/wp-content\/uploads\/2023\/09\/peg40344-pegamento-uhu-universal-35mlMZ73TG-th.jpg","type":"image\/jpeg"}],"twitter_card":"summary_large_image","twitter_misc":{"Tiempo de lectura":"1 minuto"},"schema":{"@context":"https:\/\/schema.org","@graph":[{"@type":"WebPage","@id":"https:\/\/papelarte.com.uy\/minorista\/minorista\/producto\/pegamento-universal-uhu-35ml\/","url":"https:\/\/papelarte.com.uy\/minorista\/minorista\/producto\/pegamento-universal-uhu-35ml\/","name":"Pegamento universal uhu 35ml - Papelarte","isPartOf":{"@id":"https:\/\/papelarte.com.uy\/minorista\/minorista\/#website"},"primaryImageOfPage":{"@id":"https:\/\/papelarte.com.uy\/minorista\/minorista\/producto\/pegamento-universal-uhu-35ml\/#primaryimage"},"image":{"@id":"https:\/\/papelarte.com.uy\/minorista\/minorista\/producto\/pegamento-universal-uhu-35ml\/#primaryimage"},"thumbnailUrl":"https:\/\/papelarte.com.uy\/minorista\/wp-content\/uploads\/2023\/09\/peg40344-pegamento-uhu-universal-35mlMZ73TG-th.jpg","datePublished":"2023-09-01T19:23:43+00:00","dateModified":"2025-11-09T22:32:13+00:00","description":"Pegamento universal uhu 35ml","breadcrumb":{"@id":"https:\/\/papelarte.com.uy\/minorista\/minorista\/producto\/pegamento-universal-uhu-35ml\/#breadcrumb"},"inLanguage":"es","potentialAction":[{"@type":"ReadAction","target":["https:\/\/papelarte.com.uy\/minorista\/minorista\/producto\/pegamento-universal-uhu-35ml\/"]}]},{"@type":"ImageObject","inLanguage":"es","@id":"https:\/\/papelarte.com.uy\/minorista\/minorista\/producto\/pegamento-universal-uhu-35ml\/#primaryimage","url":"https:\/\/papelarte.com.uy\/minorista\/wp-content\/uploads\/2023\/09\/peg40344-pegamento-uhu-universal-35mlMZ73TG-th.jpg","contentUrl":"https:\/\/papelarte.com.uy\/minorista\/wp-content\/uploads\/2023\/09\/peg40344-pegamento-uhu-universal-35mlMZ73TG-th.jpg","width":250,"height":250,"caption":"Pegamento universal uhu 35ml"},{"@type":"BreadcrumbList","@id":"https:\/\/papelarte.com.uy\/minorista\/minorista\/producto\/pegamento-universal-uhu-35ml\/#breadcrumb","itemListElement":[{"@type":"ListItem","position":1,"name":"Portada","item":"https:\/\/papelarte.com.uy\/minorista\/minorista\/"},{"@type":"ListItem","position":2,"name":"Productos","item":"https:\/\/papelarte.com.uy\/minorista\/minorista\/tienda\/"},{"@type":"ListItem","position":3,"name":"Pegamento universal uhu 35ml"}]},{"@type":"WebSite","@id":"https:\/\/papelarte.com.uy\/minorista\/minorista\/#website","url":"https:\/\/papelarte.com.uy\/minorista\/minorista\/","name":"Papelarte","description":"Papeler\u00eda Uruguay","publisher":{"@id":"https:\/\/papelarte.com.uy\/minorista\/minorista\/#organization"},"potentialAction":[{"@type":"SearchAction","target":{"@type":"EntryPoint","urlTemplate":"https:\/\/papelarte.com.uy\/minorista\/minorista\/?s={search_term_string}"},"query-input":{"@type":"PropertyValueSpecification","valueRequired":true,"valueName":"search_term_string"}}],"inLanguage":"es"},{"@type":"Organization","@id":"https:\/\/papelarte.com.uy\/minorista\/minorista\/#organization","name":"Papelarte","url":"https:\/\/papelarte.com.uy\/minorista\/minorista\/","logo":{"@type":"ImageObject","inLanguage":"es","@id":"https:\/\/papelarte.com.uy\/minorista\/minorista\/#\/schema\/logo\/image\/","url":"https:\/\/papelarte.com.uy\/minorista\/wp-content\/uploads\/2023\/03\/logo-papelarte.png","contentUrl":"https:\/\/papelarte.com.uy\/minorista\/wp-content\/uploads\/2023\/03\/logo-papelarte.png","width":568,"height":230,"caption":"Papelarte"},"image":{"@id":"https:\/\/papelarte.com.uy\/minorista\/minorista\/#\/schema\/logo\/image\/"}}]}},"_links":{"self":[{"href":"https:\/\/papelarte.com.uy\/minorista\/wp-json\/wp\/v2\/product\/14468","targetHints":{"allow":["GET"]}}],"collection":[{"href":"https:\/\/papelarte.com.uy\/minorista\/wp-json\/wp\/v2\/product"}],"about":[{"href":"https:\/\/papelarte.com.uy\/minorista\/wp-json\/wp\/v2\/types\/product"}],"replies":[{"embeddable":true,"href":"https:\/\/papelarte.com.uy\/minorista\/wp-json\/wp\/v2\/comments?post=14468"}],"wp:featuredmedia":[{"embeddable":true,"href":"https:\/\/papelarte.com.uy\/minorista\/wp-json\/wp\/v2\/media\/14473"}],"wp:attachment":[{"href":"https:\/\/papelarte.com.uy\/minorista\/wp-json\/wp\/v2\/media?parent=14468"}],"wp:term":[{"taxonomy":"product_brand","embeddable":true,"href":"https:\/\/papelarte.com.uy\/minorista\/wp-json\/wp\/v2\/product_brand?post=14468"},{"taxonomy":"product_cat","embeddable":true,"href":"https:\/\/papelarte.com.uy\/minorista\/wp-json\/wp\/v2\/product_cat?post=14468"},{"taxonomy":"product_tag","embeddable":true,"href":"https:\/\/papelarte.com.uy\/minorista\/wp-json\/wp\/v2\/product_tag?post=14468"}],"curies":[{"name":"wp","href":"https:\/\/api.w.org\/{rel}","templated":true}]}}