{"id":13163,"date":"2023-08-06T18:51:59","date_gmt":"2023-08-06T21:51:59","guid":{"rendered":"https:\/\/papelarte.com.uy\/minorista\/minorista\/\/?post_type=product&#038;p=13163"},"modified":"2024-07-31T15:46:38","modified_gmt":"2024-07-31T18:46:38","slug":"troqueladora-de-corte-y-estampado-de-relives-ibi-craft","status":"publish","type":"product","link":"https:\/\/papelarte.com.uy\/minorista\/producto\/troqueladora-de-corte-y-estampado-de-relives-ibi-craft\/","title":{"rendered":"Troqueladora de corte y estampado de relieves ibi craft"},"content":{"rendered":"<p>Troqueladora de corte y estampado de relives ibi craft<\/p>\n<p>M\u00e1quina para troquelado de relieves con estampado de texturas y recorte de formas IBI CRAFT. Firme sujecci\u00f3n a mesa a trav\u00e9s de ventosa en su base. Entrada de 3 1\/8&#8243; (Aprox. 7,95 cms.) El kit incluye (Ver Imagen) : M\u00e1quina de troquel y estampado, 1 placa base B, 1 placa de corte C, 1 placa de estampado E, 1 almohadilla de goma, 1 matriz de grabaci\u00f3n en relieve, 7 troqueles de corte, 8 hojas de cartulina precortadas (color aleatorio) y manual de instrucciones.<\/p>\n<p>Presentaci\u00f3n : Unidad<\/p>\n","protected":false},"excerpt":{"rendered":"<p>Troqueladora de corte y estampado de relives ibi craft M\u00e1quina para troquelado de relieves con estampado de texturas y recorte de formas IBI CRAFT. Firme sujecci\u00f3n a mesa a trav\u00e9s de ventosa en su base. Entrada de 3 1\/8&#8243; (Aprox. 7,95 cms.) El kit incluye (Ver Imagen) : M\u00e1quina de troquel y estampado, 1 placa [&hellip;]<\/p>\n","protected":false},"featured_media":13165,"comment_status":"open","ping_status":"closed","template":"","meta":{"_joinchat":[]},"product_brand":[],"product_cat":[3356,2622,3064],"product_tag":[4542],"class_list":{"0":"post-13163","1":"product","2":"type-product","3":"status-publish","4":"has-post-thumbnail","6":"product_cat-ibi-craft","7":"product_cat-papeleria","8":"product_cat-perforadora-oficina","9":"product_tag-ibi-craft","11":"first","12":"instock","13":"shipping-taxable","14":"purchasable","15":"product-type-simple"},"bundled_by":[],"bundle_stock_status":"instock","bundle_stock_quantity":null,"bundle_virtual":false,"bundle_layout":"","bundle_add_to_cart_form_location":"","bundle_editable_in_cart":false,"bundle_sold_individually_context":"","bundle_item_grouping":"","bundle_min_size":"","bundle_max_size":"","bundle_price":[],"bundled_items":[],"bundle_sell_ids":[],"yoast_head":"<!-- This site is optimized with the Yoast SEO plugin v26.5 - https:\/\/yoast.com\/wordpress\/plugins\/seo\/ -->\n<title>Troqueladora de corte y estampado de relieves ibi craft - Papelarte<\/title>\n<meta name=\"description\" content=\"Troqueladora de corte y estampado de relives ibi craft\" \/>\n<meta name=\"robots\" content=\"index, follow, max-snippet:-1, max-image-preview:large, max-video-preview:-1\" \/>\n<link rel=\"canonical\" href=\"https:\/\/papelarte.com.uy\/minorista\/minorista\/producto\/troqueladora-de-corte-y-estampado-de-relives-ibi-craft\/\" \/>\n<meta property=\"og:locale\" content=\"es_ES\" \/>\n<meta property=\"og:type\" content=\"article\" \/>\n<meta property=\"og:title\" content=\"Troqueladora de corte y estampado de relieves ibi craft - Papelarte\" \/>\n<meta property=\"og:description\" content=\"Troqueladora de corte y estampado de relives ibi craft\" \/>\n<meta property=\"og:url\" content=\"https:\/\/papelarte.com.uy\/minorista\/minorista\/producto\/troqueladora-de-corte-y-estampado-de-relives-ibi-craft\/\" \/>\n<meta property=\"og:site_name\" content=\"Papelarte\" \/>\n<meta property=\"article:modified_time\" content=\"2024-07-31T18:46:38+00:00\" \/>\n<meta property=\"og:image\" content=\"https:\/\/papelarte.com.uy\/minorista\/minorista\/wp-content\/uploads\/2023\/08\/860-100.jpg\" \/>\n\t<meta property=\"og:image:width\" content=\"500\" \/>\n\t<meta property=\"og:image:height\" content=\"500\" \/>\n\t<meta property=\"og:image:type\" content=\"image\/jpeg\" \/>\n<meta name=\"twitter:card\" content=\"summary_large_image\" \/>\n<meta name=\"twitter:label1\" content=\"Tiempo de lectura\" \/>\n\t<meta name=\"twitter:data1\" content=\"1 minuto\" \/>\n<script type=\"application\/ld+json\" class=\"yoast-schema-graph\">{\"@context\":\"https:\/\/schema.org\",\"@graph\":[{\"@type\":\"WebPage\",\"@id\":\"https:\/\/papelarte.com.uy\/minorista\/minorista\/producto\/troqueladora-de-corte-y-estampado-de-relives-ibi-craft\/\",\"url\":\"https:\/\/papelarte.com.uy\/minorista\/minorista\/producto\/troqueladora-de-corte-y-estampado-de-relives-ibi-craft\/\",\"name\":\"Troqueladora de corte y estampado de relieves ibi craft - Papelarte\",\"isPartOf\":{\"@id\":\"https:\/\/papelarte.com.uy\/minorista\/minorista\/#website\"},\"primaryImageOfPage\":{\"@id\":\"https:\/\/papelarte.com.uy\/minorista\/minorista\/producto\/troqueladora-de-corte-y-estampado-de-relives-ibi-craft\/#primaryimage\"},\"image\":{\"@id\":\"https:\/\/papelarte.com.uy\/minorista\/minorista\/producto\/troqueladora-de-corte-y-estampado-de-relives-ibi-craft\/#primaryimage\"},\"thumbnailUrl\":\"https:\/\/papelarte.com.uy\/minorista\/wp-content\/uploads\/2023\/08\/860-100.jpg\",\"datePublished\":\"2023-08-06T21:51:59+00:00\",\"dateModified\":\"2024-07-31T18:46:38+00:00\",\"description\":\"Troqueladora de corte y estampado de relives ibi craft\",\"breadcrumb\":{\"@id\":\"https:\/\/papelarte.com.uy\/minorista\/minorista\/producto\/troqueladora-de-corte-y-estampado-de-relives-ibi-craft\/#breadcrumb\"},\"inLanguage\":\"es\",\"potentialAction\":[{\"@type\":\"ReadAction\",\"target\":[\"https:\/\/papelarte.com.uy\/minorista\/minorista\/producto\/troqueladora-de-corte-y-estampado-de-relives-ibi-craft\/\"]}]},{\"@type\":\"ImageObject\",\"inLanguage\":\"es\",\"@id\":\"https:\/\/papelarte.com.uy\/minorista\/minorista\/producto\/troqueladora-de-corte-y-estampado-de-relives-ibi-craft\/#primaryimage\",\"url\":\"https:\/\/papelarte.com.uy\/minorista\/wp-content\/uploads\/2023\/08\/860-100.jpg\",\"contentUrl\":\"https:\/\/papelarte.com.uy\/minorista\/wp-content\/uploads\/2023\/08\/860-100.jpg\",\"width\":500,\"height\":500,\"caption\":\"Troqueladora de corte y estampado de relives ibi craft\"},{\"@type\":\"BreadcrumbList\",\"@id\":\"https:\/\/papelarte.com.uy\/minorista\/minorista\/producto\/troqueladora-de-corte-y-estampado-de-relives-ibi-craft\/#breadcrumb\",\"itemListElement\":[{\"@type\":\"ListItem\",\"position\":1,\"name\":\"Portada\",\"item\":\"https:\/\/papelarte.com.uy\/minorista\/minorista\/\"},{\"@type\":\"ListItem\",\"position\":2,\"name\":\"Productos\",\"item\":\"https:\/\/papelarte.com.uy\/minorista\/minorista\/tienda\/\"},{\"@type\":\"ListItem\",\"position\":3,\"name\":\"Troqueladora de corte y estampado de relieves ibi craft\"}]},{\"@type\":\"WebSite\",\"@id\":\"https:\/\/papelarte.com.uy\/minorista\/minorista\/#website\",\"url\":\"https:\/\/papelarte.com.uy\/minorista\/minorista\/\",\"name\":\"Papelarte\",\"description\":\"Papeler\u00eda Uruguay\",\"publisher\":{\"@id\":\"https:\/\/papelarte.com.uy\/minorista\/minorista\/#organization\"},\"potentialAction\":[{\"@type\":\"SearchAction\",\"target\":{\"@type\":\"EntryPoint\",\"urlTemplate\":\"https:\/\/papelarte.com.uy\/minorista\/minorista\/?s={search_term_string}\"},\"query-input\":{\"@type\":\"PropertyValueSpecification\",\"valueRequired\":true,\"valueName\":\"search_term_string\"}}],\"inLanguage\":\"es\"},{\"@type\":\"Organization\",\"@id\":\"https:\/\/papelarte.com.uy\/minorista\/minorista\/#organization\",\"name\":\"Papelarte\",\"url\":\"https:\/\/papelarte.com.uy\/minorista\/minorista\/\",\"logo\":{\"@type\":\"ImageObject\",\"inLanguage\":\"es\",\"@id\":\"https:\/\/papelarte.com.uy\/minorista\/minorista\/#\/schema\/logo\/image\/\",\"url\":\"https:\/\/papelarte.com.uy\/minorista\/wp-content\/uploads\/2023\/03\/logo-papelarte.png\",\"contentUrl\":\"https:\/\/papelarte.com.uy\/minorista\/wp-content\/uploads\/2023\/03\/logo-papelarte.png\",\"width\":568,\"height\":230,\"caption\":\"Papelarte\"},\"image\":{\"@id\":\"https:\/\/papelarte.com.uy\/minorista\/minorista\/#\/schema\/logo\/image\/\"}}]}<\/script>\n<!-- \/ Yoast SEO plugin. -->","yoast_head_json":{"title":"Troqueladora de corte y estampado de relieves ibi craft - Papelarte","description":"Troqueladora de corte y estampado de relives ibi craft","robots":{"index":"index","follow":"follow","max-snippet":"max-snippet:-1","max-image-preview":"max-image-preview:large","max-video-preview":"max-video-preview:-1"},"canonical":"https:\/\/papelarte.com.uy\/minorista\/minorista\/producto\/troqueladora-de-corte-y-estampado-de-relives-ibi-craft\/","og_locale":"es_ES","og_type":"article","og_title":"Troqueladora de corte y estampado de relieves ibi craft - Papelarte","og_description":"Troqueladora de corte y estampado de relives ibi craft","og_url":"https:\/\/papelarte.com.uy\/minorista\/minorista\/producto\/troqueladora-de-corte-y-estampado-de-relives-ibi-craft\/","og_site_name":"Papelarte","article_modified_time":"2024-07-31T18:46:38+00:00","og_image":[{"width":500,"height":500,"url":"https:\/\/papelarte.com.uy\/minorista\/minorista\/wp-content\/uploads\/2023\/08\/860-100.jpg","type":"image\/jpeg"}],"twitter_card":"summary_large_image","twitter_misc":{"Tiempo de lectura":"1 minuto"},"schema":{"@context":"https:\/\/schema.org","@graph":[{"@type":"WebPage","@id":"https:\/\/papelarte.com.uy\/minorista\/minorista\/producto\/troqueladora-de-corte-y-estampado-de-relives-ibi-craft\/","url":"https:\/\/papelarte.com.uy\/minorista\/minorista\/producto\/troqueladora-de-corte-y-estampado-de-relives-ibi-craft\/","name":"Troqueladora de corte y estampado de relieves ibi craft - Papelarte","isPartOf":{"@id":"https:\/\/papelarte.com.uy\/minorista\/minorista\/#website"},"primaryImageOfPage":{"@id":"https:\/\/papelarte.com.uy\/minorista\/minorista\/producto\/troqueladora-de-corte-y-estampado-de-relives-ibi-craft\/#primaryimage"},"image":{"@id":"https:\/\/papelarte.com.uy\/minorista\/minorista\/producto\/troqueladora-de-corte-y-estampado-de-relives-ibi-craft\/#primaryimage"},"thumbnailUrl":"https:\/\/papelarte.com.uy\/minorista\/wp-content\/uploads\/2023\/08\/860-100.jpg","datePublished":"2023-08-06T21:51:59+00:00","dateModified":"2024-07-31T18:46:38+00:00","description":"Troqueladora de corte y estampado de relives ibi craft","breadcrumb":{"@id":"https:\/\/papelarte.com.uy\/minorista\/minorista\/producto\/troqueladora-de-corte-y-estampado-de-relives-ibi-craft\/#breadcrumb"},"inLanguage":"es","potentialAction":[{"@type":"ReadAction","target":["https:\/\/papelarte.com.uy\/minorista\/minorista\/producto\/troqueladora-de-corte-y-estampado-de-relives-ibi-craft\/"]}]},{"@type":"ImageObject","inLanguage":"es","@id":"https:\/\/papelarte.com.uy\/minorista\/minorista\/producto\/troqueladora-de-corte-y-estampado-de-relives-ibi-craft\/#primaryimage","url":"https:\/\/papelarte.com.uy\/minorista\/wp-content\/uploads\/2023\/08\/860-100.jpg","contentUrl":"https:\/\/papelarte.com.uy\/minorista\/wp-content\/uploads\/2023\/08\/860-100.jpg","width":500,"height":500,"caption":"Troqueladora de corte y estampado de relives ibi craft"},{"@type":"BreadcrumbList","@id":"https:\/\/papelarte.com.uy\/minorista\/minorista\/producto\/troqueladora-de-corte-y-estampado-de-relives-ibi-craft\/#breadcrumb","itemListElement":[{"@type":"ListItem","position":1,"name":"Portada","item":"https:\/\/papelarte.com.uy\/minorista\/minorista\/"},{"@type":"ListItem","position":2,"name":"Productos","item":"https:\/\/papelarte.com.uy\/minorista\/minorista\/tienda\/"},{"@type":"ListItem","position":3,"name":"Troqueladora de corte y estampado de relieves ibi craft"}]},{"@type":"WebSite","@id":"https:\/\/papelarte.com.uy\/minorista\/minorista\/#website","url":"https:\/\/papelarte.com.uy\/minorista\/minorista\/","name":"Papelarte","description":"Papeler\u00eda Uruguay","publisher":{"@id":"https:\/\/papelarte.com.uy\/minorista\/minorista\/#organization"},"potentialAction":[{"@type":"SearchAction","target":{"@type":"EntryPoint","urlTemplate":"https:\/\/papelarte.com.uy\/minorista\/minorista\/?s={search_term_string}"},"query-input":{"@type":"PropertyValueSpecification","valueRequired":true,"valueName":"search_term_string"}}],"inLanguage":"es"},{"@type":"Organization","@id":"https:\/\/papelarte.com.uy\/minorista\/minorista\/#organization","name":"Papelarte","url":"https:\/\/papelarte.com.uy\/minorista\/minorista\/","logo":{"@type":"ImageObject","inLanguage":"es","@id":"https:\/\/papelarte.com.uy\/minorista\/minorista\/#\/schema\/logo\/image\/","url":"https:\/\/papelarte.com.uy\/minorista\/wp-content\/uploads\/2023\/03\/logo-papelarte.png","contentUrl":"https:\/\/papelarte.com.uy\/minorista\/wp-content\/uploads\/2023\/03\/logo-papelarte.png","width":568,"height":230,"caption":"Papelarte"},"image":{"@id":"https:\/\/papelarte.com.uy\/minorista\/minorista\/#\/schema\/logo\/image\/"}}]}},"_links":{"self":[{"href":"https:\/\/papelarte.com.uy\/minorista\/wp-json\/wp\/v2\/product\/13163","targetHints":{"allow":["GET"]}}],"collection":[{"href":"https:\/\/papelarte.com.uy\/minorista\/wp-json\/wp\/v2\/product"}],"about":[{"href":"https:\/\/papelarte.com.uy\/minorista\/wp-json\/wp\/v2\/types\/product"}],"replies":[{"embeddable":true,"href":"https:\/\/papelarte.com.uy\/minorista\/wp-json\/wp\/v2\/comments?post=13163"}],"wp:featuredmedia":[{"embeddable":true,"href":"https:\/\/papelarte.com.uy\/minorista\/wp-json\/wp\/v2\/media\/13165"}],"wp:attachment":[{"href":"https:\/\/papelarte.com.uy\/minorista\/wp-json\/wp\/v2\/media?parent=13163"}],"wp:term":[{"taxonomy":"product_brand","embeddable":true,"href":"https:\/\/papelarte.com.uy\/minorista\/wp-json\/wp\/v2\/product_brand?post=13163"},{"taxonomy":"product_cat","embeddable":true,"href":"https:\/\/papelarte.com.uy\/minorista\/wp-json\/wp\/v2\/product_cat?post=13163"},{"taxonomy":"product_tag","embeddable":true,"href":"https:\/\/papelarte.com.uy\/minorista\/wp-json\/wp\/v2\/product_tag?post=13163"}],"curies":[{"name":"wp","href":"https:\/\/api.w.org\/{rel}","templated":true}]}}