{"id":12913,"date":"2023-08-03T16:36:35","date_gmt":"2023-08-03T19:36:35","guid":{"rendered":"https:\/\/papelarte.com.uy\/minorista\/minorista\/\/?post_type=product&#038;p=12913"},"modified":"2024-07-31T15:35:54","modified_gmt":"2024-07-31T18:35:54","slug":"marcador-de-pizarra","status":"publish","type":"product","link":"https:\/\/papelarte.com.uy\/minorista\/producto\/marcador-de-pizarra\/","title":{"rendered":"Marcador para pizarra sabonis"},"content":{"rendered":"<p>Marcador de pizarra<\/p>\n<p>-Marcador de Pizarra<br \/>\n-Punta redonda<br \/>\n-Trazo grueso de 1.5 a 4mm<br \/>\n-Secado r\u00e1pido y f\u00e1cil borrado en seco<br \/>\n-Baja intensidad de olor y secado r\u00e1pido<br \/>\n-Ideal para escribir, rotular y colorear sobre pizarras blancas, vidrios, metales y otras superficies NO porosas<\/p>\n","protected":false},"excerpt":{"rendered":"<p>Marcador de pizarra -Marcador de Pizarra -Punta redonda -Trazo grueso de 1.5 a 4mm -Secado r\u00e1pido y f\u00e1cil borrado en seco -Baja intensidad de olor y secado r\u00e1pido -Ideal para escribir, rotular y colorear sobre pizarras blancas, vidrios, metales y otras superficies NO porosas<\/p>\n","protected":false},"featured_media":18840,"comment_status":"open","ping_status":"closed","template":"","meta":{"_joinchat":[]},"product_brand":[],"product_cat":[4786,2860,4787,2877,2622,3385,4788,4785],"product_tag":[4797,4794,4549,4796],"class_list":{"0":"post-12913","1":"product","2":"type-product","3":"status-publish","4":"has-post-thumbnail","6":"product_cat-escolares","7":"product_cat-escritura","8":"product_cat-liceos","9":"product_cat-marcadores","10":"product_cat-papeleria","11":"product_cat-sabonis","12":"product_cat-unioversitarios","13":"product_cat-vuelta-a-clases","14":"product_tag-escolares","15":"product_tag-liceales","16":"product_tag-sabonis","17":"product_tag-vuelta-a-clases","19":"first","20":"instock","21":"shipping-taxable","22":"purchasable","23":"product-type-variable"},"bundled_by":[],"bundle_stock_status":"instock","bundle_stock_quantity":null,"bundle_virtual":false,"bundle_layout":"","bundle_add_to_cart_form_location":"","bundle_editable_in_cart":false,"bundle_sold_individually_context":"","bundle_item_grouping":"","bundle_min_size":"","bundle_max_size":"","bundle_price":[],"bundled_items":[],"bundle_sell_ids":[],"yoast_head":"<!-- This site is optimized with the Yoast SEO plugin v26.5 - https:\/\/yoast.com\/wordpress\/plugins\/seo\/ -->\n<title>Marcador para pizarra sabonis - Papelarte<\/title>\n<meta name=\"description\" content=\"Marcador de pizarra\" \/>\n<meta name=\"robots\" content=\"index, follow, max-snippet:-1, max-image-preview:large, max-video-preview:-1\" \/>\n<link rel=\"canonical\" href=\"https:\/\/papelarte.com.uy\/minorista\/minorista\/producto\/marcador-de-pizarra\/\" \/>\n<meta property=\"og:locale\" content=\"es_ES\" \/>\n<meta property=\"og:type\" content=\"article\" \/>\n<meta property=\"og:title\" content=\"Marcador para pizarra sabonis - Papelarte\" \/>\n<meta property=\"og:description\" content=\"Marcador de pizarra\" \/>\n<meta property=\"og:url\" content=\"https:\/\/papelarte.com.uy\/minorista\/minorista\/producto\/marcador-de-pizarra\/\" \/>\n<meta property=\"og:site_name\" content=\"Papelarte\" \/>\n<meta property=\"article:modified_time\" content=\"2024-07-31T18:35:54+00:00\" \/>\n<meta property=\"og:image\" content=\"https:\/\/papelarte.com.uy\/minorista\/minorista\/wp-content\/uploads\/2023\/08\/M5037-punta-biselada-individual.jpg\" \/>\n\t<meta property=\"og:image:width\" content=\"552\" \/>\n\t<meta property=\"og:image:height\" content=\"554\" \/>\n\t<meta property=\"og:image:type\" content=\"image\/jpeg\" \/>\n<meta name=\"twitter:card\" content=\"summary_large_image\" \/>\n<meta name=\"twitter:label1\" content=\"Tiempo de lectura\" \/>\n\t<meta name=\"twitter:data1\" content=\"1 minuto\" \/>\n<script type=\"application\/ld+json\" class=\"yoast-schema-graph\">{\"@context\":\"https:\/\/schema.org\",\"@graph\":[{\"@type\":\"WebPage\",\"@id\":\"https:\/\/papelarte.com.uy\/minorista\/minorista\/producto\/marcador-de-pizarra\/\",\"url\":\"https:\/\/papelarte.com.uy\/minorista\/minorista\/producto\/marcador-de-pizarra\/\",\"name\":\"Marcador para pizarra sabonis - Papelarte\",\"isPartOf\":{\"@id\":\"https:\/\/papelarte.com.uy\/minorista\/minorista\/#website\"},\"primaryImageOfPage\":{\"@id\":\"https:\/\/papelarte.com.uy\/minorista\/minorista\/producto\/marcador-de-pizarra\/#primaryimage\"},\"image\":{\"@id\":\"https:\/\/papelarte.com.uy\/minorista\/minorista\/producto\/marcador-de-pizarra\/#primaryimage\"},\"thumbnailUrl\":\"https:\/\/papelarte.com.uy\/minorista\/wp-content\/uploads\/2023\/08\/M5037-punta-biselada-individual.jpg\",\"datePublished\":\"2023-08-03T19:36:35+00:00\",\"dateModified\":\"2024-07-31T18:35:54+00:00\",\"description\":\"Marcador de pizarra\",\"breadcrumb\":{\"@id\":\"https:\/\/papelarte.com.uy\/minorista\/minorista\/producto\/marcador-de-pizarra\/#breadcrumb\"},\"inLanguage\":\"es\",\"potentialAction\":[{\"@type\":\"ReadAction\",\"target\":[\"https:\/\/papelarte.com.uy\/minorista\/minorista\/producto\/marcador-de-pizarra\/\"]}]},{\"@type\":\"ImageObject\",\"inLanguage\":\"es\",\"@id\":\"https:\/\/papelarte.com.uy\/minorista\/minorista\/producto\/marcador-de-pizarra\/#primaryimage\",\"url\":\"https:\/\/papelarte.com.uy\/minorista\/wp-content\/uploads\/2023\/08\/M5037-punta-biselada-individual.jpg\",\"contentUrl\":\"https:\/\/papelarte.com.uy\/minorista\/wp-content\/uploads\/2023\/08\/M5037-punta-biselada-individual.jpg\",\"width\":552,\"height\":554},{\"@type\":\"BreadcrumbList\",\"@id\":\"https:\/\/papelarte.com.uy\/minorista\/minorista\/producto\/marcador-de-pizarra\/#breadcrumb\",\"itemListElement\":[{\"@type\":\"ListItem\",\"position\":1,\"name\":\"Portada\",\"item\":\"https:\/\/papelarte.com.uy\/minorista\/minorista\/\"},{\"@type\":\"ListItem\",\"position\":2,\"name\":\"Productos\",\"item\":\"https:\/\/papelarte.com.uy\/minorista\/minorista\/tienda\/\"},{\"@type\":\"ListItem\",\"position\":3,\"name\":\"Marcador para pizarra sabonis\"}]},{\"@type\":\"WebSite\",\"@id\":\"https:\/\/papelarte.com.uy\/minorista\/minorista\/#website\",\"url\":\"https:\/\/papelarte.com.uy\/minorista\/minorista\/\",\"name\":\"Papelarte\",\"description\":\"Papeler\u00eda Uruguay\",\"publisher\":{\"@id\":\"https:\/\/papelarte.com.uy\/minorista\/minorista\/#organization\"},\"potentialAction\":[{\"@type\":\"SearchAction\",\"target\":{\"@type\":\"EntryPoint\",\"urlTemplate\":\"https:\/\/papelarte.com.uy\/minorista\/minorista\/?s={search_term_string}\"},\"query-input\":{\"@type\":\"PropertyValueSpecification\",\"valueRequired\":true,\"valueName\":\"search_term_string\"}}],\"inLanguage\":\"es\"},{\"@type\":\"Organization\",\"@id\":\"https:\/\/papelarte.com.uy\/minorista\/minorista\/#organization\",\"name\":\"Papelarte\",\"url\":\"https:\/\/papelarte.com.uy\/minorista\/minorista\/\",\"logo\":{\"@type\":\"ImageObject\",\"inLanguage\":\"es\",\"@id\":\"https:\/\/papelarte.com.uy\/minorista\/minorista\/#\/schema\/logo\/image\/\",\"url\":\"https:\/\/papelarte.com.uy\/minorista\/wp-content\/uploads\/2023\/03\/logo-papelarte.png\",\"contentUrl\":\"https:\/\/papelarte.com.uy\/minorista\/wp-content\/uploads\/2023\/03\/logo-papelarte.png\",\"width\":568,\"height\":230,\"caption\":\"Papelarte\"},\"image\":{\"@id\":\"https:\/\/papelarte.com.uy\/minorista\/minorista\/#\/schema\/logo\/image\/\"}}]}<\/script>\n<!-- \/ Yoast SEO plugin. -->","yoast_head_json":{"title":"Marcador para pizarra sabonis - Papelarte","description":"Marcador de pizarra","robots":{"index":"index","follow":"follow","max-snippet":"max-snippet:-1","max-image-preview":"max-image-preview:large","max-video-preview":"max-video-preview:-1"},"canonical":"https:\/\/papelarte.com.uy\/minorista\/minorista\/producto\/marcador-de-pizarra\/","og_locale":"es_ES","og_type":"article","og_title":"Marcador para pizarra sabonis - Papelarte","og_description":"Marcador de pizarra","og_url":"https:\/\/papelarte.com.uy\/minorista\/minorista\/producto\/marcador-de-pizarra\/","og_site_name":"Papelarte","article_modified_time":"2024-07-31T18:35:54+00:00","og_image":[{"width":552,"height":554,"url":"https:\/\/papelarte.com.uy\/minorista\/minorista\/wp-content\/uploads\/2023\/08\/M5037-punta-biselada-individual.jpg","type":"image\/jpeg"}],"twitter_card":"summary_large_image","twitter_misc":{"Tiempo de lectura":"1 minuto"},"schema":{"@context":"https:\/\/schema.org","@graph":[{"@type":"WebPage","@id":"https:\/\/papelarte.com.uy\/minorista\/minorista\/producto\/marcador-de-pizarra\/","url":"https:\/\/papelarte.com.uy\/minorista\/minorista\/producto\/marcador-de-pizarra\/","name":"Marcador para pizarra sabonis - Papelarte","isPartOf":{"@id":"https:\/\/papelarte.com.uy\/minorista\/minorista\/#website"},"primaryImageOfPage":{"@id":"https:\/\/papelarte.com.uy\/minorista\/minorista\/producto\/marcador-de-pizarra\/#primaryimage"},"image":{"@id":"https:\/\/papelarte.com.uy\/minorista\/minorista\/producto\/marcador-de-pizarra\/#primaryimage"},"thumbnailUrl":"https:\/\/papelarte.com.uy\/minorista\/wp-content\/uploads\/2023\/08\/M5037-punta-biselada-individual.jpg","datePublished":"2023-08-03T19:36:35+00:00","dateModified":"2024-07-31T18:35:54+00:00","description":"Marcador de pizarra","breadcrumb":{"@id":"https:\/\/papelarte.com.uy\/minorista\/minorista\/producto\/marcador-de-pizarra\/#breadcrumb"},"inLanguage":"es","potentialAction":[{"@type":"ReadAction","target":["https:\/\/papelarte.com.uy\/minorista\/minorista\/producto\/marcador-de-pizarra\/"]}]},{"@type":"ImageObject","inLanguage":"es","@id":"https:\/\/papelarte.com.uy\/minorista\/minorista\/producto\/marcador-de-pizarra\/#primaryimage","url":"https:\/\/papelarte.com.uy\/minorista\/wp-content\/uploads\/2023\/08\/M5037-punta-biselada-individual.jpg","contentUrl":"https:\/\/papelarte.com.uy\/minorista\/wp-content\/uploads\/2023\/08\/M5037-punta-biselada-individual.jpg","width":552,"height":554},{"@type":"BreadcrumbList","@id":"https:\/\/papelarte.com.uy\/minorista\/minorista\/producto\/marcador-de-pizarra\/#breadcrumb","itemListElement":[{"@type":"ListItem","position":1,"name":"Portada","item":"https:\/\/papelarte.com.uy\/minorista\/minorista\/"},{"@type":"ListItem","position":2,"name":"Productos","item":"https:\/\/papelarte.com.uy\/minorista\/minorista\/tienda\/"},{"@type":"ListItem","position":3,"name":"Marcador para pizarra sabonis"}]},{"@type":"WebSite","@id":"https:\/\/papelarte.com.uy\/minorista\/minorista\/#website","url":"https:\/\/papelarte.com.uy\/minorista\/minorista\/","name":"Papelarte","description":"Papeler\u00eda Uruguay","publisher":{"@id":"https:\/\/papelarte.com.uy\/minorista\/minorista\/#organization"},"potentialAction":[{"@type":"SearchAction","target":{"@type":"EntryPoint","urlTemplate":"https:\/\/papelarte.com.uy\/minorista\/minorista\/?s={search_term_string}"},"query-input":{"@type":"PropertyValueSpecification","valueRequired":true,"valueName":"search_term_string"}}],"inLanguage":"es"},{"@type":"Organization","@id":"https:\/\/papelarte.com.uy\/minorista\/minorista\/#organization","name":"Papelarte","url":"https:\/\/papelarte.com.uy\/minorista\/minorista\/","logo":{"@type":"ImageObject","inLanguage":"es","@id":"https:\/\/papelarte.com.uy\/minorista\/minorista\/#\/schema\/logo\/image\/","url":"https:\/\/papelarte.com.uy\/minorista\/wp-content\/uploads\/2023\/03\/logo-papelarte.png","contentUrl":"https:\/\/papelarte.com.uy\/minorista\/wp-content\/uploads\/2023\/03\/logo-papelarte.png","width":568,"height":230,"caption":"Papelarte"},"image":{"@id":"https:\/\/papelarte.com.uy\/minorista\/minorista\/#\/schema\/logo\/image\/"}}]}},"_links":{"self":[{"href":"https:\/\/papelarte.com.uy\/minorista\/wp-json\/wp\/v2\/product\/12913","targetHints":{"allow":["GET"]}}],"collection":[{"href":"https:\/\/papelarte.com.uy\/minorista\/wp-json\/wp\/v2\/product"}],"about":[{"href":"https:\/\/papelarte.com.uy\/minorista\/wp-json\/wp\/v2\/types\/product"}],"replies":[{"embeddable":true,"href":"https:\/\/papelarte.com.uy\/minorista\/wp-json\/wp\/v2\/comments?post=12913"}],"wp:featuredmedia":[{"embeddable":true,"href":"https:\/\/papelarte.com.uy\/minorista\/wp-json\/wp\/v2\/media\/18840"}],"wp:attachment":[{"href":"https:\/\/papelarte.com.uy\/minorista\/wp-json\/wp\/v2\/media?parent=12913"}],"wp:term":[{"taxonomy":"product_brand","embeddable":true,"href":"https:\/\/papelarte.com.uy\/minorista\/wp-json\/wp\/v2\/product_brand?post=12913"},{"taxonomy":"product_cat","embeddable":true,"href":"https:\/\/papelarte.com.uy\/minorista\/wp-json\/wp\/v2\/product_cat?post=12913"},{"taxonomy":"product_tag","embeddable":true,"href":"https:\/\/papelarte.com.uy\/minorista\/wp-json\/wp\/v2\/product_tag?post=12913"}],"curies":[{"name":"wp","href":"https:\/\/api.w.org\/{rel}","templated":true}]}}