{"id":11955,"date":"2023-07-20T20:01:18","date_gmt":"2023-07-20T23:01:18","guid":{"rendered":"https:\/\/papelarte.com.uy\/minorista\/minorista\/\/?post_type=product&#038;p=11955"},"modified":"2024-07-31T15:29:22","modified_gmt":"2024-07-31T18:29:22","slug":"cortador-de-circulos-rotativo-ibi-craft","status":"publish","type":"product","link":"https:\/\/papelarte.com.uy\/minorista\/producto\/cortador-de-circulos-rotativo-ibi-craft\/","title":{"rendered":"Cortante de circulos rotativo ibi craft"},"content":{"rendered":"<p>Cortador de circulos rotativo ibi craft<\/p>\n<p>Cortador de c\u00edrculos rotatorio IBI CRAFT de ajuste manual para cortar c\u00edrculos y anillos de 10 a 32 cms de di\u00e1metro. Liviano y port\u00e1til, de f\u00e1cil manipulaci\u00f3n con escala centimetrada para medici\u00f3n precisa. Herramienta manual ideal para scrapbooking, con cuchilla de corte rotativa que permite cortar papel de impresi\u00f3n, papel fotogr\u00e1fico, papel compuesto, papel kraft, cartulinas, papeles especiales, pel\u00edcula \u00f3ptica, transparencias, etc. Recomendada para operar sobre bases de corte y adecuada para usos de bricolaje, oficina, manualidades, jardines de infantes, escuelas, etc. (Incluye 2 cuchillas de repuesto).<\/p>\n<p>Corte : Rotativo<br \/>\nDi\u00e1metro : 10 a 32 cms<br \/>\nPresentaci\u00f3n : Unidad<\/p>\n","protected":false},"excerpt":{"rendered":"<p>Cortador de circulos rotativo ibi craft Cortador de c\u00edrculos rotatorio IBI CRAFT de ajuste manual para cortar c\u00edrculos y anillos de 10 a 32 cms de di\u00e1metro. Liviano y port\u00e1til, de f\u00e1cil manipulaci\u00f3n con escala centimetrada para medici\u00f3n precisa. Herramienta manual ideal para scrapbooking, con cuchilla de corte rotativa que permite cortar papel de impresi\u00f3n, [&hellip;]<\/p>\n","protected":false},"featured_media":11989,"comment_status":"open","ping_status":"closed","template":"","meta":{"_joinchat":[]},"product_brand":[],"product_cat":[2894,3356,2622],"product_tag":[4542],"class_list":{"0":"post-11955","1":"product","2":"type-product","3":"status-publish","4":"has-post-thumbnail","6":"product_cat-cortantes-tijeras-trinchetas","7":"product_cat-ibi-craft","8":"product_cat-papeleria","9":"product_tag-ibi-craft","11":"first","12":"instock","13":"shipping-taxable","14":"purchasable","15":"product-type-simple"},"bundled_by":[],"bundle_stock_status":"instock","bundle_stock_quantity":null,"bundle_virtual":false,"bundle_layout":"","bundle_add_to_cart_form_location":"","bundle_editable_in_cart":false,"bundle_sold_individually_context":"","bundle_item_grouping":"","bundle_min_size":"","bundle_max_size":"","bundle_price":[],"bundled_items":[],"bundle_sell_ids":[],"yoast_head":"<!-- This site is optimized with the Yoast SEO plugin v26.5 - https:\/\/yoast.com\/wordpress\/plugins\/seo\/ -->\n<title>Cortante de circulos rotativo ibi craft - Papelarte<\/title>\n<meta name=\"description\" content=\"Cortador de circulos rotativo ibi craft\" \/>\n<meta name=\"robots\" content=\"index, follow, max-snippet:-1, max-image-preview:large, max-video-preview:-1\" \/>\n<link rel=\"canonical\" href=\"https:\/\/papelarte.com.uy\/minorista\/minorista\/producto\/cortador-de-circulos-rotativo-ibi-craft\/\" \/>\n<meta property=\"og:locale\" content=\"es_ES\" \/>\n<meta property=\"og:type\" content=\"article\" \/>\n<meta property=\"og:title\" content=\"Cortante de circulos rotativo ibi craft - Papelarte\" \/>\n<meta property=\"og:description\" content=\"Cortador de circulos rotativo ibi craft\" \/>\n<meta property=\"og:url\" content=\"https:\/\/papelarte.com.uy\/minorista\/minorista\/producto\/cortador-de-circulos-rotativo-ibi-craft\/\" \/>\n<meta property=\"og:site_name\" content=\"Papelarte\" \/>\n<meta property=\"article:modified_time\" content=\"2024-07-31T18:29:22+00:00\" \/>\n<meta property=\"og:image\" content=\"https:\/\/papelarte.com.uy\/minorista\/minorista\/wp-content\/uploads\/2023\/07\/KM5612-1.jpg\" \/>\n\t<meta property=\"og:image:width\" content=\"1158\" \/>\n\t<meta property=\"og:image:height\" content=\"1158\" \/>\n\t<meta property=\"og:image:type\" content=\"image\/jpeg\" \/>\n<meta name=\"twitter:card\" content=\"summary_large_image\" \/>\n<meta name=\"twitter:label1\" content=\"Tiempo de lectura\" \/>\n\t<meta name=\"twitter:data1\" content=\"1 minuto\" \/>\n<script type=\"application\/ld+json\" class=\"yoast-schema-graph\">{\"@context\":\"https:\/\/schema.org\",\"@graph\":[{\"@type\":\"WebPage\",\"@id\":\"https:\/\/papelarte.com.uy\/minorista\/minorista\/producto\/cortador-de-circulos-rotativo-ibi-craft\/\",\"url\":\"https:\/\/papelarte.com.uy\/minorista\/minorista\/producto\/cortador-de-circulos-rotativo-ibi-craft\/\",\"name\":\"Cortante de circulos rotativo ibi craft - Papelarte\",\"isPartOf\":{\"@id\":\"https:\/\/papelarte.com.uy\/minorista\/minorista\/#website\"},\"primaryImageOfPage\":{\"@id\":\"https:\/\/papelarte.com.uy\/minorista\/minorista\/producto\/cortador-de-circulos-rotativo-ibi-craft\/#primaryimage\"},\"image\":{\"@id\":\"https:\/\/papelarte.com.uy\/minorista\/minorista\/producto\/cortador-de-circulos-rotativo-ibi-craft\/#primaryimage\"},\"thumbnailUrl\":\"https:\/\/papelarte.com.uy\/minorista\/wp-content\/uploads\/2023\/07\/KM5612-1.jpg\",\"datePublished\":\"2023-07-20T23:01:18+00:00\",\"dateModified\":\"2024-07-31T18:29:22+00:00\",\"description\":\"Cortador de circulos rotativo ibi craft\",\"breadcrumb\":{\"@id\":\"https:\/\/papelarte.com.uy\/minorista\/minorista\/producto\/cortador-de-circulos-rotativo-ibi-craft\/#breadcrumb\"},\"inLanguage\":\"es\",\"potentialAction\":[{\"@type\":\"ReadAction\",\"target\":[\"https:\/\/papelarte.com.uy\/minorista\/minorista\/producto\/cortador-de-circulos-rotativo-ibi-craft\/\"]}]},{\"@type\":\"ImageObject\",\"inLanguage\":\"es\",\"@id\":\"https:\/\/papelarte.com.uy\/minorista\/minorista\/producto\/cortador-de-circulos-rotativo-ibi-craft\/#primaryimage\",\"url\":\"https:\/\/papelarte.com.uy\/minorista\/wp-content\/uploads\/2023\/07\/KM5612-1.jpg\",\"contentUrl\":\"https:\/\/papelarte.com.uy\/minorista\/wp-content\/uploads\/2023\/07\/KM5612-1.jpg\",\"width\":1158,\"height\":1158,\"caption\":\"cortador\"},{\"@type\":\"BreadcrumbList\",\"@id\":\"https:\/\/papelarte.com.uy\/minorista\/minorista\/producto\/cortador-de-circulos-rotativo-ibi-craft\/#breadcrumb\",\"itemListElement\":[{\"@type\":\"ListItem\",\"position\":1,\"name\":\"Portada\",\"item\":\"https:\/\/papelarte.com.uy\/minorista\/minorista\/\"},{\"@type\":\"ListItem\",\"position\":2,\"name\":\"Productos\",\"item\":\"https:\/\/papelarte.com.uy\/minorista\/minorista\/tienda\/\"},{\"@type\":\"ListItem\",\"position\":3,\"name\":\"Cortante de circulos rotativo ibi craft\"}]},{\"@type\":\"WebSite\",\"@id\":\"https:\/\/papelarte.com.uy\/minorista\/minorista\/#website\",\"url\":\"https:\/\/papelarte.com.uy\/minorista\/minorista\/\",\"name\":\"Papelarte\",\"description\":\"Papeler\u00eda Uruguay\",\"publisher\":{\"@id\":\"https:\/\/papelarte.com.uy\/minorista\/minorista\/#organization\"},\"potentialAction\":[{\"@type\":\"SearchAction\",\"target\":{\"@type\":\"EntryPoint\",\"urlTemplate\":\"https:\/\/papelarte.com.uy\/minorista\/minorista\/?s={search_term_string}\"},\"query-input\":{\"@type\":\"PropertyValueSpecification\",\"valueRequired\":true,\"valueName\":\"search_term_string\"}}],\"inLanguage\":\"es\"},{\"@type\":\"Organization\",\"@id\":\"https:\/\/papelarte.com.uy\/minorista\/minorista\/#organization\",\"name\":\"Papelarte\",\"url\":\"https:\/\/papelarte.com.uy\/minorista\/minorista\/\",\"logo\":{\"@type\":\"ImageObject\",\"inLanguage\":\"es\",\"@id\":\"https:\/\/papelarte.com.uy\/minorista\/minorista\/#\/schema\/logo\/image\/\",\"url\":\"https:\/\/papelarte.com.uy\/minorista\/wp-content\/uploads\/2023\/03\/logo-papelarte.png\",\"contentUrl\":\"https:\/\/papelarte.com.uy\/minorista\/wp-content\/uploads\/2023\/03\/logo-papelarte.png\",\"width\":568,\"height\":230,\"caption\":\"Papelarte\"},\"image\":{\"@id\":\"https:\/\/papelarte.com.uy\/minorista\/minorista\/#\/schema\/logo\/image\/\"}}]}<\/script>\n<!-- \/ Yoast SEO plugin. -->","yoast_head_json":{"title":"Cortante de circulos rotativo ibi craft - Papelarte","description":"Cortador de circulos rotativo ibi craft","robots":{"index":"index","follow":"follow","max-snippet":"max-snippet:-1","max-image-preview":"max-image-preview:large","max-video-preview":"max-video-preview:-1"},"canonical":"https:\/\/papelarte.com.uy\/minorista\/minorista\/producto\/cortador-de-circulos-rotativo-ibi-craft\/","og_locale":"es_ES","og_type":"article","og_title":"Cortante de circulos rotativo ibi craft - Papelarte","og_description":"Cortador de circulos rotativo ibi craft","og_url":"https:\/\/papelarte.com.uy\/minorista\/minorista\/producto\/cortador-de-circulos-rotativo-ibi-craft\/","og_site_name":"Papelarte","article_modified_time":"2024-07-31T18:29:22+00:00","og_image":[{"width":1158,"height":1158,"url":"https:\/\/papelarte.com.uy\/minorista\/minorista\/wp-content\/uploads\/2023\/07\/KM5612-1.jpg","type":"image\/jpeg"}],"twitter_card":"summary_large_image","twitter_misc":{"Tiempo de lectura":"1 minuto"},"schema":{"@context":"https:\/\/schema.org","@graph":[{"@type":"WebPage","@id":"https:\/\/papelarte.com.uy\/minorista\/minorista\/producto\/cortador-de-circulos-rotativo-ibi-craft\/","url":"https:\/\/papelarte.com.uy\/minorista\/minorista\/producto\/cortador-de-circulos-rotativo-ibi-craft\/","name":"Cortante de circulos rotativo ibi craft - Papelarte","isPartOf":{"@id":"https:\/\/papelarte.com.uy\/minorista\/minorista\/#website"},"primaryImageOfPage":{"@id":"https:\/\/papelarte.com.uy\/minorista\/minorista\/producto\/cortador-de-circulos-rotativo-ibi-craft\/#primaryimage"},"image":{"@id":"https:\/\/papelarte.com.uy\/minorista\/minorista\/producto\/cortador-de-circulos-rotativo-ibi-craft\/#primaryimage"},"thumbnailUrl":"https:\/\/papelarte.com.uy\/minorista\/wp-content\/uploads\/2023\/07\/KM5612-1.jpg","datePublished":"2023-07-20T23:01:18+00:00","dateModified":"2024-07-31T18:29:22+00:00","description":"Cortador de circulos rotativo ibi craft","breadcrumb":{"@id":"https:\/\/papelarte.com.uy\/minorista\/minorista\/producto\/cortador-de-circulos-rotativo-ibi-craft\/#breadcrumb"},"inLanguage":"es","potentialAction":[{"@type":"ReadAction","target":["https:\/\/papelarte.com.uy\/minorista\/minorista\/producto\/cortador-de-circulos-rotativo-ibi-craft\/"]}]},{"@type":"ImageObject","inLanguage":"es","@id":"https:\/\/papelarte.com.uy\/minorista\/minorista\/producto\/cortador-de-circulos-rotativo-ibi-craft\/#primaryimage","url":"https:\/\/papelarte.com.uy\/minorista\/wp-content\/uploads\/2023\/07\/KM5612-1.jpg","contentUrl":"https:\/\/papelarte.com.uy\/minorista\/wp-content\/uploads\/2023\/07\/KM5612-1.jpg","width":1158,"height":1158,"caption":"cortador"},{"@type":"BreadcrumbList","@id":"https:\/\/papelarte.com.uy\/minorista\/minorista\/producto\/cortador-de-circulos-rotativo-ibi-craft\/#breadcrumb","itemListElement":[{"@type":"ListItem","position":1,"name":"Portada","item":"https:\/\/papelarte.com.uy\/minorista\/minorista\/"},{"@type":"ListItem","position":2,"name":"Productos","item":"https:\/\/papelarte.com.uy\/minorista\/minorista\/tienda\/"},{"@type":"ListItem","position":3,"name":"Cortante de circulos rotativo ibi craft"}]},{"@type":"WebSite","@id":"https:\/\/papelarte.com.uy\/minorista\/minorista\/#website","url":"https:\/\/papelarte.com.uy\/minorista\/minorista\/","name":"Papelarte","description":"Papeler\u00eda Uruguay","publisher":{"@id":"https:\/\/papelarte.com.uy\/minorista\/minorista\/#organization"},"potentialAction":[{"@type":"SearchAction","target":{"@type":"EntryPoint","urlTemplate":"https:\/\/papelarte.com.uy\/minorista\/minorista\/?s={search_term_string}"},"query-input":{"@type":"PropertyValueSpecification","valueRequired":true,"valueName":"search_term_string"}}],"inLanguage":"es"},{"@type":"Organization","@id":"https:\/\/papelarte.com.uy\/minorista\/minorista\/#organization","name":"Papelarte","url":"https:\/\/papelarte.com.uy\/minorista\/minorista\/","logo":{"@type":"ImageObject","inLanguage":"es","@id":"https:\/\/papelarte.com.uy\/minorista\/minorista\/#\/schema\/logo\/image\/","url":"https:\/\/papelarte.com.uy\/minorista\/wp-content\/uploads\/2023\/03\/logo-papelarte.png","contentUrl":"https:\/\/papelarte.com.uy\/minorista\/wp-content\/uploads\/2023\/03\/logo-papelarte.png","width":568,"height":230,"caption":"Papelarte"},"image":{"@id":"https:\/\/papelarte.com.uy\/minorista\/minorista\/#\/schema\/logo\/image\/"}}]}},"_links":{"self":[{"href":"https:\/\/papelarte.com.uy\/minorista\/wp-json\/wp\/v2\/product\/11955","targetHints":{"allow":["GET"]}}],"collection":[{"href":"https:\/\/papelarte.com.uy\/minorista\/wp-json\/wp\/v2\/product"}],"about":[{"href":"https:\/\/papelarte.com.uy\/minorista\/wp-json\/wp\/v2\/types\/product"}],"replies":[{"embeddable":true,"href":"https:\/\/papelarte.com.uy\/minorista\/wp-json\/wp\/v2\/comments?post=11955"}],"wp:featuredmedia":[{"embeddable":true,"href":"https:\/\/papelarte.com.uy\/minorista\/wp-json\/wp\/v2\/media\/11989"}],"wp:attachment":[{"href":"https:\/\/papelarte.com.uy\/minorista\/wp-json\/wp\/v2\/media?parent=11955"}],"wp:term":[{"taxonomy":"product_brand","embeddable":true,"href":"https:\/\/papelarte.com.uy\/minorista\/wp-json\/wp\/v2\/product_brand?post=11955"},{"taxonomy":"product_cat","embeddable":true,"href":"https:\/\/papelarte.com.uy\/minorista\/wp-json\/wp\/v2\/product_cat?post=11955"},{"taxonomy":"product_tag","embeddable":true,"href":"https:\/\/papelarte.com.uy\/minorista\/wp-json\/wp\/v2\/product_tag?post=11955"}],"curies":[{"name":"wp","href":"https:\/\/api.w.org\/{rel}","templated":true}]}}