{"id":1084,"date":"2021-03-14T21:27:16","date_gmt":"2021-03-14T21:27:16","guid":{"rendered":"http:\/\/papelarte.com.uy\/\/?post_type=product&#038;p=1084"},"modified":"2025-07-18T11:28:32","modified_gmt":"2025-07-18T14:28:32","slug":"lienzo-con-bastidor-20x30-265gr","status":"publish","type":"product","link":"https:\/\/papelarte.com.uy\/minorista\/producto\/lienzo-con-bastidor-20x30-265gr\/","title":{"rendered":"Lienzo con bastidor 20&#215;30"},"content":{"rendered":"<h3 class=\"page-title\">Lienzo con bastidor 20&#215;30 265gr<\/h3>\n<ul>\n<li>Tipo: Bastidor<\/li>\n<li>Uso: \u00d3leos, acr\u00edlcos, yeso<\/li>\n<li>Tama\u00f1o: 20 x 30 cm<\/li>\n<li>Portable: Si<\/li>\n<li>EAN: 8888812804052<\/li>\n<\/ul>\n<p>&nbsp;<\/p>\n<p>&nbsp;<\/p>\n","protected":false},"excerpt":{"rendered":"<p>Lienzo con bastidor 20&#215;30 265gr Tipo: Bastidor Uso: \u00d3leos, acr\u00edlcos, yeso Tama\u00f1o: 20 x 30 cm Portable: Si EAN: 8888812804052 &nbsp; &nbsp;<\/p>\n","protected":false},"featured_media":11182,"comment_status":"closed","ping_status":"closed","template":"","meta":{"_joinchat":[]},"product_brand":[],"product_cat":[4786,4787,2904,2622,2867,4788,4785],"product_tag":[4797,4794,4796],"class_list":{"0":"post-1084","1":"product","2":"type-product","3":"status-publish","4":"has-post-thumbnail","6":"product_cat-escolares","7":"product_cat-liceos","8":"product_cat-lienzos","9":"product_cat-papeleria","10":"product_cat-pinturas-manualidades","11":"product_cat-unioversitarios","12":"product_cat-vuelta-a-clases","13":"product_tag-escolares","14":"product_tag-liceales","15":"product_tag-vuelta-a-clases","17":"first","18":"instock","19":"shipping-taxable","20":"purchasable","21":"product-type-simple"},"bundled_by":[],"bundle_stock_status":"instock","bundle_stock_quantity":null,"bundle_virtual":false,"bundle_layout":"","bundle_add_to_cart_form_location":"","bundle_editable_in_cart":false,"bundle_sold_individually_context":"","bundle_item_grouping":"","bundle_min_size":"","bundle_max_size":"","bundle_price":[],"bundled_items":[],"bundle_sell_ids":[],"yoast_head":"<!-- This site is optimized with the Yoast SEO plugin v26.5 - https:\/\/yoast.com\/wordpress\/plugins\/seo\/ -->\n<title>Lienzo con bastidor 20x30 265gr<\/title>\n<meta name=\"description\" content=\"Lienzo con bastidor 20x30 265gr Tipo: BastidorUso: \u00d3leos, acr\u00edlcos, yesoTama\u00f1o: 20 x 30 cmPortable: SiEAN: 8888812804052\" \/>\n<meta name=\"robots\" content=\"index, follow, max-snippet:-1, max-image-preview:large, max-video-preview:-1\" \/>\n<link rel=\"canonical\" href=\"https:\/\/papelarte.com.uy\/minorista\/minorista\/producto\/lienzo-con-bastidor-20x30-265gr\/\" \/>\n<meta property=\"og:locale\" content=\"es_ES\" \/>\n<meta property=\"og:type\" content=\"article\" \/>\n<meta property=\"og:title\" content=\"Lienzo con bastidor 20x30 265gr\" \/>\n<meta property=\"og:description\" content=\"Lienzo con bastidor 20x30 265gr Tipo: BastidorUso: \u00d3leos, acr\u00edlcos, yesoTama\u00f1o: 20 x 30 cmPortable: SiEAN: 8888812804052\" \/>\n<meta property=\"og:url\" content=\"https:\/\/papelarte.com.uy\/minorista\/minorista\/producto\/lienzo-con-bastidor-20x30-265gr\/\" \/>\n<meta property=\"og:site_name\" content=\"Papelarte\" \/>\n<meta property=\"article:modified_time\" content=\"2025-07-18T14:28:32+00:00\" \/>\n<meta property=\"og:image\" content=\"https:\/\/papelarte.com.uy\/minorista\/minorista\/wp-content\/uploads\/2021\/03\/1133240-252x300-1.jpg\" \/>\n\t<meta property=\"og:image:width\" content=\"252\" \/>\n\t<meta property=\"og:image:height\" content=\"300\" \/>\n\t<meta property=\"og:image:type\" content=\"image\/jpeg\" \/>\n<meta name=\"twitter:card\" content=\"summary_large_image\" \/>\n<meta name=\"twitter:label1\" content=\"Tiempo de lectura\" \/>\n\t<meta name=\"twitter:data1\" content=\"1 minuto\" \/>\n<script type=\"application\/ld+json\" class=\"yoast-schema-graph\">{\"@context\":\"https:\/\/schema.org\",\"@graph\":[{\"@type\":\"WebPage\",\"@id\":\"https:\/\/papelarte.com.uy\/minorista\/minorista\/producto\/lienzo-con-bastidor-20x30-265gr\/\",\"url\":\"https:\/\/papelarte.com.uy\/minorista\/minorista\/producto\/lienzo-con-bastidor-20x30-265gr\/\",\"name\":\"Lienzo con bastidor 20x30 265gr\",\"isPartOf\":{\"@id\":\"https:\/\/papelarte.com.uy\/minorista\/minorista\/#website\"},\"primaryImageOfPage\":{\"@id\":\"https:\/\/papelarte.com.uy\/minorista\/minorista\/producto\/lienzo-con-bastidor-20x30-265gr\/#primaryimage\"},\"image\":{\"@id\":\"https:\/\/papelarte.com.uy\/minorista\/minorista\/producto\/lienzo-con-bastidor-20x30-265gr\/#primaryimage\"},\"thumbnailUrl\":\"https:\/\/papelarte.com.uy\/minorista\/wp-content\/uploads\/2021\/03\/1133240-252x300-1.jpg\",\"datePublished\":\"2021-03-14T21:27:16+00:00\",\"dateModified\":\"2025-07-18T14:28:32+00:00\",\"description\":\"Lienzo con bastidor 20x30 265gr Tipo: BastidorUso: \u00d3leos, acr\u00edlcos, yesoTama\u00f1o: 20 x 30 cmPortable: SiEAN: 8888812804052\",\"breadcrumb\":{\"@id\":\"https:\/\/papelarte.com.uy\/minorista\/minorista\/producto\/lienzo-con-bastidor-20x30-265gr\/#breadcrumb\"},\"inLanguage\":\"es\",\"potentialAction\":[{\"@type\":\"ReadAction\",\"target\":[\"https:\/\/papelarte.com.uy\/minorista\/minorista\/producto\/lienzo-con-bastidor-20x30-265gr\/\"]}]},{\"@type\":\"ImageObject\",\"inLanguage\":\"es\",\"@id\":\"https:\/\/papelarte.com.uy\/minorista\/minorista\/producto\/lienzo-con-bastidor-20x30-265gr\/#primaryimage\",\"url\":\"https:\/\/papelarte.com.uy\/minorista\/wp-content\/uploads\/2021\/03\/1133240-252x300-1.jpg\",\"contentUrl\":\"https:\/\/papelarte.com.uy\/minorista\/wp-content\/uploads\/2021\/03\/1133240-252x300-1.jpg\",\"width\":252,\"height\":300,\"caption\":\"lienzo con bastidor a.d\"},{\"@type\":\"BreadcrumbList\",\"@id\":\"https:\/\/papelarte.com.uy\/minorista\/minorista\/producto\/lienzo-con-bastidor-20x30-265gr\/#breadcrumb\",\"itemListElement\":[{\"@type\":\"ListItem\",\"position\":1,\"name\":\"Portada\",\"item\":\"https:\/\/papelarte.com.uy\/minorista\/minorista\/\"},{\"@type\":\"ListItem\",\"position\":2,\"name\":\"Productos\",\"item\":\"https:\/\/papelarte.com.uy\/minorista\/minorista\/tienda\/\"},{\"@type\":\"ListItem\",\"position\":3,\"name\":\"Lienzo con bastidor 20&#215;30\"}]},{\"@type\":\"WebSite\",\"@id\":\"https:\/\/papelarte.com.uy\/minorista\/minorista\/#website\",\"url\":\"https:\/\/papelarte.com.uy\/minorista\/minorista\/\",\"name\":\"Papelarte\",\"description\":\"Papeler\u00eda Uruguay\",\"publisher\":{\"@id\":\"https:\/\/papelarte.com.uy\/minorista\/minorista\/#organization\"},\"potentialAction\":[{\"@type\":\"SearchAction\",\"target\":{\"@type\":\"EntryPoint\",\"urlTemplate\":\"https:\/\/papelarte.com.uy\/minorista\/minorista\/?s={search_term_string}\"},\"query-input\":{\"@type\":\"PropertyValueSpecification\",\"valueRequired\":true,\"valueName\":\"search_term_string\"}}],\"inLanguage\":\"es\"},{\"@type\":\"Organization\",\"@id\":\"https:\/\/papelarte.com.uy\/minorista\/minorista\/#organization\",\"name\":\"Papelarte\",\"url\":\"https:\/\/papelarte.com.uy\/minorista\/minorista\/\",\"logo\":{\"@type\":\"ImageObject\",\"inLanguage\":\"es\",\"@id\":\"https:\/\/papelarte.com.uy\/minorista\/minorista\/#\/schema\/logo\/image\/\",\"url\":\"https:\/\/papelarte.com.uy\/minorista\/wp-content\/uploads\/2023\/03\/logo-papelarte.png\",\"contentUrl\":\"https:\/\/papelarte.com.uy\/minorista\/wp-content\/uploads\/2023\/03\/logo-papelarte.png\",\"width\":568,\"height\":230,\"caption\":\"Papelarte\"},\"image\":{\"@id\":\"https:\/\/papelarte.com.uy\/minorista\/minorista\/#\/schema\/logo\/image\/\"}}]}<\/script>\n<!-- \/ Yoast SEO plugin. -->","yoast_head_json":{"title":"Lienzo con bastidor 20x30 265gr","description":"Lienzo con bastidor 20x30 265gr Tipo: BastidorUso: \u00d3leos, acr\u00edlcos, yesoTama\u00f1o: 20 x 30 cmPortable: SiEAN: 8888812804052","robots":{"index":"index","follow":"follow","max-snippet":"max-snippet:-1","max-image-preview":"max-image-preview:large","max-video-preview":"max-video-preview:-1"},"canonical":"https:\/\/papelarte.com.uy\/minorista\/minorista\/producto\/lienzo-con-bastidor-20x30-265gr\/","og_locale":"es_ES","og_type":"article","og_title":"Lienzo con bastidor 20x30 265gr","og_description":"Lienzo con bastidor 20x30 265gr Tipo: BastidorUso: \u00d3leos, acr\u00edlcos, yesoTama\u00f1o: 20 x 30 cmPortable: SiEAN: 8888812804052","og_url":"https:\/\/papelarte.com.uy\/minorista\/minorista\/producto\/lienzo-con-bastidor-20x30-265gr\/","og_site_name":"Papelarte","article_modified_time":"2025-07-18T14:28:32+00:00","og_image":[{"width":252,"height":300,"url":"https:\/\/papelarte.com.uy\/minorista\/minorista\/wp-content\/uploads\/2021\/03\/1133240-252x300-1.jpg","type":"image\/jpeg"}],"twitter_card":"summary_large_image","twitter_misc":{"Tiempo de lectura":"1 minuto"},"schema":{"@context":"https:\/\/schema.org","@graph":[{"@type":"WebPage","@id":"https:\/\/papelarte.com.uy\/minorista\/minorista\/producto\/lienzo-con-bastidor-20x30-265gr\/","url":"https:\/\/papelarte.com.uy\/minorista\/minorista\/producto\/lienzo-con-bastidor-20x30-265gr\/","name":"Lienzo con bastidor 20x30 265gr","isPartOf":{"@id":"https:\/\/papelarte.com.uy\/minorista\/minorista\/#website"},"primaryImageOfPage":{"@id":"https:\/\/papelarte.com.uy\/minorista\/minorista\/producto\/lienzo-con-bastidor-20x30-265gr\/#primaryimage"},"image":{"@id":"https:\/\/papelarte.com.uy\/minorista\/minorista\/producto\/lienzo-con-bastidor-20x30-265gr\/#primaryimage"},"thumbnailUrl":"https:\/\/papelarte.com.uy\/minorista\/wp-content\/uploads\/2021\/03\/1133240-252x300-1.jpg","datePublished":"2021-03-14T21:27:16+00:00","dateModified":"2025-07-18T14:28:32+00:00","description":"Lienzo con bastidor 20x30 265gr Tipo: BastidorUso: \u00d3leos, acr\u00edlcos, yesoTama\u00f1o: 20 x 30 cmPortable: SiEAN: 8888812804052","breadcrumb":{"@id":"https:\/\/papelarte.com.uy\/minorista\/minorista\/producto\/lienzo-con-bastidor-20x30-265gr\/#breadcrumb"},"inLanguage":"es","potentialAction":[{"@type":"ReadAction","target":["https:\/\/papelarte.com.uy\/minorista\/minorista\/producto\/lienzo-con-bastidor-20x30-265gr\/"]}]},{"@type":"ImageObject","inLanguage":"es","@id":"https:\/\/papelarte.com.uy\/minorista\/minorista\/producto\/lienzo-con-bastidor-20x30-265gr\/#primaryimage","url":"https:\/\/papelarte.com.uy\/minorista\/wp-content\/uploads\/2021\/03\/1133240-252x300-1.jpg","contentUrl":"https:\/\/papelarte.com.uy\/minorista\/wp-content\/uploads\/2021\/03\/1133240-252x300-1.jpg","width":252,"height":300,"caption":"lienzo con bastidor a.d"},{"@type":"BreadcrumbList","@id":"https:\/\/papelarte.com.uy\/minorista\/minorista\/producto\/lienzo-con-bastidor-20x30-265gr\/#breadcrumb","itemListElement":[{"@type":"ListItem","position":1,"name":"Portada","item":"https:\/\/papelarte.com.uy\/minorista\/minorista\/"},{"@type":"ListItem","position":2,"name":"Productos","item":"https:\/\/papelarte.com.uy\/minorista\/minorista\/tienda\/"},{"@type":"ListItem","position":3,"name":"Lienzo con bastidor 20&#215;30"}]},{"@type":"WebSite","@id":"https:\/\/papelarte.com.uy\/minorista\/minorista\/#website","url":"https:\/\/papelarte.com.uy\/minorista\/minorista\/","name":"Papelarte","description":"Papeler\u00eda Uruguay","publisher":{"@id":"https:\/\/papelarte.com.uy\/minorista\/minorista\/#organization"},"potentialAction":[{"@type":"SearchAction","target":{"@type":"EntryPoint","urlTemplate":"https:\/\/papelarte.com.uy\/minorista\/minorista\/?s={search_term_string}"},"query-input":{"@type":"PropertyValueSpecification","valueRequired":true,"valueName":"search_term_string"}}],"inLanguage":"es"},{"@type":"Organization","@id":"https:\/\/papelarte.com.uy\/minorista\/minorista\/#organization","name":"Papelarte","url":"https:\/\/papelarte.com.uy\/minorista\/minorista\/","logo":{"@type":"ImageObject","inLanguage":"es","@id":"https:\/\/papelarte.com.uy\/minorista\/minorista\/#\/schema\/logo\/image\/","url":"https:\/\/papelarte.com.uy\/minorista\/wp-content\/uploads\/2023\/03\/logo-papelarte.png","contentUrl":"https:\/\/papelarte.com.uy\/minorista\/wp-content\/uploads\/2023\/03\/logo-papelarte.png","width":568,"height":230,"caption":"Papelarte"},"image":{"@id":"https:\/\/papelarte.com.uy\/minorista\/minorista\/#\/schema\/logo\/image\/"}}]}},"_links":{"self":[{"href":"https:\/\/papelarte.com.uy\/minorista\/wp-json\/wp\/v2\/product\/1084","targetHints":{"allow":["GET"]}}],"collection":[{"href":"https:\/\/papelarte.com.uy\/minorista\/wp-json\/wp\/v2\/product"}],"about":[{"href":"https:\/\/papelarte.com.uy\/minorista\/wp-json\/wp\/v2\/types\/product"}],"replies":[{"embeddable":true,"href":"https:\/\/papelarte.com.uy\/minorista\/wp-json\/wp\/v2\/comments?post=1084"}],"wp:featuredmedia":[{"embeddable":true,"href":"https:\/\/papelarte.com.uy\/minorista\/wp-json\/wp\/v2\/media\/11182"}],"wp:attachment":[{"href":"https:\/\/papelarte.com.uy\/minorista\/wp-json\/wp\/v2\/media?parent=1084"}],"wp:term":[{"taxonomy":"product_brand","embeddable":true,"href":"https:\/\/papelarte.com.uy\/minorista\/wp-json\/wp\/v2\/product_brand?post=1084"},{"taxonomy":"product_cat","embeddable":true,"href":"https:\/\/papelarte.com.uy\/minorista\/wp-json\/wp\/v2\/product_cat?post=1084"},{"taxonomy":"product_tag","embeddable":true,"href":"https:\/\/papelarte.com.uy\/minorista\/wp-json\/wp\/v2\/product_tag?post=1084"}],"curies":[{"name":"wp","href":"https:\/\/api.w.org\/{rel}","templated":true}]}}