{"id":10603,"date":"2023-06-27T14:53:45","date_gmt":"2023-06-27T14:53:45","guid":{"rendered":"https:\/\/papelarte.com.uy\/minorista\/minorista\/\/?post_type=product&#038;p=10603"},"modified":"2024-07-31T15:30:52","modified_gmt":"2024-07-31T18:30:52","slug":"engrapadora-maped-greenlogic-mini","status":"publish","type":"product","link":"https:\/\/papelarte.com.uy\/minorista\/producto\/engrapadora-maped-greenlogic-mini\/","title":{"rendered":"Engrampadora maped greenlogic mini"},"content":{"rendered":"<p>Abrochadora ecol\u00f3gica fabricada con pl\u00e1stico 95% reciclado. Dise\u00f1o ergon\u00f3mico con indicador de carga de broches. Mecanismo anti-bloqueo para una mayor eficiencia. Se puede utilizar de forma vertical y horizontal. Utiliza broches 24\/6 y 26\/6.<\/p>\n","protected":false},"excerpt":{"rendered":"<p>Abrochadora ecol\u00f3gica fabricada con pl\u00e1stico 95% reciclado. Dise\u00f1o ergon\u00f3mico con indicador de carga de broches. Mecanismo anti-bloqueo para una mayor eficiencia. Se puede utilizar de forma vertical y horizontal. Utiliza broches 24\/6 y 26\/6.<\/p>\n","protected":false},"featured_media":10604,"comment_status":"open","ping_status":"closed","template":"","meta":{"_joinchat":[]},"product_brand":[],"product_cat":[3250,4786,4787,4788,4785],"product_tag":[4797,4794,4795,4796],"class_list":{"0":"post-10603","1":"product","2":"type-product","3":"status-publish","4":"has-post-thumbnail","6":"product_cat-engrapadora","7":"product_cat-escolares","8":"product_cat-liceos","9":"product_cat-unioversitarios","10":"product_cat-vuelta-a-clases","11":"product_tag-escolares","12":"product_tag-liceales","13":"product_tag-universitarios","14":"product_tag-vuelta-a-clases","16":"first","17":"instock","18":"shipping-taxable","19":"purchasable","20":"product-type-simple"},"bundled_by":[],"bundle_stock_status":"instock","bundle_stock_quantity":null,"bundle_virtual":false,"bundle_layout":"","bundle_add_to_cart_form_location":"","bundle_editable_in_cart":false,"bundle_sold_individually_context":"","bundle_item_grouping":"","bundle_min_size":"","bundle_max_size":"","bundle_price":[],"bundled_items":[],"bundle_sell_ids":[],"yoast_head":"<!-- This site is optimized with the Yoast SEO plugin v26.5 - https:\/\/yoast.com\/wordpress\/plugins\/seo\/ -->\n<title>Engrampadora maped greenlogic mini - Papelarte<\/title>\n<meta name=\"description\" content=\"Abrochadora ecol\u00f3gica fabricada con pl\u00e1stico 95% reciclado. Dise\u00f1o ergon\u00f3mico con indicador de carga de broches. Mecanismo anti-bloqueo para una mayor eficiencia. Se puede utilizar de forma vertical y horizontal. Utiliza broches 24\/6 y 26\/6.\" \/>\n<meta name=\"robots\" content=\"index, follow, max-snippet:-1, max-image-preview:large, max-video-preview:-1\" \/>\n<link rel=\"canonical\" href=\"https:\/\/papelarte.com.uy\/minorista\/minorista\/producto\/engrapadora-maped-greenlogic-mini\/\" \/>\n<meta property=\"og:locale\" content=\"es_ES\" \/>\n<meta property=\"og:type\" content=\"article\" \/>\n<meta property=\"og:title\" content=\"Engrampadora maped greenlogic mini - Papelarte\" \/>\n<meta property=\"og:description\" content=\"Abrochadora ecol\u00f3gica fabricada con pl\u00e1stico 95% reciclado. Dise\u00f1o ergon\u00f3mico con indicador de carga de broches. Mecanismo anti-bloqueo para una mayor eficiencia. Se puede utilizar de forma vertical y horizontal. Utiliza broches 24\/6 y 26\/6.\" \/>\n<meta property=\"og:url\" content=\"https:\/\/papelarte.com.uy\/minorista\/minorista\/producto\/engrapadora-maped-greenlogic-mini\/\" \/>\n<meta property=\"og:site_name\" content=\"Papelarte\" \/>\n<meta property=\"article:modified_time\" content=\"2024-07-31T18:30:52+00:00\" \/>\n<meta property=\"og:image\" content=\"https:\/\/papelarte.com.uy\/minorista\/minorista\/wp-content\/uploads\/2023\/06\/WhatsApp_Image_2023-06-07_at_10.50.05__4_-removebg-preview.png\" \/>\n\t<meta property=\"og:image:width\" content=\"500\" \/>\n\t<meta property=\"og:image:height\" content=\"500\" \/>\n\t<meta property=\"og:image:type\" content=\"image\/png\" \/>\n<meta name=\"twitter:card\" content=\"summary_large_image\" \/>\n<meta name=\"twitter:label1\" content=\"Tiempo de lectura\" \/>\n\t<meta name=\"twitter:data1\" content=\"1 minuto\" \/>\n<script type=\"application\/ld+json\" class=\"yoast-schema-graph\">{\"@context\":\"https:\/\/schema.org\",\"@graph\":[{\"@type\":\"WebPage\",\"@id\":\"https:\/\/papelarte.com.uy\/minorista\/minorista\/producto\/engrapadora-maped-greenlogic-mini\/\",\"url\":\"https:\/\/papelarte.com.uy\/minorista\/minorista\/producto\/engrapadora-maped-greenlogic-mini\/\",\"name\":\"Engrampadora maped greenlogic mini - Papelarte\",\"isPartOf\":{\"@id\":\"https:\/\/papelarte.com.uy\/minorista\/minorista\/#website\"},\"primaryImageOfPage\":{\"@id\":\"https:\/\/papelarte.com.uy\/minorista\/minorista\/producto\/engrapadora-maped-greenlogic-mini\/#primaryimage\"},\"image\":{\"@id\":\"https:\/\/papelarte.com.uy\/minorista\/minorista\/producto\/engrapadora-maped-greenlogic-mini\/#primaryimage\"},\"thumbnailUrl\":\"https:\/\/papelarte.com.uy\/minorista\/wp-content\/uploads\/2023\/06\/WhatsApp_Image_2023-06-07_at_10.50.05__4_-removebg-preview.png\",\"datePublished\":\"2023-06-27T14:53:45+00:00\",\"dateModified\":\"2024-07-31T18:30:52+00:00\",\"description\":\"Abrochadora ecol\u00f3gica fabricada con pl\u00e1stico 95% reciclado. Dise\u00f1o ergon\u00f3mico con indicador de carga de broches. Mecanismo anti-bloqueo para una mayor eficiencia. Se puede utilizar de forma vertical y horizontal. Utiliza broches 24\/6 y 26\/6.\",\"breadcrumb\":{\"@id\":\"https:\/\/papelarte.com.uy\/minorista\/minorista\/producto\/engrapadora-maped-greenlogic-mini\/#breadcrumb\"},\"inLanguage\":\"es\",\"potentialAction\":[{\"@type\":\"ReadAction\",\"target\":[\"https:\/\/papelarte.com.uy\/minorista\/minorista\/producto\/engrapadora-maped-greenlogic-mini\/\"]}]},{\"@type\":\"ImageObject\",\"inLanguage\":\"es\",\"@id\":\"https:\/\/papelarte.com.uy\/minorista\/minorista\/producto\/engrapadora-maped-greenlogic-mini\/#primaryimage\",\"url\":\"https:\/\/papelarte.com.uy\/minorista\/wp-content\/uploads\/2023\/06\/WhatsApp_Image_2023-06-07_at_10.50.05__4_-removebg-preview.png\",\"contentUrl\":\"https:\/\/papelarte.com.uy\/minorista\/wp-content\/uploads\/2023\/06\/WhatsApp_Image_2023-06-07_at_10.50.05__4_-removebg-preview.png\",\"width\":500,\"height\":500,\"caption\":\"Engrapadora maped greenlogic mini\"},{\"@type\":\"BreadcrumbList\",\"@id\":\"https:\/\/papelarte.com.uy\/minorista\/minorista\/producto\/engrapadora-maped-greenlogic-mini\/#breadcrumb\",\"itemListElement\":[{\"@type\":\"ListItem\",\"position\":1,\"name\":\"Portada\",\"item\":\"https:\/\/papelarte.com.uy\/minorista\/minorista\/\"},{\"@type\":\"ListItem\",\"position\":2,\"name\":\"Productos\",\"item\":\"https:\/\/papelarte.com.uy\/minorista\/minorista\/tienda\/\"},{\"@type\":\"ListItem\",\"position\":3,\"name\":\"Engrampadora maped greenlogic mini\"}]},{\"@type\":\"WebSite\",\"@id\":\"https:\/\/papelarte.com.uy\/minorista\/minorista\/#website\",\"url\":\"https:\/\/papelarte.com.uy\/minorista\/minorista\/\",\"name\":\"Papelarte\",\"description\":\"Papeler\u00eda Uruguay\",\"publisher\":{\"@id\":\"https:\/\/papelarte.com.uy\/minorista\/minorista\/#organization\"},\"potentialAction\":[{\"@type\":\"SearchAction\",\"target\":{\"@type\":\"EntryPoint\",\"urlTemplate\":\"https:\/\/papelarte.com.uy\/minorista\/minorista\/?s={search_term_string}\"},\"query-input\":{\"@type\":\"PropertyValueSpecification\",\"valueRequired\":true,\"valueName\":\"search_term_string\"}}],\"inLanguage\":\"es\"},{\"@type\":\"Organization\",\"@id\":\"https:\/\/papelarte.com.uy\/minorista\/minorista\/#organization\",\"name\":\"Papelarte\",\"url\":\"https:\/\/papelarte.com.uy\/minorista\/minorista\/\",\"logo\":{\"@type\":\"ImageObject\",\"inLanguage\":\"es\",\"@id\":\"https:\/\/papelarte.com.uy\/minorista\/minorista\/#\/schema\/logo\/image\/\",\"url\":\"https:\/\/papelarte.com.uy\/minorista\/wp-content\/uploads\/2023\/03\/logo-papelarte.png\",\"contentUrl\":\"https:\/\/papelarte.com.uy\/minorista\/wp-content\/uploads\/2023\/03\/logo-papelarte.png\",\"width\":568,\"height\":230,\"caption\":\"Papelarte\"},\"image\":{\"@id\":\"https:\/\/papelarte.com.uy\/minorista\/minorista\/#\/schema\/logo\/image\/\"}}]}<\/script>\n<!-- \/ Yoast SEO plugin. -->","yoast_head_json":{"title":"Engrampadora maped greenlogic mini - Papelarte","description":"Abrochadora ecol\u00f3gica fabricada con pl\u00e1stico 95% reciclado. Dise\u00f1o ergon\u00f3mico con indicador de carga de broches. Mecanismo anti-bloqueo para una mayor eficiencia. Se puede utilizar de forma vertical y horizontal. Utiliza broches 24\/6 y 26\/6.","robots":{"index":"index","follow":"follow","max-snippet":"max-snippet:-1","max-image-preview":"max-image-preview:large","max-video-preview":"max-video-preview:-1"},"canonical":"https:\/\/papelarte.com.uy\/minorista\/minorista\/producto\/engrapadora-maped-greenlogic-mini\/","og_locale":"es_ES","og_type":"article","og_title":"Engrampadora maped greenlogic mini - Papelarte","og_description":"Abrochadora ecol\u00f3gica fabricada con pl\u00e1stico 95% reciclado. Dise\u00f1o ergon\u00f3mico con indicador de carga de broches. Mecanismo anti-bloqueo para una mayor eficiencia. Se puede utilizar de forma vertical y horizontal. Utiliza broches 24\/6 y 26\/6.","og_url":"https:\/\/papelarte.com.uy\/minorista\/minorista\/producto\/engrapadora-maped-greenlogic-mini\/","og_site_name":"Papelarte","article_modified_time":"2024-07-31T18:30:52+00:00","og_image":[{"width":500,"height":500,"url":"https:\/\/papelarte.com.uy\/minorista\/minorista\/wp-content\/uploads\/2023\/06\/WhatsApp_Image_2023-06-07_at_10.50.05__4_-removebg-preview.png","type":"image\/png"}],"twitter_card":"summary_large_image","twitter_misc":{"Tiempo de lectura":"1 minuto"},"schema":{"@context":"https:\/\/schema.org","@graph":[{"@type":"WebPage","@id":"https:\/\/papelarte.com.uy\/minorista\/minorista\/producto\/engrapadora-maped-greenlogic-mini\/","url":"https:\/\/papelarte.com.uy\/minorista\/minorista\/producto\/engrapadora-maped-greenlogic-mini\/","name":"Engrampadora maped greenlogic mini - Papelarte","isPartOf":{"@id":"https:\/\/papelarte.com.uy\/minorista\/minorista\/#website"},"primaryImageOfPage":{"@id":"https:\/\/papelarte.com.uy\/minorista\/minorista\/producto\/engrapadora-maped-greenlogic-mini\/#primaryimage"},"image":{"@id":"https:\/\/papelarte.com.uy\/minorista\/minorista\/producto\/engrapadora-maped-greenlogic-mini\/#primaryimage"},"thumbnailUrl":"https:\/\/papelarte.com.uy\/minorista\/wp-content\/uploads\/2023\/06\/WhatsApp_Image_2023-06-07_at_10.50.05__4_-removebg-preview.png","datePublished":"2023-06-27T14:53:45+00:00","dateModified":"2024-07-31T18:30:52+00:00","description":"Abrochadora ecol\u00f3gica fabricada con pl\u00e1stico 95% reciclado. Dise\u00f1o ergon\u00f3mico con indicador de carga de broches. Mecanismo anti-bloqueo para una mayor eficiencia. Se puede utilizar de forma vertical y horizontal. Utiliza broches 24\/6 y 26\/6.","breadcrumb":{"@id":"https:\/\/papelarte.com.uy\/minorista\/minorista\/producto\/engrapadora-maped-greenlogic-mini\/#breadcrumb"},"inLanguage":"es","potentialAction":[{"@type":"ReadAction","target":["https:\/\/papelarte.com.uy\/minorista\/minorista\/producto\/engrapadora-maped-greenlogic-mini\/"]}]},{"@type":"ImageObject","inLanguage":"es","@id":"https:\/\/papelarte.com.uy\/minorista\/minorista\/producto\/engrapadora-maped-greenlogic-mini\/#primaryimage","url":"https:\/\/papelarte.com.uy\/minorista\/wp-content\/uploads\/2023\/06\/WhatsApp_Image_2023-06-07_at_10.50.05__4_-removebg-preview.png","contentUrl":"https:\/\/papelarte.com.uy\/minorista\/wp-content\/uploads\/2023\/06\/WhatsApp_Image_2023-06-07_at_10.50.05__4_-removebg-preview.png","width":500,"height":500,"caption":"Engrapadora maped greenlogic mini"},{"@type":"BreadcrumbList","@id":"https:\/\/papelarte.com.uy\/minorista\/minorista\/producto\/engrapadora-maped-greenlogic-mini\/#breadcrumb","itemListElement":[{"@type":"ListItem","position":1,"name":"Portada","item":"https:\/\/papelarte.com.uy\/minorista\/minorista\/"},{"@type":"ListItem","position":2,"name":"Productos","item":"https:\/\/papelarte.com.uy\/minorista\/minorista\/tienda\/"},{"@type":"ListItem","position":3,"name":"Engrampadora maped greenlogic mini"}]},{"@type":"WebSite","@id":"https:\/\/papelarte.com.uy\/minorista\/minorista\/#website","url":"https:\/\/papelarte.com.uy\/minorista\/minorista\/","name":"Papelarte","description":"Papeler\u00eda Uruguay","publisher":{"@id":"https:\/\/papelarte.com.uy\/minorista\/minorista\/#organization"},"potentialAction":[{"@type":"SearchAction","target":{"@type":"EntryPoint","urlTemplate":"https:\/\/papelarte.com.uy\/minorista\/minorista\/?s={search_term_string}"},"query-input":{"@type":"PropertyValueSpecification","valueRequired":true,"valueName":"search_term_string"}}],"inLanguage":"es"},{"@type":"Organization","@id":"https:\/\/papelarte.com.uy\/minorista\/minorista\/#organization","name":"Papelarte","url":"https:\/\/papelarte.com.uy\/minorista\/minorista\/","logo":{"@type":"ImageObject","inLanguage":"es","@id":"https:\/\/papelarte.com.uy\/minorista\/minorista\/#\/schema\/logo\/image\/","url":"https:\/\/papelarte.com.uy\/minorista\/wp-content\/uploads\/2023\/03\/logo-papelarte.png","contentUrl":"https:\/\/papelarte.com.uy\/minorista\/wp-content\/uploads\/2023\/03\/logo-papelarte.png","width":568,"height":230,"caption":"Papelarte"},"image":{"@id":"https:\/\/papelarte.com.uy\/minorista\/minorista\/#\/schema\/logo\/image\/"}}]}},"_links":{"self":[{"href":"https:\/\/papelarte.com.uy\/minorista\/wp-json\/wp\/v2\/product\/10603","targetHints":{"allow":["GET"]}}],"collection":[{"href":"https:\/\/papelarte.com.uy\/minorista\/wp-json\/wp\/v2\/product"}],"about":[{"href":"https:\/\/papelarte.com.uy\/minorista\/wp-json\/wp\/v2\/types\/product"}],"replies":[{"embeddable":true,"href":"https:\/\/papelarte.com.uy\/minorista\/wp-json\/wp\/v2\/comments?post=10603"}],"wp:featuredmedia":[{"embeddable":true,"href":"https:\/\/papelarte.com.uy\/minorista\/wp-json\/wp\/v2\/media\/10604"}],"wp:attachment":[{"href":"https:\/\/papelarte.com.uy\/minorista\/wp-json\/wp\/v2\/media?parent=10603"}],"wp:term":[{"taxonomy":"product_brand","embeddable":true,"href":"https:\/\/papelarte.com.uy\/minorista\/wp-json\/wp\/v2\/product_brand?post=10603"},{"taxonomy":"product_cat","embeddable":true,"href":"https:\/\/papelarte.com.uy\/minorista\/wp-json\/wp\/v2\/product_cat?post=10603"},{"taxonomy":"product_tag","embeddable":true,"href":"https:\/\/papelarte.com.uy\/minorista\/wp-json\/wp\/v2\/product_tag?post=10603"}],"curies":[{"name":"wp","href":"https:\/\/api.w.org\/{rel}","templated":true}]}}