{"id":6320,"date":"2023-03-24T03:30:48","date_gmt":"2023-03-24T03:30:48","guid":{"rendered":"http:\/\/papelarte.com.uy\/\/?page_id=6320"},"modified":"2023-04-22T05:39:33","modified_gmt":"2023-04-22T05:39:33","slug":"nosotros","status":"publish","type":"page","link":"https:\/\/papelarte.com.uy\/minorista\/nosotros\/","title":{"rendered":"Nosotros"},"content":{"rendered":"\t\t<div data-elementor-type=\"wp-page\" data-elementor-id=\"6320\" class=\"elementor elementor-6320\" data-elementor-post-type=\"page\">\n\t\t\t\t\t\t<section data-particle_enable=\"false\" data-particle-mobile-disabled=\"false\" class=\"elementor-section elementor-top-section elementor-element elementor-element-49a2183 elementor-section-boxed elementor-section-height-default elementor-section-height-default\" data-id=\"49a2183\" data-element_type=\"section\" data-settings=\"{&quot;background_background&quot;:&quot;classic&quot;}\">\n\t\t\t\t\t\t\t<div class=\"elementor-background-overlay\"><\/div>\n\t\t\t\t\t\t\t<div class=\"elementor-container elementor-column-gap-default\">\n\t\t\t\t\t<div class=\"elementor-column elementor-col-100 elementor-top-column elementor-element elementor-element-b8be82d\" data-id=\"b8be82d\" data-element_type=\"column\">\n\t\t\t<div class=\"elementor-widget-wrap elementor-element-populated\">\n\t\t\t\t\t\t\t<\/div>\n\t\t<\/div>\n\t\t\t\t\t<\/div>\n\t\t<\/section>\n\t\t\t\t<section data-particle_enable=\"false\" data-particle-mobile-disabled=\"false\" class=\"elementor-section elementor-top-section elementor-element elementor-element-42b422ef elementor-section-boxed elementor-section-height-default elementor-section-height-default\" data-id=\"42b422ef\" data-element_type=\"section\">\n\t\t\t\t\t\t<div class=\"elementor-container elementor-column-gap-default\">\n\t\t\t\t\t<div class=\"elementor-column elementor-col-100 elementor-top-column elementor-element elementor-element-3005a3cf\" data-id=\"3005a3cf\" data-element_type=\"column\">\n\t\t\t<div class=\"elementor-widget-wrap elementor-element-populated\">\n\t\t\t\t\t\t<section data-particle_enable=\"false\" data-particle-mobile-disabled=\"false\" class=\"elementor-section elementor-inner-section elementor-element elementor-element-36b8ab6 elementor-section-boxed elementor-section-height-default elementor-section-height-default\" data-id=\"36b8ab6\" data-element_type=\"section\">\n\t\t\t\t\t\t<div class=\"elementor-container elementor-column-gap-default\">\n\t\t\t\t\t<div class=\"elementor-column elementor-col-50 elementor-inner-column elementor-element elementor-element-9e82572\" data-id=\"9e82572\" data-element_type=\"column\">\n\t\t\t<div class=\"elementor-widget-wrap elementor-element-populated\">\n\t\t\t\t\t\t<div class=\"elementor-element elementor-element-1fdfc38f elementor-widget elementor-widget-text-editor\" data-id=\"1fdfc38f\" data-element_type=\"widget\" data-widget_type=\"text-editor.default\">\n\t\t\t\t<div class=\"elementor-widget-container\">\n\t\t\t\t\t\t\t\t\t\n<p>Somos una empresa familiar en el rubro papeler\u00eda, arte y jugueter\u00eda de l\u00ednea escolar, art\u00edstica, comercial y t\u00e9cnica, con 38 a\u00f1os de experiencia en plaza.<\/p>\n<p>En nuestros dos puntos de venta llegamos al publico en general, brind\u00e1ndoles las mejores marcas, precio, calidad y el mejor asesoramiento con un esmerado trabajo desde la elecci\u00f3n de art\u00edculos hasta la mejor soluci\u00f3n a las necesidades del cliente.<\/p>\n<p>Somos proveedores a empresas, comercios e instituciones educativas, ofreci\u00e9ndoles la mejor soluci\u00f3n integral a sus necesidades con precios mayoristas y excelencia en sus pedidos.<\/p>\n<p>Nuestra base es el respeto, la honestidad, el compromiso y el trabajo en equipo, aspirando a la excelencia.<\/p>\n<p>\u00a0<\/p>\n\t\t\t\t\t\t\t\t<\/div>\n\t\t\t\t<\/div>\n\t\t\t\t\t<\/div>\n\t\t<\/div>\n\t\t\t\t<div class=\"elementor-column elementor-col-50 elementor-inner-column elementor-element elementor-element-fdccff1 elementor-invisible\" data-id=\"fdccff1\" data-element_type=\"column\" data-settings=\"{&quot;animation&quot;:&quot;fadeInRight&quot;}\">\n\t\t\t<div class=\"elementor-widget-wrap elementor-element-populated\">\n\t\t\t\t\t\t<div class=\"elementor-element elementor-element-b4dd0c1 elementor-widget elementor-widget-image\" data-id=\"b4dd0c1\" data-element_type=\"widget\" data-widget_type=\"image.default\">\n\t\t\t\t<div class=\"elementor-widget-container\">\n\t\t\t\t\t\t\t\t\t\t\t\t\t\t\t<img fetchpriority=\"high\" decoding=\"async\" width=\"742\" height=\"578\" src=\"https:\/\/papelarte.com.uy\/minorista\/wp-content\/uploads\/2023\/03\/papelarte-nosotros-compressed.jpg\" class=\"attachment-large size-large wp-image-6322\" alt=\"\" srcset=\"https:\/\/papelarte.com.uy\/minorista\/wp-content\/uploads\/2023\/03\/papelarte-nosotros-compressed.jpg 742w, https:\/\/papelarte.com.uy\/minorista\/wp-content\/uploads\/2023\/03\/papelarte-nosotros-compressed-300x234.jpg 300w, https:\/\/papelarte.com.uy\/minorista\/wp-content\/uploads\/2023\/03\/papelarte-nosotros-compressed-39x30.jpg 39w, https:\/\/papelarte.com.uy\/minorista\/wp-content\/uploads\/2023\/03\/papelarte-nosotros-compressed-77x60.jpg 77w, https:\/\/papelarte.com.uy\/minorista\/wp-content\/uploads\/2023\/03\/papelarte-nosotros-compressed-600x467.jpg 600w\" sizes=\"(max-width: 742px) 100vw, 742px\" \/>\t\t\t\t\t\t\t\t\t\t\t\t\t\t\t<\/div>\n\t\t\t\t<\/div>\n\t\t\t\t\t<\/div>\n\t\t<\/div>\n\t\t\t\t\t<\/div>\n\t\t<\/section>\n\t\t\t\t<section data-particle_enable=\"false\" data-particle-mobile-disabled=\"false\" class=\"elementor-section elementor-inner-section elementor-element elementor-element-5ebef4a elementor-section-boxed elementor-section-height-default elementor-section-height-default\" data-id=\"5ebef4a\" data-element_type=\"section\">\n\t\t\t\t\t\t<div class=\"elementor-container elementor-column-gap-default\">\n\t\t\t\t\t<div class=\"elementor-column elementor-col-100 elementor-inner-column elementor-element elementor-element-eae938a\" data-id=\"eae938a\" data-element_type=\"column\">\n\t\t\t<div class=\"elementor-widget-wrap elementor-element-populated\">\n\t\t\t\t\t\t<div class=\"elementor-element elementor-element-e98b6eb elementor-widget elementor-widget-text-editor\" data-id=\"e98b6eb\" data-element_type=\"widget\" data-widget_type=\"text-editor.default\">\n\t\t\t\t<div class=\"elementor-widget-container\">\n\t\t\t\t\t\t\t\t\t\n<p><strong>Gracias por su visita los esperamos siempre renovados!<\/strong><\/p>\n\t\t\t\t\t\t\t\t<\/div>\n\t\t\t\t<\/div>\n\t\t\t\t\t<\/div>\n\t\t<\/div>\n\t\t\t\t\t<\/div>\n\t\t<\/section>\n\t\t\t\t\t<\/div>\n\t\t<\/div>\n\t\t\t\t\t<\/div>\n\t\t<\/section>\n\t\t\t\t<\/div>\n\t\t","protected":false},"excerpt":{"rendered":"<p>Somos una empresa familiar en el rubro papeler\u00eda, arte y jugueter\u00eda de l\u00ednea escolar, art\u00edstica, comercial y t\u00e9cnica, con 38 a\u00f1os de experiencia en plaza. En nuestros dos puntos de venta llegamos al publico en general, brind\u00e1ndoles las mejores marcas, precio, calidad y el mejor asesoramiento con un esmerado trabajo desde la elecci\u00f3n de art\u00edculos [&hellip;]<\/p>\n","protected":false},"author":1,"featured_media":0,"parent":0,"menu_order":0,"comment_status":"closed","ping_status":"closed","template":"","meta":{"_joinchat":[],"footnotes":""},"class_list":["post-6320","page","type-page","status-publish","hentry"],"yoast_head":"<!-- This site is optimized with the Yoast SEO plugin v26.5 - https:\/\/yoast.com\/wordpress\/plugins\/seo\/ -->\n<title>Nosotros - Papelarte<\/title>\n<meta name=\"robots\" content=\"index, follow, max-snippet:-1, max-image-preview:large, max-video-preview:-1\" \/>\n<link rel=\"canonical\" href=\"https:\/\/papelarte.com.uy\/minorista\/minorista\/nosotros\/\" \/>\n<meta property=\"og:locale\" content=\"es_ES\" \/>\n<meta property=\"og:type\" content=\"article\" \/>\n<meta property=\"og:title\" content=\"Nosotros - Papelarte\" \/>\n<meta property=\"og:description\" content=\"Somos una empresa familiar en el rubro papeler\u00eda, arte y jugueter\u00eda de l\u00ednea escolar, art\u00edstica, comercial y t\u00e9cnica, con 38 a\u00f1os de experiencia en plaza. En nuestros dos puntos de venta llegamos al publico en general, brind\u00e1ndoles las mejores marcas, precio, calidad y el mejor asesoramiento con un esmerado trabajo desde la elecci\u00f3n de art\u00edculos [&hellip;]\" \/>\n<meta property=\"og:url\" content=\"https:\/\/papelarte.com.uy\/minorista\/minorista\/nosotros\/\" \/>\n<meta property=\"og:site_name\" content=\"Papelarte\" \/>\n<meta property=\"article:modified_time\" content=\"2023-04-22T05:39:33+00:00\" \/>\n<meta property=\"og:image\" content=\"http:\/\/papelarte.com.uy\/\/wp-content\/uploads\/2023\/03\/papelarte-nosotros-compressed.jpg\" \/>\n<meta name=\"twitter:card\" content=\"summary_large_image\" \/>\n<meta name=\"twitter:label1\" content=\"Tiempo de lectura\" \/>\n\t<meta name=\"twitter:data1\" content=\"1 minuto\" \/>\n<script type=\"application\/ld+json\" class=\"yoast-schema-graph\">{\"@context\":\"https:\/\/schema.org\",\"@graph\":[{\"@type\":\"WebPage\",\"@id\":\"https:\/\/papelarte.com.uy\/minorista\/minorista\/nosotros\/\",\"url\":\"https:\/\/papelarte.com.uy\/minorista\/minorista\/nosotros\/\",\"name\":\"Nosotros - Papelarte\",\"isPartOf\":{\"@id\":\"https:\/\/papelarte.com.uy\/minorista\/minorista\/#website\"},\"primaryImageOfPage\":{\"@id\":\"https:\/\/papelarte.com.uy\/minorista\/minorista\/nosotros\/#primaryimage\"},\"image\":{\"@id\":\"https:\/\/papelarte.com.uy\/minorista\/minorista\/nosotros\/#primaryimage\"},\"thumbnailUrl\":\"http:\/\/papelarte.com.uy\/\/wp-content\/uploads\/2023\/03\/papelarte-nosotros-compressed.jpg\",\"datePublished\":\"2023-03-24T03:30:48+00:00\",\"dateModified\":\"2023-04-22T05:39:33+00:00\",\"breadcrumb\":{\"@id\":\"https:\/\/papelarte.com.uy\/minorista\/minorista\/nosotros\/#breadcrumb\"},\"inLanguage\":\"es\",\"potentialAction\":[{\"@type\":\"ReadAction\",\"target\":[\"https:\/\/papelarte.com.uy\/minorista\/minorista\/nosotros\/\"]}]},{\"@type\":\"ImageObject\",\"inLanguage\":\"es\",\"@id\":\"https:\/\/papelarte.com.uy\/minorista\/minorista\/nosotros\/#primaryimage\",\"url\":\"http:\/\/papelarte.com.uy\/\/wp-content\/uploads\/2023\/03\/papelarte-nosotros-compressed.jpg\",\"contentUrl\":\"http:\/\/papelarte.com.uy\/\/wp-content\/uploads\/2023\/03\/papelarte-nosotros-compressed.jpg\"},{\"@type\":\"BreadcrumbList\",\"@id\":\"https:\/\/papelarte.com.uy\/minorista\/minorista\/nosotros\/#breadcrumb\",\"itemListElement\":[{\"@type\":\"ListItem\",\"position\":1,\"name\":\"Portada\",\"item\":\"https:\/\/papelarte.com.uy\/minorista\/minorista\/\"},{\"@type\":\"ListItem\",\"position\":2,\"name\":\"Nosotros\"}]},{\"@type\":\"WebSite\",\"@id\":\"https:\/\/papelarte.com.uy\/minorista\/minorista\/#website\",\"url\":\"https:\/\/papelarte.com.uy\/minorista\/minorista\/\",\"name\":\"Papelarte\",\"description\":\"Papeler\u00eda Uruguay\",\"publisher\":{\"@id\":\"https:\/\/papelarte.com.uy\/minorista\/minorista\/#organization\"},\"potentialAction\":[{\"@type\":\"SearchAction\",\"target\":{\"@type\":\"EntryPoint\",\"urlTemplate\":\"https:\/\/papelarte.com.uy\/minorista\/minorista\/?s={search_term_string}\"},\"query-input\":{\"@type\":\"PropertyValueSpecification\",\"valueRequired\":true,\"valueName\":\"search_term_string\"}}],\"inLanguage\":\"es\"},{\"@type\":\"Organization\",\"@id\":\"https:\/\/papelarte.com.uy\/minorista\/minorista\/#organization\",\"name\":\"Papelarte\",\"url\":\"https:\/\/papelarte.com.uy\/minorista\/minorista\/\",\"logo\":{\"@type\":\"ImageObject\",\"inLanguage\":\"es\",\"@id\":\"https:\/\/papelarte.com.uy\/minorista\/minorista\/#\/schema\/logo\/image\/\",\"url\":\"https:\/\/papelarte.com.uy\/minorista\/wp-content\/uploads\/2023\/03\/logo-papelarte.png\",\"contentUrl\":\"https:\/\/papelarte.com.uy\/minorista\/wp-content\/uploads\/2023\/03\/logo-papelarte.png\",\"width\":568,\"height\":230,\"caption\":\"Papelarte\"},\"image\":{\"@id\":\"https:\/\/papelarte.com.uy\/minorista\/minorista\/#\/schema\/logo\/image\/\"}}]}<\/script>\n<!-- \/ Yoast SEO plugin. -->","yoast_head_json":{"title":"Nosotros - Papelarte","robots":{"index":"index","follow":"follow","max-snippet":"max-snippet:-1","max-image-preview":"max-image-preview:large","max-video-preview":"max-video-preview:-1"},"canonical":"https:\/\/papelarte.com.uy\/minorista\/minorista\/nosotros\/","og_locale":"es_ES","og_type":"article","og_title":"Nosotros - Papelarte","og_description":"Somos una empresa familiar en el rubro papeler\u00eda, arte y jugueter\u00eda de l\u00ednea escolar, art\u00edstica, comercial y t\u00e9cnica, con 38 a\u00f1os de experiencia en plaza. En nuestros dos puntos de venta llegamos al publico en general, brind\u00e1ndoles las mejores marcas, precio, calidad y el mejor asesoramiento con un esmerado trabajo desde la elecci\u00f3n de art\u00edculos [&hellip;]","og_url":"https:\/\/papelarte.com.uy\/minorista\/minorista\/nosotros\/","og_site_name":"Papelarte","article_modified_time":"2023-04-22T05:39:33+00:00","og_image":[{"url":"http:\/\/papelarte.com.uy\/\/wp-content\/uploads\/2023\/03\/papelarte-nosotros-compressed.jpg","type":"","width":"","height":""}],"twitter_card":"summary_large_image","twitter_misc":{"Tiempo de lectura":"1 minuto"},"schema":{"@context":"https:\/\/schema.org","@graph":[{"@type":"WebPage","@id":"https:\/\/papelarte.com.uy\/minorista\/minorista\/nosotros\/","url":"https:\/\/papelarte.com.uy\/minorista\/minorista\/nosotros\/","name":"Nosotros - Papelarte","isPartOf":{"@id":"https:\/\/papelarte.com.uy\/minorista\/minorista\/#website"},"primaryImageOfPage":{"@id":"https:\/\/papelarte.com.uy\/minorista\/minorista\/nosotros\/#primaryimage"},"image":{"@id":"https:\/\/papelarte.com.uy\/minorista\/minorista\/nosotros\/#primaryimage"},"thumbnailUrl":"http:\/\/papelarte.com.uy\/\/wp-content\/uploads\/2023\/03\/papelarte-nosotros-compressed.jpg","datePublished":"2023-03-24T03:30:48+00:00","dateModified":"2023-04-22T05:39:33+00:00","breadcrumb":{"@id":"https:\/\/papelarte.com.uy\/minorista\/minorista\/nosotros\/#breadcrumb"},"inLanguage":"es","potentialAction":[{"@type":"ReadAction","target":["https:\/\/papelarte.com.uy\/minorista\/minorista\/nosotros\/"]}]},{"@type":"ImageObject","inLanguage":"es","@id":"https:\/\/papelarte.com.uy\/minorista\/minorista\/nosotros\/#primaryimage","url":"http:\/\/papelarte.com.uy\/\/wp-content\/uploads\/2023\/03\/papelarte-nosotros-compressed.jpg","contentUrl":"http:\/\/papelarte.com.uy\/\/wp-content\/uploads\/2023\/03\/papelarte-nosotros-compressed.jpg"},{"@type":"BreadcrumbList","@id":"https:\/\/papelarte.com.uy\/minorista\/minorista\/nosotros\/#breadcrumb","itemListElement":[{"@type":"ListItem","position":1,"name":"Portada","item":"https:\/\/papelarte.com.uy\/minorista\/minorista\/"},{"@type":"ListItem","position":2,"name":"Nosotros"}]},{"@type":"WebSite","@id":"https:\/\/papelarte.com.uy\/minorista\/minorista\/#website","url":"https:\/\/papelarte.com.uy\/minorista\/minorista\/","name":"Papelarte","description":"Papeler\u00eda Uruguay","publisher":{"@id":"https:\/\/papelarte.com.uy\/minorista\/minorista\/#organization"},"potentialAction":[{"@type":"SearchAction","target":{"@type":"EntryPoint","urlTemplate":"https:\/\/papelarte.com.uy\/minorista\/minorista\/?s={search_term_string}"},"query-input":{"@type":"PropertyValueSpecification","valueRequired":true,"valueName":"search_term_string"}}],"inLanguage":"es"},{"@type":"Organization","@id":"https:\/\/papelarte.com.uy\/minorista\/minorista\/#organization","name":"Papelarte","url":"https:\/\/papelarte.com.uy\/minorista\/minorista\/","logo":{"@type":"ImageObject","inLanguage":"es","@id":"https:\/\/papelarte.com.uy\/minorista\/minorista\/#\/schema\/logo\/image\/","url":"https:\/\/papelarte.com.uy\/minorista\/wp-content\/uploads\/2023\/03\/logo-papelarte.png","contentUrl":"https:\/\/papelarte.com.uy\/minorista\/wp-content\/uploads\/2023\/03\/logo-papelarte.png","width":568,"height":230,"caption":"Papelarte"},"image":{"@id":"https:\/\/papelarte.com.uy\/minorista\/minorista\/#\/schema\/logo\/image\/"}}]}},"_links":{"self":[{"href":"https:\/\/papelarte.com.uy\/minorista\/wp-json\/wp\/v2\/pages\/6320","targetHints":{"allow":["GET"]}}],"collection":[{"href":"https:\/\/papelarte.com.uy\/minorista\/wp-json\/wp\/v2\/pages"}],"about":[{"href":"https:\/\/papelarte.com.uy\/minorista\/wp-json\/wp\/v2\/types\/page"}],"author":[{"embeddable":true,"href":"https:\/\/papelarte.com.uy\/minorista\/wp-json\/wp\/v2\/users\/1"}],"replies":[{"embeddable":true,"href":"https:\/\/papelarte.com.uy\/minorista\/wp-json\/wp\/v2\/comments?post=6320"}],"version-history":[{"count":0,"href":"https:\/\/papelarte.com.uy\/minorista\/wp-json\/wp\/v2\/pages\/6320\/revisions"}],"wp:attachment":[{"href":"https:\/\/papelarte.com.uy\/minorista\/wp-json\/wp\/v2\/media?parent=6320"}],"curies":[{"name":"wp","href":"https:\/\/api.w.org\/{rel}","templated":true}]}}